{"id":23163,"date":"2025-08-26T07:55:13","date_gmt":"2025-08-26T07:55:13","guid":{"rendered":"https:\/\/v2smt.com\/?post_type=product&#038;p=23163"},"modified":"2025-08-26T08:12:01","modified_gmt":"2025-08-26T08:12:01","slug":"fully-automatic-pcb-cleaning-machine-v1400","status":"publish","type":"product","link":"https:\/\/v2smt.com\/pt\/products\/fully-automatic-pcb-cleaning-machine-v1400\/","title":{"rendered":"M\u00e1quina de limpeza de PCB totalmente autom\u00e1tica V1400"},"content":{"rendered":"<h1>M\u00e1quina de limpeza de PCB totalmente autom\u00e1tica V1400<\/h1>\n<p><strong>Sistema de limpeza de PCB de precis\u00e3o: Tecnologia de ultra-sons + spray <\/strong><\/p>\n<p><strong>- Gest\u00e3o automatizada de fluidos <\/strong><\/p>\n<p><strong>- Filtra\u00e7\u00e3o em circuito fechado (esferas de estanho contidas) <\/strong><\/p>\n<p><strong>- Reciclagem de detergentes <\/strong><\/p>\n<p><strong>- Supervis\u00e3o visual simples <\/strong><\/p>\n<p><strong>- Controlo PLC totalmente automatizado <\/strong><\/p>\n<p><strong>- Funcionamento eficiente em termos energ\u00e9ticos <\/strong><\/p>\n<p><strong>- Constru\u00e7\u00e3o em a\u00e7o inoxid\u00e1vel resistente <\/strong><\/p>\n<p><strong>- Design seguro do raspador<\/strong><\/p>\n<table width=\"1112\">\n<tbody>\n<tr>\n<td width=\"231\"><b>Di\u00e2metro do cesto de limpeza<\/b><\/td>\n<td width=\"280\"><b>210mm, especifica\u00e7\u00f5es especiais podem ser personalizadas<\/b><\/td>\n<td width=\"246\"><b>Princ\u00edpio de limpeza<\/b><\/td>\n<td width=\"354\"><b>Limpeza por pulveriza\u00e7\u00e3o a alta press\u00e3o + limpeza por ultra-sons de imers\u00e3o rotativa a baixa velocidade<\/b><\/td>\n<\/tr>\n<tr>\n<td width=\"231\">Capacidade do dep\u00f3sito de l\u00edquido de limpeza e enxaguamento<\/td>\n<td width=\"280\">60L<\/td>\n<td width=\"246\">Capacidade \u00f3ptima do dep\u00f3sito de l\u00edquido de limpeza e de enxaguamento<\/td>\n<td width=\"354\">45L<\/td>\n<\/tr>\n<tr>\n<td width=\"231\">Tempo de lavagem grosseira<\/td>\n<td width=\"280\">1-3 minutos (apenas para refer\u00eancia)<\/td>\n<td width=\"246\">Tempo de limpeza por ultra-sons<\/td>\n<td width=\"354\">3-8 minutos (apenas para refer\u00eancia)<\/td>\n<\/tr>\n<tr>\n<td width=\"231\">Tempo de limpeza por pulveriza\u00e7\u00e3o secund\u00e1ria<\/td>\n<td width=\"280\">1-3 minutos (apenas para refer\u00eancia)<\/td>\n<td width=\"246\">Tempo de enxaguamento e de lavagem<\/td>\n<td width=\"354\">1-3 minutos (apenas para refer\u00eancia)<\/td>\n<\/tr>\n<tr>\n<td width=\"231\">Tempo de secagem<\/td>\n<td width=\"280\">3-7 minutos (apenas para refer\u00eancia)<\/td>\n<td width=\"246\">Temperatura de aquecimento do l\u00edquido<\/td>\n<td width=\"354\">Temperatura ambiente - 80P (definir conforme necess\u00e1rio)<\/td>\n<\/tr>\n<tr>\n<td width=\"231\">Pot\u00eancia ultra-s\u00f3nica<\/td>\n<td width=\"280\">1.5KW<\/td>\n<td width=\"246\">Temperatura de secagem com ar quente<\/td>\n<td width=\"354\">Temperatura ambiente - 80P (definir conforme necess\u00e1rio)<\/td>\n<\/tr>\n<tr>\n<td width=\"231\">Pot\u00eancia de aquecimento do tanque de solventes<\/td>\n<td width=\"280\">7KW<\/td>\n<td width=\"246\">Pot\u00eancia do aquecedor a seco<\/td>\n<td width=\"354\">6KW<\/td>\n<\/tr>\n<tr>\n<td width=\"231\">Fonte de g\u00e1s<\/td>\n<td width=\"280\">0,4-0,7(Mpa)<\/td>\n<td width=\"246\">Entrada e sa\u00edda de \u00e1gua<\/td>\n<td width=\"354\">Interface de jun\u00e7\u00e3o r\u00e1pida de 1 polegada<\/td>\n<\/tr>\n<tr>\n<td width=\"231\">fonte de alimenta\u00e7\u00e3o<\/td>\n<td width=\"280\">AC380V 3P, 50\/60HZ 16,5KW<\/td>\n<td width=\"246\">Peso da m\u00e1quina<\/td>\n<td width=\"354\">320KG<\/td>\n<\/tr>\n<tr>\n<td width=\"231\">Tamanho da m\u00e1quina<\/td>\n<td width=\"280\">L1400xW950xH1350\u00b130mm<\/td>\n<td width=\"246\">Tamanho da porta de escape<\/td>\n<td width=\"354\">\u03a6120*25H(mm)<\/td>\n<\/tr>\n<tr>\n<td width=\"231\">Sistema de filtragem de n\u00edvel 3<\/td>\n<td colspan=\"3\" width=\"881\">N\u00edvel 1 malha de filtro (filtra impurezas e etiquetas) N\u00edvel 2 saco de filtro (filtra pequenas part\u00edculas e pasta de solda) N\u00edvel 3 elemento de filtro 5um (filtra micro part\u00edculas e pasta de solda)<\/td>\n<\/tr>\n<tr>\n<td width=\"231\">N\u00famero de limpezas de uma s\u00f3 vez<\/td>\n<td colspan=\"3\" width=\"881\">200-600mm de comprimento, limpar 12-6 pe\u00e7as respetivamente<\/td>\n<\/tr>\n<\/tbody>\n<\/table>","protected":false},"excerpt":{"rendered":"<h2>M\u00e1quina de limpeza de PCB totalmente autom\u00e1tica V1400<\/h2>\n<p>O inovador sistema de ultra-sons rotativo emparelhado com pulveriza\u00e7\u00e3o secund\u00e1ria garante uma limpeza completa de PCB. As carater\u00edsticas incluem distribui\u00e7\u00e3o\/drenagem autom\u00e1tica de l\u00edquido atrav\u00e9s de bomba pneum\u00e1tica, enxaguamento filtrado em tempo real que mant\u00e9m os gr\u00e2nulos de estanho fora das superf\u00edcies do raspador, extra\u00e7\u00e3o de pasta de solda para reciclagem do agente de limpeza e uma janela de visualiza\u00e7\u00e3o para monitoriza\u00e7\u00e3o do processo. Funciona atrav\u00e9s de um PLC com v\u00e1rios modos program\u00e1veis para maior simplicidade. Proporciona um baixo consumo de l\u00edquido\/energia e zero polui\u00e7\u00e3o devido \u00e0 sua estrutura dur\u00e1vel em a\u00e7o inoxid\u00e1vel 304, enquanto a instala\u00e7\u00e3o exclusiva do raspador antiderrapante aumenta a seguran\u00e7a.<\/p>","protected":false},"featured_media":23162,"comment_status":"closed","ping_status":"closed","template":"","meta":{"iawp_total_views":50},"etheme_brands":[],"product_brand":[],"product_cat":[182],"product_tag":[],"class_list":{"0":"post-23163","1":"product","2":"type-product","3":"status-publish","4":"has-post-thumbnail","6":"product_cat-pcb-cleaning-machine","8":"first","9":"instock","10":"shipping-taxable","11":"product-type-simple"},"_links":{"self":[{"href":"https:\/\/v2smt.com\/pt\/wp-json\/wp\/v2\/product\/23163","targetHints":{"allow":["GET"]}}],"collection":[{"href":"https:\/\/v2smt.com\/pt\/wp-json\/wp\/v2\/product"}],"about":[{"href":"https:\/\/v2smt.com\/pt\/wp-json\/wp\/v2\/types\/product"}],"replies":[{"embeddable":true,"href":"https:\/\/v2smt.com\/pt\/wp-json\/wp\/v2\/comments?post=23163"}],"version-history":[{"count":0,"href":"https:\/\/v2smt.com\/pt\/wp-json\/wp\/v2\/product\/23163\/revisions"}],"wp:featuredmedia":[{"embeddable":true,"href":"https:\/\/v2smt.com\/pt\/wp-json\/wp\/v2\/media\/23162"}],"wp:attachment":[{"href":"https:\/\/v2smt.com\/pt\/wp-json\/wp\/v2\/media?parent=23163"}],"wp:term":[{"taxonomy":"brand","embeddable":true,"href":"https:\/\/v2smt.com\/pt\/wp-json\/wp\/v2\/etheme_brands?post=23163"},{"taxonomy":"product_brand","embeddable":true,"href":"https:\/\/v2smt.com\/pt\/wp-json\/wp\/v2\/product_brand?post=23163"},{"taxonomy":"product_cat","embeddable":true,"href":"https:\/\/v2smt.com\/pt\/wp-json\/wp\/v2\/product_cat?post=23163"},{"taxonomy":"product_tag","embeddable":true,"href":"https:\/\/v2smt.com\/pt\/wp-json\/wp\/v2\/product_tag?post=23163"}],"curies":[{"name":"wp","href":"https:\/\/api.w.org\/{rel}","templated":true}]}}