{"id":23002,"date":"2025-05-09T07:20:30","date_gmt":"2025-05-09T07:20:30","guid":{"rendered":"https:\/\/v2smt.com\/?post_type=product&#038;p=23002"},"modified":"2025-05-09T07:21:20","modified_gmt":"2025-05-09T07:21:20","slug":"hamamatsu-industrial-microfocus-x-ray-tubes","status":"publish","type":"product","link":"https:\/\/v2smt.com\/pt\/products\/hamamatsu-industrial-microfocus-x-ray-tubes\/","title":{"rendered":"Tubos de raios X de microfoco industrial da Hamamatsu"},"content":{"rendered":"<p>Tubos de raios X de microfoco industrial da Hamamatsu<br \/>\nTubos de raios X industriais de microfoco Hamamatsu A Hamamatsu Photonics, l\u00edder mundial em tecnologia optoelectr\u00f3nica, oferece tubos de raios X industriais de microfoco de \u00faltima gera\u00e7\u00e3o, concebidos para imagiologia de precis\u00e3o e ensaios n\u00e3o destrutivos (NDT). Estes tubos de elevado desempenho fornecem pontos focais excecionalmente finos (t\u00e3o pequenos como 1 m\u00edcron), permitindo a obten\u00e7\u00e3o de imagens de resolu\u00e7\u00e3o ultra elevada para aplica\u00e7\u00f5es em inspe\u00e7\u00e3o eletr\u00f3nica, an\u00e1lise de materiais comp\u00f3sitos e avalia\u00e7\u00e3o de componentes aeroespaciais. Concebidos com uma gest\u00e3o t\u00e9rmica avan\u00e7ada e um controlo est\u00e1vel do feixe de electr\u00f5es, asseguram uma fiabilidade operacional prolongada em condi\u00e7\u00f5es industriais exigentes. Com gamas de tens\u00e3o personaliz\u00e1veis (30-225 kV) e corrente de feixe optimizada, os tubos da Hamamatsu suportam diversos fluxos de trabalho, desde a dete\u00e7\u00e3o de defeitos em PCB at\u00e9 ao controlo de qualidade de baterias. O seu design compacto, os baixos requisitos de manuten\u00e7\u00e3o e a conformidade com as normas internacionais de seguran\u00e7a de radia\u00e7\u00e3o tornam-nos ideais para a integra\u00e7\u00e3o em linhas de produ\u00e7\u00e3o automatizadas e sistemas de laborat\u00f3rio. Com a confian\u00e7a de fabricantes e institui\u00e7\u00f5es de investiga\u00e7\u00e3o em todo o mundo, estas solu\u00e7\u00f5es de raios X redefinem a precis\u00e3o no diagn\u00f3stico industrial. <\/p>\n<p>Principais destaques dos tubos de raios X de microfoco industrial da Hamamatsu:<br \/>\n- Resolu\u00e7\u00e3o submicr\u00f3nica para dete\u00e7\u00e3o de defeitos cr\u00edticos - Dissipa\u00e7\u00e3o t\u00e9rmica robusta para funcionamento 24\/7<br \/>\n- Configura\u00e7\u00f5es personalizadas para aplica\u00e7\u00f5es especializadas - Estabilidade de feixe l\u00edder na ind\u00fastria (\u00b10,05%)<br \/>\n- Certifica\u00e7\u00e3o CE\/RoHS, fabrico em conformidade com a norma ISO<\/p>","protected":false},"excerpt":{"rendered":"<p>Hamamatsu Industrial Microfocus X-Ray Tubes FEATURES APPLICATIONS<br \/>\n\u26ab Focal Spot Size: 1-5 um<br \/>\nThe focal spot of 1-5 um of the sealed type X-ray tube enables sharp and clear X-ray images even at a high magnification.<br \/>\nEasy Handling<br \/>\nFully operable from an external PC.<br \/>\nSerial Port Control (RS-232C)<br \/>\nOne package of a sealed type X-ray tube, a high-voltage power supply and a control function.<br \/>\nNon-destructive Inspection<br \/>\nX-ray CT<br \/>\nIn-line X-ray Inspection<br \/>\n[Applicable Objects]<br \/>\n\u2022 Electronic, component<br \/>\n\u2022 Printed circuit board<br \/>\n\u2022 Plastic component<br \/>\n\u2022 Metal component<br \/>\n90KV Hamamatsu Microfocus X-ray Tube\uff0890Kv\uff0c110KV,130KV optional\uff09<br \/>\nThe Hamamatsu Microfocus X-ray sources were developed specifically for X-ray non-destructive inspection. These X-ray sources use an X-ray tube with a small focal spot of several micro-meters to 10 micro-meters, capable of producing a clear X-ray image even at a high magnification. The RS-232C interface is provided as a standard feature, allowing automatic operation by external control.<\/p>\n<p>The X-ray tube has an air-cooled and hermetically sealed structure, and is integrated with its high voltage power supply for easy handling. (High voltage cables are not required.)<\/p>\n<p>Hamamatsu Industrial Microfocus X-Ray Tubes Model list<br \/>\nHamamatsu L11831-01<br \/>\nHamamatsu L9631<br \/>\nHamamatsu L9181-02<br \/>\nHamamatsu L9181-05<br \/>\nHamamatsu L12161-07<br \/>\nHamamatsu L11831<br \/>\nHamamatsu L9181<br \/>\nHamamatsu L10941<br \/>\nHamamatsu L10941-01<br \/>\nHamamatsu L10941-05<br \/>\nHamamatsu L12531<br \/>\nHamamatsu L14351-02<br \/>\nHamamatsu V10905P<br \/>\nHamamatsu V10905P-01<br \/>\nHamamatsu V7227P-03<\/p>\n","protected":false},"featured_media":23004,"comment_status":"closed","ping_status":"closed","template":"","meta":{"iawp_total_views":85},"etheme_brands":[],"product_brand":[],"product_cat":[137],"product_tag":[],"class_list":{"0":"post-23002","1":"product","2":"type-product","3":"status-publish","4":"has-post-thumbnail","6":"product_cat-x-ray-inspection","8":"first","9":"instock","10":"shipping-taxable","11":"product-type-simple"},"_links":{"self":[{"href":"https:\/\/v2smt.com\/pt\/wp-json\/wp\/v2\/product\/23002","targetHints":{"allow":["GET"]}}],"collection":[{"href":"https:\/\/v2smt.com\/pt\/wp-json\/wp\/v2\/product"}],"about":[{"href":"https:\/\/v2smt.com\/pt\/wp-json\/wp\/v2\/types\/product"}],"replies":[{"embeddable":true,"href":"https:\/\/v2smt.com\/pt\/wp-json\/wp\/v2\/comments?post=23002"}],"version-history":[{"count":0,"href":"https:\/\/v2smt.com\/pt\/wp-json\/wp\/v2\/product\/23002\/revisions"}],"wp:featuredmedia":[{"embeddable":true,"href":"https:\/\/v2smt.com\/pt\/wp-json\/wp\/v2\/media\/23004"}],"wp:attachment":[{"href":"https:\/\/v2smt.com\/pt\/wp-json\/wp\/v2\/media?parent=23002"}],"wp:term":[{"taxonomy":"brand","embeddable":true,"href":"https:\/\/v2smt.com\/pt\/wp-json\/wp\/v2\/etheme_brands?post=23002"},{"taxonomy":"product_brand","embeddable":true,"href":"https:\/\/v2smt.com\/pt\/wp-json\/wp\/v2\/product_brand?post=23002"},{"taxonomy":"product_cat","embeddable":true,"href":"https:\/\/v2smt.com\/pt\/wp-json\/wp\/v2\/product_cat?post=23002"},{"taxonomy":"product_tag","embeddable":true,"href":"https:\/\/v2smt.com\/pt\/wp-json\/wp\/v2\/product_tag?post=23002"}],"curies":[{"name":"wp","href":"https:\/\/api.w.org\/{rel}","templated":true}]}}