{"id":22996,"date":"2025-05-08T08:35:43","date_gmt":"2025-05-08T08:35:43","guid":{"rendered":"https:\/\/v2smt.com\/?post_type=product&#038;p=22996"},"modified":"2025-05-08T08:35:43","modified_gmt":"2025-05-08T08:35:43","slug":"aes8000-handheld-spectrometer","status":"publish","type":"product","link":"https:\/\/v2smt.com\/pt\/products\/aes8000-handheld-spectrometer\/","title":{"rendered":"Espectr\u00f3metro de m\u00e3o AES8000"},"content":{"rendered":"<p>O espetr\u00f3metro de m\u00e3o AES8000 \u00e9 um instrumento anal\u00edtico port\u00e1til de \u00faltima gera\u00e7\u00e3o, concebido para uma an\u00e1lise r\u00e1pida e n\u00e3o destrutiva da composi\u00e7\u00e3o de materiais em aplica\u00e7\u00f5es industriais, de fabrico e de campo. Utilizando tecnologia avan\u00e7ada de Fluoresc\u00eancia de Raios X (XRF), proporciona uma dete\u00e7\u00e3o de alta precis\u00e3o da composi\u00e7\u00e3o elementar e dos graus de liga, tornando-o uma ferramenta indispens\u00e1vel para o controlo de qualidade, verifica\u00e7\u00e3o de materiais e classifica\u00e7\u00e3o de sucata.  <\/p>\n<p>Principais carater\u00edsticas do espetr\u00f3metro de m\u00e3o AES8000<br \/>\n1. An\u00e1lise multielementos<br \/>\n    Detecta uma vasta gama de elementos (por exemplo, Ti, V, Cr, Mn, Fe, Co, Ni, Cu, Zn, W, Pb, etc.) com sensibilidade ao n\u00edvel de ppm.<br \/>\n    Adequado para metais, ligas, pl\u00e1sticos, cer\u00e2micas e outros materiais.  <\/p>\n<p>2. Identifica\u00e7\u00e3o do grau da liga<br \/>\n    Identifica instantaneamente os tipos de liga (por exemplo, a\u00e7o inoxid\u00e1vel, alum\u00ednio, tit\u00e2nio) com uma biblioteca integrada de mais de 1.000 tipos padr\u00e3o.<br \/>\n    Suporta adi\u00e7\u00f5es de bibliotecas personalizadas para aplica\u00e7\u00f5es especializadas.  <\/p>\n<p>3. Dete\u00e7\u00e3o de elevado desempenho<br \/>\n    Equipado com um detetor SDD (Silicon Drift Detetor) de alta resolu\u00e7\u00e3o para resultados r\u00e1pidos e precisos (1-3 segundos).<br \/>\n    Optimizado para ambientes exigentes, incluindo temperaturas altas\/baixas e humidade.  <\/p>\n<p>4. Portabilidade e durabilidade<br \/>\n    Peso leve (&lt;1,5 kg) e design ergon\u00f3mico para utiliza\u00e7\u00e3o com uma s\u00f3 m\u00e3o.  \n    Caixa robusta com classifica\u00e7\u00e3o IP54 para resist\u00eancia ao p\u00f3\/\u00e1gua e prote\u00e7\u00e3o contra quedas.  \n\n5. Interface de f\u00e1cil utiliza\u00e7\u00e3o\n    Grande ecr\u00e3 t\u00e1til capacitivo de 4 polegadas com software intuitivo.  \n    Visualiza\u00e7\u00e3o de dados em tempo real, incluindo gr\u00e1ficos de espetro e valores de concentra\u00e7\u00e3o.  \n\n6. Vida \u00fatil alargada da bateria\n    A bateria de l\u00edtio recarreg\u00e1vel suporta mais de 8 horas de funcionamento cont\u00ednuo.  \n    Design de bateria hotswappable para um fluxo de trabalho sem interrup\u00e7\u00f5es.  \n\n7. Gest\u00e3o de dados\n    Armazena milhares de resultados de testes localmente; suporta USB, WiFi e Bluetooth para exporta\u00e7\u00e3o de dados.  \n    Compat\u00edvel com software para PC\/Mac para relat\u00f3rios e an\u00e1lises avan\u00e7ados.  \n\n\nEspecifica\u00e7\u00f5es t\u00e9cnicas do espetr\u00f3metro port\u00e1til AES8000\n Gama de dete\u00e7\u00e3o: Mg (12) a U (92)\n Precis\u00e3o: \u22640,05% (para os elementos principais)\n Fonte de excita\u00e7\u00e3o: Tubo de raios X de microfoco de 50 kV\/200 \u03bcA\n Ecr\u00e3: Ecr\u00e3 t\u00e1til HD de 4 polegadas\n Sistema operativo: Plataforma baseada em Android\n Conectividade: USBC, WiFi, Bluetooth\n Bateria: 7,4 V, bateria de l\u00edtio de 6800 mAh\n\nAplica\u00e7\u00f5es do espetr\u00f3metro port\u00e1til AES8000\n Fabrico de metais: Verifica\u00e7\u00e3o r\u00e1pida de ligas, inspe\u00e7\u00e3o de mat\u00e9rias-primas.  \n Reciclagem de sucata: Classifica\u00e7\u00e3o eficiente de metais n\u00e3o ferrosos e ligas.  \n Ind\u00fastria aeroespacial e autom\u00f3vel: Testes de conformidade para componentes cr\u00edticos.  \n Monitoriza\u00e7\u00e3o ambiental: Dete\u00e7\u00e3o de metais pesados no solo, revestimentos ou produtos de consumo.  \n Arqueologia e an\u00e1lise de artefactos: Caracteriza\u00e7\u00e3o n\u00e3o destrutiva de materiais.  \n\n\nVantagens do Espectr\u00f3metro Port\u00e1til AES8000\n Testes n\u00e3o destrutivos: Preserva a integridade da amostra.  \n Resultados de qualidade de laborat\u00f3rio no campo: Elimina a necessidade de submiss\u00f5es demoradas ao laborat\u00f3rio.  \n Pronto para a conformidade: Cumpre as normas ASTM, ISO e RoHS.  \n\n\nO espetr\u00f3metro de m\u00e3o AES8000 combina tecnologia de ponta com portabilidade robusta, permitindo que os profissionais de todas as ind\u00fastrias tomem decis\u00f5es informadas com rapidez e confian\u00e7a. Ideal para engenheiros, inspectores de qualidade e t\u00e9cnicos de campo, estabelece uma nova refer\u00eancia para dispositivos anal\u00edticos port\u00e1teis.  \n<\/p>","protected":false},"excerpt":{"rendered":"<p>Espectr\u00f3metro de m\u00e3o AES8000 Campo de aplica\u00e7\u00e3o e carater\u00edsticas<br \/>\n\uf06cExcellent performance (Utilizado para on -site, sem perdas, r\u00e1pido, exato, preciso)<br \/>\nAlta precis\u00e3o, velocidade r\u00e1pida, pr\u00f3xima do n\u00edvel de an\u00e1lise dos n\u00edveis laboratoriais, pode apresentar diretamente o n\u00famero do cart\u00e3o de liga e o conte\u00fado percentual do elemento e o conte\u00fado PPM. Todo o processo de an\u00e1lise pode ser conclu\u00eddo em apenas alguns segundos. O n\u00famero do contrato \u00e9 de apenas 1 a 2 segundos. Opera\u00e7\u00e3o com um clique, mesmo o pessoal n\u00e3o t\u00e9cnico pode domin\u00e1-la facilmente.<br \/>\n\uf06cNon -dete\u00e7\u00e3o destrutiva\uff08NDT\uff09<br \/>\nSem danos ou a utiliza\u00e7\u00e3o do objeto do objeto de dete\u00e7\u00e3o, n\u00e3o h\u00e1 danos no tecido dentro do objeto detectado, todo o processo de teste n\u00e3o \u00e9 danificado.<br \/>\n\uf06cAnalytical software<br \/>\nSistema de controlo remoto, tanto o PC baseado em Windows como os dispositivos m\u00f3veis baseados em Android podem operar instrumentos atrav\u00e9s de software para conseguir a sincroniza\u00e7\u00e3o de dados em v\u00e1rias plataformas (instrumento, PC, telem\u00f3vel, nuvem). O software tem fun\u00e7\u00f5es como a an\u00e1lise de dados, a visualiza\u00e7\u00e3o do espetro e a impress\u00e3o de relat\u00f3rios. O cliente do instrumento tem a capacidade de enviar relat\u00f3rios de an\u00e1lise por correio eletr\u00f3nico, Sistema de controlo remoto, tanto o PC com Windows como os dispositivos m\u00f3veis com Android podem operar instrumentos atrav\u00e9s de software para conseguir a sincroniza\u00e7\u00e3o de dados em v\u00e1rias plataformas (instrumento, PC, telem\u00f3vel, nuvem). O software tem fun\u00e7\u00f5es como a an\u00e1lise de dados, a visualiza\u00e7\u00e3o do espetro e a impress\u00e3o de relat\u00f3rios. O cliente do instrumento tem a capacidade de enviar relat\u00f3rios de an\u00e1lise por correio eletr\u00f3nico.<br \/>\n\uf06cWaste reciclagem e triagem<br \/>\nA reciclagem e a reutiliza\u00e7\u00e3o de sucata met\u00e1lica envolvem a an\u00e1lise, o teste e a sele\u00e7\u00e3o no local de uma grande variedade de tipos de ligas e materiais. Para permitir que tanto os compradores como os vendedores fa\u00e7am julgamentos r\u00e1pidos e fi\u00e1veis durante as transac\u00e7\u00f5es. An\u00e1lise quantitativa de componentes met\u00e1licos, tais como ligas de ferro (a\u00e7o inoxid\u00e1vel, etc.), ligas de cobre, ligas de alum\u00ednio, ligas de cobre-ferro, ligas de chumbo-estanho e ligas h\u00edbridas, bem como identifica\u00e7\u00e3o e triagem r\u00e1pidas de materiais no local.<br \/>\n\uf06cApplication \u00e1reas e seguran\u00e7a, normas (centrais el\u00e9ctricas, m\u00e1quinas, petroqu\u00edmica, militar, etc.)<\/p>\n<p>Identifica\u00e7\u00e3o de materiais de liga met\u00e1lica (PMI), inspe\u00e7\u00e3o de entrada, gest\u00e3o de materiais de invent\u00e1rio, inspe\u00e7\u00e3o de materiais de instala\u00e7\u00e3o para evitar acidentes de seguran\u00e7a graves causados pela mistura ou utiliza\u00e7\u00e3o de materiais n\u00e3o qualificados em ind\u00fastrias como a constru\u00e7\u00e3o petroqu\u00edmica, fundi\u00e7\u00e3o de metais, vasos de press\u00e3o, centrais el\u00e9ctricas, petroqu\u00edmica, qu\u00edmica fina, farmac\u00eautica, fundi\u00e7\u00e3o, aeroespacial, etc., garantindo a seguran\u00e7a dos materiais do equipamento de processamento. Adaptar-se \u00e0s normas da ind\u00fastria, tais como a American Society for Testing and Materials (ASTM), as normas nacionais chinesas (GB), UNS, as normas da ind\u00fastria el\u00e9ctrica (DL), API, JIS, GMP, TSG, as normas da ind\u00fastria mec\u00e2nica (JB), bem como as normas nacionais e internacionais.<br \/>\n\uf06cQuality Controlo e Garantia de Qualidade (QC\/QA) e Preven\u00e7\u00e3o Eficaz de Erros (PKKA-YOKE)<br \/>\nNa ind\u00fastria de transforma\u00e7\u00e3o e fabrico de metais, o controlo de qualidade e a garantia de qualidade (QC\/QA) dos materiais (mat\u00e9rias-primas), produtos semi-acabados e produtos acabados, bem como a preven\u00e7\u00e3o eficaz de erros (PKKA-YOKE), s\u00e3o essenciais. A mistura ou utiliza\u00e7\u00e3o de materiais n\u00e3o qualificados causar\u00e1 inevitavelmente preju\u00edzos \u00e0 empresa. V\u00e1rias ind\u00fastrias transformadoras, desde pequenas f\u00e1bricas de processamento de materiais met\u00e1licos a grandes fabricantes de avi\u00f5es.<br \/>\n\uf06cData Processamento e Planeamento de Recursos Empresariais (ERP)<br \/>\nS\u00e3o utilizados v\u00e1rios m\u00e9todos, como WIFI e Bluetooth sem fios, para a transmiss\u00e3o de dados, e os ficheiros podem ser enviados por correio eletr\u00f3nico, sincronizados por Bluetooth ou sincronizados por software.<br \/>\nFam\u00edlia de ligas analis\u00e1veis<br \/>\n\uf06cIron s\u00e9ries de ligas \u00e0 base de a\u00e7o (a\u00e7o inoxid\u00e1vel, a\u00e7o de liga de cr\u00f3mio\/molibd\u00e9nio, a\u00e7o de baixa liga, a\u00e7o para ferramentas, a\u00e7o sem costura)<br \/>\n\uf06cNickel s\u00e9ries de ligas \u00e0 base de n\u00edquel (ligas de n\u00edquel, superligas de n\u00edquel\/cobalto)<br \/>\nS\u00e9rie de ligas com base em \uf06cCobalt<br \/>\nS\u00e9rie de ligas com base em \uf06cTitanium<br \/>\n\uf06cCopper s\u00e9ries de ligas \u00e0 base de bronze, lat\u00e3o, liga de cobre e n\u00edquel, etc.<br \/>\n\uf06cHigh liga de temperatura (liga de molibd\u00e9nio e tungst\u00e9nio)<br \/>\n\uf06cOther ligas<br \/>\nO analisador port\u00e1til de ligas met\u00e1licas (XRF) \u00e9 uma ferramenta importante para a identifica\u00e7\u00e3o da fiabilidade dos materiais (PMI) em ind\u00fastrias de alta temperatura e alta press\u00e3o, como caldeiras, contentores, condutas e fabrico durante o processo de produ\u00e7\u00e3o. Identificar materiais met\u00e1licos nos processos de produ\u00e7\u00e3o das principais ind\u00fastrias de engenharia militar e civil, como a fundi\u00e7\u00e3o de a\u00e7o, metais n\u00e3o ferrosos, aeroespacial, fabrico de armas, submarinos e navios. Identificar materiais met\u00e1licos durante o processo de instala\u00e7\u00e3o e constru\u00e7\u00e3o de refina\u00e7\u00e3o petroqu\u00edmica, qu\u00edmica fina, produtos farmac\u00eauticos, centrais el\u00e9ctricas, aeroespacial e outros projectos de engenharia para garantir a aceita\u00e7\u00e3o de equipamento e material e cumprir os requisitos especificados do projeto. \u00c9 uma ferramenta poderosa para a identifica\u00e7\u00e3o de metais na ind\u00fastria de reciclagem e reutiliza\u00e7\u00e3o de res\u00edduos met\u00e1licos.<br \/>\nAmplamente utilizado em cen\u00e1rios de aplica\u00e7\u00e3o no local, tais como controlo de qualidade, classifica\u00e7\u00e3o de materiais, identifica\u00e7\u00e3o de ligas, preven\u00e7\u00e3o de seguran\u00e7a e investiga\u00e7\u00e3o de acidentes, o analisador de ligas port\u00e1til integra inova\u00e7\u00e3o de investiga\u00e7\u00e3o cient\u00edfica de ponta e \u00e9 uma ferramenta poderosa para identificar materiais met\u00e1licos no processo de produ\u00e7\u00e3o. Ele pode identificar graus de liga, analisar rapidamente a composi\u00e7\u00e3o do metal e resolver os problemas mais b\u00e1sicos de an\u00e1lise de mat\u00e9ria-prima na industrializa\u00e7\u00e3o. Ao mesmo tempo, os utilizadores podem criar sistemas de an\u00e1lise personalizados de acordo com as suas pr\u00f3prias necessidades.<\/p>\n<p>Par\u00e2metros e especifica\u00e7\u00f5es t\u00e9cnicas<\/p>\n<p>Analisador port\u00e1til de composi\u00e7\u00e3o de ligas por fluoresc\u00eancia de raios X AES8000<br \/>\nDetetor Componente de dete\u00e7\u00e3o SIN-PIN de elevado desempenho<br \/>\nFonte de excita\u00e7\u00e3o 45KV\/200uA Janela de extremidade do alvo de prata Tubo de micro raios X integrado e fonte de alta tens\u00e3o<br \/>\nGama de dete\u00e7\u00e3o de elementos 1\u30011. Elementos com n\u00fameros at\u00f3micos entre 20-92, desde o (Ti) at\u00e9 ao ur\u00e2nio (U)<br \/>\nAnalisar os principais elementos da liga\uff1a<br \/>\nTi\uff0cV\uff0cCr\uff0cMn\uff0cFe\uff0cCo\uff0cNi\uff0cCu\uff0cZn\uff0cZr\uff0cNb\uff0cMo\uff0cAg\uff0cCd\uff0cSn\uff0cSb\uff0cTa\uff0cW\uff0cPb\uff0cBi 25 no total (pode ser acrescentado mais)<br \/>\nObjeto de dete\u00e7\u00e3o s\u00f3lido<br \/>\nM\u00e9todo de an\u00e1lise M\u00e9todo de an\u00e1lise por leitura direta + m\u00e9todo dos par\u00e2metros de base (FP)<br \/>\nSoftware Sistema de controlo remoto, tanto o PC baseado em Windows como os dispositivos m\u00f3veis baseados em Android podem operar instrumentos atrav\u00e9s de software para conseguir a sincroniza\u00e7\u00e3o de dados em v\u00e1rias plataformas (instrumento, PC, telem\u00f3vel, nuvem). O software tem fun\u00e7\u00f5es como a an\u00e1lise de dados, a visualiza\u00e7\u00e3o do espetro e a impress\u00e3o de relat\u00f3rios. O cliente do instrumento tem a capacidade de enviar relat\u00f3rios de an\u00e1lise por correio eletr\u00f3nico,<br \/>\nPeso \u2264 1,75 kg (incluindo a bateria)<br \/>\nSistema de ecr\u00e3 de microcomputador 1. Ecr\u00e3 t\u00e1til personalizado de grau industrial semi transparente e semi reflexivo \u2265 5 polegadas, configura\u00e7\u00e3o padr\u00e3o: 4G, armazenamento expans\u00edvel incorporado suporta 16GB, pode armazenar dados maci\u00e7os.<br \/>\n2. Resolu\u00e7\u00e3o 1080 * 720<br \/>\nFonte de alimenta\u00e7\u00e3o 1. Bateria de l\u00edtio recarreg\u00e1vel, padr\u00e3o 6800mAh, tens\u00e3o: 7,2V, funcionamento sustent\u00e1vel at\u00e9 12 horas,<br \/>\n2. O instrumento tem uma fun\u00e7\u00e3o de troca a quente, desligamento retardado e substitui\u00e7\u00e3o da bateria sem desligar. A bateria tem o seu pr\u00f3prio ecr\u00e3 de energia.<br \/>\nModo de carregamento 1. Existe uma interface de carregamento na parte lateral do corpo do telem\u00f3vel,<br \/>\n2. O carregamento da bateria pode ser efectuado atrav\u00e9s de m\u00e9todos de carregamento no autom\u00f3vel, (n\u00e3o \u00e9 padr\u00e3o)<br \/>\n3. adaptador universal de carregamento e fonte de alimenta\u00e7\u00e3o,<br \/>\nColimador, filtro 1. Colimador de material especial resistente \u00e0 radia\u00e7\u00e3o, di\u00e2metro interno 3MM<br \/>\n2. Sem filtro, poupando tempo de comuta\u00e7\u00e3o, o software deduz a interfer\u00eancia de fundo<br \/>\nJanela de ensaio da extremidade dianteira \u2264 9mm * 5mm janela de \u201ccintura\u201d<br \/>\nC\u00e2mara Equipada com uma fun\u00e7\u00e3o de c\u00e2mara de alta defini\u00e7\u00e3o de 5 megapix\u00e9is incorporada, pode tirar fotografias do objeto testado para uma gest\u00e3o f\u00e1cil<br \/>\nM\u00e9todo de envio do relat\u00f3rio de ensaio Envio por correio eletr\u00f3nico, transmiss\u00e3o s\u00edncrona por Bluetooth, transmiss\u00e3o s\u00edncrona por software<br \/>\nM\u00e9todo de transmiss\u00e3o de dados 3G\/4G, liga\u00e7\u00e3o por cabo, WiFi, Bluetooth<br \/>\nM\u00e9todo de manuten\u00e7\u00e3o Atualiza\u00e7\u00e3o e diagn\u00f3stico remotos do software, manuten\u00e7\u00e3o no local, diagn\u00f3stico<br \/>\nGest\u00e3o de utilizadores Fun\u00e7\u00e3o de gest\u00e3o de utilizadores de v\u00e1rios n\u00edveis (pode criar v\u00e1rias contas, obter n\u00fameros pessoais correspondentes, facilitar a gest\u00e3o e a rastreabilidade dos dados)<br \/>\nCobertura protetora<br \/>\nO instrumento est\u00e1 equipado com uma cobertura de prote\u00e7\u00e3o, que tem fun\u00e7\u00f5es de calibra\u00e7\u00e3o do instrumento, prote\u00e7\u00e3o contra radia\u00e7\u00f5es e preven\u00e7\u00e3o de danos (n\u00e3o \u00e9 de s\u00e9rie)<br \/>\nDete\u00e7\u00e3o de material e aviso de estado do instrumento 1. O corpo tem uma fun\u00e7\u00e3o de dete\u00e7\u00e3o de material, que pode identificar inteligentemente se existe um objeto de teste \u00e0 frente.<br \/>\n2. luz inteligente de visualiza\u00e7\u00e3o do estado, que apresenta tr\u00eas estados de funcionamento atrav\u00e9s da luz inteligente de visualiza\u00e7\u00e3o do estado (vermelho intermitente indica dete\u00e7\u00e3o em curso, verde intermitente indica que n\u00e3o h\u00e1 nenhum objeto a testar, verde longo indica que h\u00e1 um objeto a testar)<br \/>\nTemperatura e humidade do ambiente de funcionamento Humidade \u2264 90%<br \/>\n-20\u2103 - +60\u2103<br \/>\nSeguran\u00e7a 1. Valor de medi\u00e7\u00e3o do lado do instrumento \u2264 0,2 \u03bc Sv\/h (ap\u00f3s dedu\u00e7\u00e3o da radia\u00e7\u00e3o de fundo)<br \/>\nNota: O fornecedor deve fornecer uma c\u00f3pia do \u201cHandheld X-ray Analyzer (Leakage) Report\u201d emitido por uma institui\u00e7\u00e3o de metrologia legal autorizada a n\u00edvel nacional ou por um centro de testes nacional no documento de resposta como prova.<br \/>\n2. M\u00faltiplas protec\u00e7\u00f5es de seguran\u00e7a, sem testes de radia\u00e7\u00e3o,<br \/>\nO n\u00edvel de radia\u00e7\u00e3o durante o trabalho \u00e9 muito inferior \u00e0s normas de seguran\u00e7a internacionais, e tem a fun\u00e7\u00e3o de n\u00e3o medir amostras a\u00e9reas e de desligar automaticamente o tubo de raios X.\t<\/p>","protected":false},"featured_media":22997,"comment_status":"closed","ping_status":"closed","template":"","meta":{"iawp_total_views":20},"etheme_brands":[{"term_id":181,"name":"XRF","slug":"xrf","term_group":0,"term_taxonomy_id":181,"taxonomy":"brand","description":"","parent":0,"count":3,"filter":"raw"}],"product_brand":[],"product_cat":[137],"product_tag":[],"class_list":{"0":"post-22996","1":"product","2":"type-product","3":"status-publish","4":"has-post-thumbnail","6":"brand-xrf","7":"product_cat-x-ray-inspection","9":"first","10":"instock","11":"shipping-taxable","12":"product-type-simple"},"_links":{"self":[{"href":"https:\/\/v2smt.com\/pt\/wp-json\/wp\/v2\/product\/22996","targetHints":{"allow":["GET"]}}],"collection":[{"href":"https:\/\/v2smt.com\/pt\/wp-json\/wp\/v2\/product"}],"about":[{"href":"https:\/\/v2smt.com\/pt\/wp-json\/wp\/v2\/types\/product"}],"replies":[{"embeddable":true,"href":"https:\/\/v2smt.com\/pt\/wp-json\/wp\/v2\/comments?post=22996"}],"version-history":[{"count":0,"href":"https:\/\/v2smt.com\/pt\/wp-json\/wp\/v2\/product\/22996\/revisions"}],"wp:featuredmedia":[{"embeddable":true,"href":"https:\/\/v2smt.com\/pt\/wp-json\/wp\/v2\/media\/22997"}],"wp:attachment":[{"href":"https:\/\/v2smt.com\/pt\/wp-json\/wp\/v2\/media?parent=22996"}],"wp:term":[{"taxonomy":"brand","embeddable":true,"href":"https:\/\/v2smt.com\/pt\/wp-json\/wp\/v2\/etheme_brands?post=22996"},{"taxonomy":"product_brand","embeddable":true,"href":"https:\/\/v2smt.com\/pt\/wp-json\/wp\/v2\/product_brand?post=22996"},{"taxonomy":"product_cat","embeddable":true,"href":"https:\/\/v2smt.com\/pt\/wp-json\/wp\/v2\/product_cat?post=22996"},{"taxonomy":"product_tag","embeddable":true,"href":"https:\/\/v2smt.com\/pt\/wp-json\/wp\/v2\/product_tag?post=22996"}],"curies":[{"name":"wp","href":"https:\/\/api.w.org\/{rel}","templated":true}]}}