{"id":22986,"date":"2025-05-08T07:54:04","date_gmt":"2025-05-08T07:54:04","guid":{"rendered":"https:\/\/v2smt.com\/?post_type=product&#038;p=22986"},"modified":"2025-05-08T07:54:04","modified_gmt":"2025-05-08T07:54:04","slug":"xrf-x-ray-fluorescence-8000","status":"publish","type":"product","link":"https:\/\/v2smt.com\/pt\/products\/xrf-x-ray-fluorescence-8000\/","title":{"rendered":"XRF Fluoresc\u00eancia de raios X 8000"},"content":{"rendered":"<p>Fluoresc\u00eancia de raios X XRF 8000 Aplica\u00e7\u00f5es<br \/>\n\u00c9 utilizado principalmente para a dete\u00e7\u00e3o de elementos como o chumbo (Pb), o merc\u00fario (Hg), o c\u00e1dmio (Cd), o cr\u00f3mio total (Cr) e o bromo total (Br) contidos em produtos electr\u00f3nicos e el\u00e9ctricos controlados por regulamentos. \u00c9 utilizado para a dete\u00e7\u00e3o de cloro (Cl) e bromo (Br) em produtos controlados por halog\u00e9neos.<\/p>\n<p>Em conformidade com os Regulamentos Globais sobre Subst\u00e2ncias Perigosas e m\u00e9todos de ensaio<br \/>\nO analisador XRF X-ray Fluorescence 8000 foi aprovado como uma ferramenta de rastreio no teste de produtos de consumo para determinar se o produto est\u00e1 em conformidade com os seguintes regulamentos e m\u00e9todos de teste globais de subst\u00e2ncias perigosas:<br \/>\n- Diretiva RoHS da UE (2011\/65\/UE)<br \/>\n- Diretiva RoHS da China (ACPEIP)<br \/>\n- Jap\u00e3o RoHS<br \/>\n- Diretiva RoHS coreana<br \/>\n- Lei de Melhoria da Seguran\u00e7a dos Produtos de Consumo dos EUA (CPSIA) (HR4040)<br \/>\n- Diretiva dos EUA relativa \u00e0 restri\u00e7\u00e3o da aus\u00eancia de halog\u00e9neos<br \/>\n- Proposta 65 da Calif\u00f3rnia<br \/>\n- US CPSC-CH-E1002-08 SOP procedimento operacional normalizado<\/p>\n<p>XRF Fluoresc\u00eancia de raios X 8000 Introdu\u00e7\u00e3o <\/p>\n<p>O XRF X-ray Fluorescence 8000 \u00e9 um modelo topo de gama com duplo sistema de prote\u00e7\u00e3o contra radia\u00e7\u00e3o, interface de opera\u00e7\u00e3o humanizada, aplica\u00e7\u00e3o abrangente do m\u00e9todo de coeficiente emp\u00edrico e software de an\u00e1lise do m\u00e9todo de par\u00e2metro b\u00e1sico V1.0. Os testes elementares variam de S-U. Ou seja, pode detetar chumbo (Pb), merc\u00fario (Hg), c\u00e1dmio (Cd), bromo total (Br) e cr\u00f3mio total (Cr) nos regulamentos, e pode tamb\u00e9m detetar cloro (Cl) e bromo (Br) no elemento de diretiva sem halog\u00e9neos. A fun\u00e7\u00e3o de curva de trabalho aberta bem concebida \u00e9 especialmente adequada para o controlo do processo de f\u00e1brica de v\u00e1rios materiais. Comparado com os instrumentos tradicionais comuns na ind\u00fastria, este modelo tem as vantagens da an\u00e1lise r\u00e1pida e da identifica\u00e7\u00e3o de anomalias materiais na ind\u00fastria atual. Baseia-se numa solu\u00e7\u00e3o de sistema eficiente e precisa que resolve totalmente as exig\u00eancias de controlo HSF do cliente. O princ\u00edpio desta solu\u00e7\u00e3o \u00e9 claro, o m\u00e9todo \u00e9 vi\u00e1vel e o efeito \u00e9 not\u00e1vel.<\/p>\n<p>Material anormal: a fun\u00e7\u00e3o original de compara\u00e7\u00e3o de espetro total, o rastreio em tempo real da anormalidade do material do fornecedor e o aviso atempado, tem vantagens inigual\u00e1veis no controlo de RoHs\/sem halog\u00e9neos e de fornecedores.<\/p>\n<p>XRF Fluoresc\u00eancia de raios X 8000 condi\u00e7\u00f5es de trabalho\uff1a<\/p>\n<p>Temperatura de funcionamento: 15-30\u2103<br \/>\nHumidade relativa\uff1a40%\uff5e50%<br \/>\nFonte de alimenta\u00e7\u00e3o: AC: 220V \u00b15V<br \/>\nPeso l\u00edquido\uff1a42Kg<br \/>\nTamanho do equipamento: 525 mm (W), 390 mm (D), 360 mm (H)<br \/>\nTamanho da c\u00e2mara de amostragem: 439*300*50mm<\/p>\n<p>XRF Fluoresc\u00eancia de raios X 8000 Desempenho t\u00e9cnico e indicadores:<br \/>\n\uf06cThe A gama de an\u00e1lise elementar vai do magn\u00e9sio (Mg) ao ur\u00e2nio (U).<br \/>\n\uf06cThe A gama de an\u00e1lise do teor de elementos \u00e9 de 1 PPm a 99,99%.<br \/>\n\uf06cMeasurement tempo: 100-300 segundos.<br \/>\n\uf06cThe limite de dete\u00e7\u00e3o de elementos nocivos especificados na diretiva RoHS (limitado a Cd\/Pb\/Cr\/Hg\/Br) pode atingir at\u00e9 1PPM.<br \/>\n\uf06cAt mesmo tempo, pode analisar dezenas ou mais de elementos e cinco camadas de revestimentos<br \/>\n\uf06cThe limite de dete\u00e7\u00e3o para an\u00e1lise pode atingir 2ppm, e a an\u00e1lise de revestimento pode analisar amostras com uma espessura de 0,005um<br \/>\n\uf06cPower alimenta\u00e7\u00e3o: AC 220V \u00b1 5V. (Recomenda-se a configura\u00e7\u00e3o de uma fonte de alimenta\u00e7\u00e3o estabilizada com purifica\u00e7\u00e3o AC).<br \/>\n\uf06cThe espessura do revestimento \u00e9 geralmente 30 \u03bc Dentro de m (diferente para cada material)<br \/>\n\uf06cMultiple modelos de an\u00e1lise e identifica\u00e7\u00e3o selecion\u00e1veis.<br \/>\n\uf06cIndependent modelo de corre\u00e7\u00e3o do efeito da matriz.<br \/>\n\uf06cMultivariable programa de recupera\u00e7\u00e3o n\u00e3o linear<br \/>\n\uf06cThe A repetibilidade de medi\u00e7\u00f5es m\u00faltiplas da espessura do revestimento pode atingir 0,1%<br \/>\n\uf06cThe A estabilidade a longo prazo da medi\u00e7\u00e3o da espessura do revestimento pode atingir 0,1%<br \/>\n\uf06cThe A resolu\u00e7\u00e3o energ\u00e9tica \u00e9 de 144 \u00b1 5 electr\u00f5es-volt.<br \/>\n\uf06cThe A gama de adapta\u00e7\u00e3o da temperatura \u00e9 de 15 \u2103 a 30 \u2103.<\/p>\n<p>XRF Fluoresc\u00eancia de raios X 8000 Carater\u00edsticas do produto<br \/>\n\uf06cA produto especificamente concebido para as diretivas ambientais, como a ROHS e a EN71.<br \/>\n\uf06cBreaking afastando-se do tradicional design retil\u00edneo dos instrumentos e adoptando um design integrado aerodin\u00e2mico, o instrumento \u00e9 moderno e elegante.<br \/>\n\uf06cUsing O detetor americano SDD da Amptek, que \u00e9 arrefecido eletricamente em vez de ser arrefecido com azoto l\u00edquido, tem um volume pequeno, uma an\u00e1lise de dados precisa e um baixo custo de manuten\u00e7\u00e3o.<br \/>\n\uf06cAdopting um sistema de processamento de sinal SES desenvolvido pelo pr\u00f3prio, melhorando efetivamente a sensibilidade da medi\u00e7\u00e3o e tornando-a mais precisa.<br \/>\n\uf06cOne clique no teste autom\u00e1tico, mais simples de utilizar, mais conveniente e mais f\u00e1cil de utilizar.<br \/>\n\uf06cSeven tipos de sistemas de corre\u00e7\u00e3o do percurso \u00f3tico e de colima\u00e7\u00e3o, comutando automaticamente de acordo com diferentes amostras.<br \/>\n\uf06cMultiple conce\u00e7\u00e3o de preven\u00e7\u00e3o de fugas de radia\u00e7\u00e3o, com n\u00edvel de prote\u00e7\u00e3o contra a radia\u00e7\u00e3o pertencente ao n\u00edvel mais elevado entre produtos semelhantes.<br \/>\n\uf06cAdvanced O design de dissipa\u00e7\u00e3o de calor integrado melhora consideravelmente o desempenho geral de dissipa\u00e7\u00e3o de calor da m\u00e1quina, garantindo o funcionamento seguro dos componentes principais.<br \/>\n\uf06cThe A tecnologia exclusiva de controlo da temperatura de movimento de 1.7.9 garante o funcionamento seguro e fi\u00e1vel da fonte de raios X, prolonga eficazmente a sua vida \u00fatil e reduz os custos de utiliza\u00e7\u00e3o.<br \/>\n\uf06cMultiple sistema de prote\u00e7\u00e3o dos acess\u00f3rios do instrumento, que pode ser totalmente monitorizado atrav\u00e9s de software, tornando o trabalho do instrumento mais est\u00e1vel e seguro.<br \/>\n\uf06cROHS software de teste dedicado com design de janela padr\u00e3o, interface de f\u00e1cil utiliza\u00e7\u00e3o e opera\u00e7\u00e3o simples.<br \/>\n\uf06cThis m\u00e1quina adota a interface USB2.0, garantindo efetivamente a transmiss\u00e3o de dados precisa, de alta velocidade e eficaz\u3002<\/p>\n<p>Vantagens<br \/>\n1. Precis\u00e3o: curva de trabalho aberta, com uma \u00e1rea de trabalho espec\u00edfica para testar os materiais de controlo das chaves.<br \/>\n2. Velocidade: M\u00e9todo de an\u00e1lise de compara\u00e7\u00e3o de espetro r\u00e1pido de desenvolvimento pr\u00f3prio, fun\u00e7\u00e3o de aviso atempado de altera\u00e7\u00f5es de material do fornecedor.<br \/>\n3. Seguran\u00e7a: Dupla prote\u00e7\u00e3o contra raios X (software, hardware, conce\u00e7\u00e3o do labirinto), para garantir a seguran\u00e7a pessoal dos operadores e os danos causados pela radia\u00e7\u00e3o em caso de funcionamento acidental.<br \/>\n4. A conce\u00e7\u00e3o da grande sala de amostras proporciona um espa\u00e7o mais amplo do que o modelo tradicional.<br \/>\n5. Ado\u00e7\u00e3o de um novo desenho do percurso \u00f3tico, que reduz o limite de dete\u00e7\u00e3o do elemento cloro (Cl).<br \/>\n6. Fornecer uma plataforma aberta de calibra\u00e7\u00e3o da curva de trabalho, que pode personalizar o esquema de dete\u00e7\u00e3o para controlar subst\u00e2ncias nocivas para os utilizadores.<br \/>\n7. O software de an\u00e1lise XRF l\u00edder mundial integra m\u00e9todos de an\u00e1lise, incluindo o m\u00e9todo do coeficiente emp\u00edrico e o m\u00e9todo do par\u00e2metro fundamental (m\u00e9todo FP).<br \/>\n8. Garantir plenamente a exatid\u00e3o dos dados de ensaio.<br \/>\n9. O formato de sa\u00edda do relat\u00f3rio de ensaio (Excel, PDF, etc.) pode ser personalizado de acordo com os requisitos do utilizador, o que satisfaz os v\u00e1rios requisitos estat\u00edsticos e de formato da f\u00e1brica.<br \/>\n10. Est\u00e1 dispon\u00edvel uma interface de software multilingue.<\/p>","protected":false},"excerpt":{"rendered":"<p>XRF X-ray Fluorescence 8000 Applications It is mainly used for the detection of elements such as lead (Pb), mercury (Hg),&#8230;<\/p>","protected":false},"featured_media":22989,"comment_status":"closed","ping_status":"closed","template":"","meta":{"iawp_total_views":14},"etheme_brands":[{"term_id":181,"name":"XRF","slug":"xrf","term_group":0,"term_taxonomy_id":181,"taxonomy":"brand","description":"","parent":0,"count":3,"filter":"raw"}],"product_brand":[],"product_cat":[137],"product_tag":[],"class_list":{"0":"post-22986","1":"product","2":"type-product","3":"status-publish","4":"has-post-thumbnail","6":"brand-xrf","7":"product_cat-x-ray-inspection","9":"first","10":"instock","11":"shipping-taxable","12":"product-type-simple"},"_links":{"self":[{"href":"https:\/\/v2smt.com\/pt\/wp-json\/wp\/v2\/product\/22986","targetHints":{"allow":["GET"]}}],"collection":[{"href":"https:\/\/v2smt.com\/pt\/wp-json\/wp\/v2\/product"}],"about":[{"href":"https:\/\/v2smt.com\/pt\/wp-json\/wp\/v2\/types\/product"}],"replies":[{"embeddable":true,"href":"https:\/\/v2smt.com\/pt\/wp-json\/wp\/v2\/comments?post=22986"}],"version-history":[{"count":0,"href":"https:\/\/v2smt.com\/pt\/wp-json\/wp\/v2\/product\/22986\/revisions"}],"wp:featuredmedia":[{"embeddable":true,"href":"https:\/\/v2smt.com\/pt\/wp-json\/wp\/v2\/media\/22989"}],"wp:attachment":[{"href":"https:\/\/v2smt.com\/pt\/wp-json\/wp\/v2\/media?parent=22986"}],"wp:term":[{"taxonomy":"brand","embeddable":true,"href":"https:\/\/v2smt.com\/pt\/wp-json\/wp\/v2\/etheme_brands?post=22986"},{"taxonomy":"product_brand","embeddable":true,"href":"https:\/\/v2smt.com\/pt\/wp-json\/wp\/v2\/product_brand?post=22986"},{"taxonomy":"product_cat","embeddable":true,"href":"https:\/\/v2smt.com\/pt\/wp-json\/wp\/v2\/product_cat?post=22986"},{"taxonomy":"product_tag","embeddable":true,"href":"https:\/\/v2smt.com\/pt\/wp-json\/wp\/v2\/product_tag?post=22986"}],"curies":[{"name":"wp","href":"https:\/\/api.w.org\/{rel}","templated":true}]}}