{"id":22844,"date":"2025-01-06T02:44:21","date_gmt":"2025-01-06T02:44:21","guid":{"rendered":"https:\/\/v2smt.com\/?post_type=product&#038;p=22844"},"modified":"2025-01-06T03:29:04","modified_gmt":"2025-01-06T03:29:04","slug":"gkg-g-titan-smt-printer","status":"publish","type":"product","link":"https:\/\/v2smt.com\/pt\/products\/gkg-g-titan-smt-printer\/","title":{"rendered":"IMPRESSORA GKG G-TITAN SMT"},"content":{"rendered":"<h2>IMPRESSORA GKG G-TITAN SMT<\/h2>\n<p>Funcionamento totalmente autom\u00e1tico: Garante uma impress\u00e3o de est\u00eancil consistente e sem erros.<br \/>\nTecnologia avan\u00e7ada de impress\u00e3o em est\u00eancil: Obt\u00e9m impress\u00f5es de alta qualidade para componentes electr\u00f3nicos.<br \/>\nInterface de f\u00e1cil utiliza\u00e7\u00e3o: Simplifica a opera\u00e7\u00e3o e minimiza a curva de aprendizagem.<br \/>\nAlta compatibilidade: Suporta uma vasta gama de tamanhos e tipos de stencil.<br \/>\nConstru\u00e7\u00e3o duradoura: Concebida para suportar as exig\u00eancias da utiliza\u00e7\u00e3o industrial.<\/p>","protected":false},"excerpt":{"rendered":"<h3>IMPRESSORA GKG G-TITAN SMT:<\/h3>\n<p>Um vislumbre do futuro do fabrico \u00c0 medida que o panorama do fabrico abra\u00e7a cada vez mais a Ind\u00fastria 4.0, existe uma expetativa crescente entre os clientes de transformar as suas opera\u00e7\u00f5es para aumentar a produtividade e a competitividade. O G-TITAN, estrategicamente equipado com OPC (Optimum-Paste Control), garante uma transi\u00e7\u00e3o perfeita para o fabrico sem luzes. Juntamente com o QPC (Controlo de Qualidade de Impress\u00e3o), o G-TITAN defende firmemente a convic\u00e7\u00e3o de que uma impress\u00e3o de alta qualidade \u00e9 fundamental. Estes avan\u00e7os revolucion\u00e1rios nos aspectos fundamentais da impressora SMT prometem um n\u00edvel de efici\u00eancia nunca antes experimentado.<\/p>\n<h4>Distribui\u00e7\u00e3o automatizada de pasta<\/h4>\n<p>A pasta \u00e9 distribu\u00edda uniformemente ao longo de todo o comprimento do rodo, mantendo um di\u00e2metro de rolamento consistente de 15 mm. Este sistema utiliza o frasco padr\u00e3o de 500 gramas de pasta de solda, eliminando efetivamente qualquer desperd\u00edcio causado pelo transbordamento de pasta para os lados do rodo.<\/p>\n<h4>Sistema de monitoriza\u00e7\u00e3o do di\u00e2metro do rolo de pasta e rodo OPC Rodo OPC<\/h4>\n<p>CONTROLO DE QUALIDADE DE IMPRESS\u00c3O (QPC) - NADA \u00c9 MAIS IMPORTANTE DO QUE UMA BOA IMPRESS\u00c3O<\/p>","protected":false},"featured_media":22845,"comment_status":"open","ping_status":"closed","template":"","meta":{"iawp_total_views":150},"etheme_brands":[{"term_id":177,"name":"GKG","slug":"gkg","term_group":0,"term_taxonomy_id":177,"taxonomy":"brand","description":"","parent":0,"count":1,"filter":"raw"}],"product_brand":[],"product_cat":[133],"product_tag":[178],"class_list":{"0":"post-22844","1":"product","2":"type-product","3":"status-publish","4":"has-post-thumbnail","6":"brand-gkg","7":"product_cat-solder-printer","8":"product_tag-gkg-printer","10":"first","11":"instock","12":"shipping-taxable","13":"product-type-simple"},"_links":{"self":[{"href":"https:\/\/v2smt.com\/pt\/wp-json\/wp\/v2\/product\/22844","targetHints":{"allow":["GET"]}}],"collection":[{"href":"https:\/\/v2smt.com\/pt\/wp-json\/wp\/v2\/product"}],"about":[{"href":"https:\/\/v2smt.com\/pt\/wp-json\/wp\/v2\/types\/product"}],"replies":[{"embeddable":true,"href":"https:\/\/v2smt.com\/pt\/wp-json\/wp\/v2\/comments?post=22844"}],"version-history":[{"count":0,"href":"https:\/\/v2smt.com\/pt\/wp-json\/wp\/v2\/product\/22844\/revisions"}],"wp:featuredmedia":[{"embeddable":true,"href":"https:\/\/v2smt.com\/pt\/wp-json\/wp\/v2\/media\/22845"}],"wp:attachment":[{"href":"https:\/\/v2smt.com\/pt\/wp-json\/wp\/v2\/media?parent=22844"}],"wp:term":[{"taxonomy":"brand","embeddable":true,"href":"https:\/\/v2smt.com\/pt\/wp-json\/wp\/v2\/etheme_brands?post=22844"},{"taxonomy":"product_brand","embeddable":true,"href":"https:\/\/v2smt.com\/pt\/wp-json\/wp\/v2\/product_brand?post=22844"},{"taxonomy":"product_cat","embeddable":true,"href":"https:\/\/v2smt.com\/pt\/wp-json\/wp\/v2\/product_cat?post=22844"},{"taxonomy":"product_tag","embeddable":true,"href":"https:\/\/v2smt.com\/pt\/wp-json\/wp\/v2\/product_tag?post=22844"}],"curies":[{"name":"wp","href":"https:\/\/api.w.org\/{rel}","templated":true}]}}