{"id":22810,"date":"2024-11-22T08:21:24","date_gmt":"2024-11-22T08:21:24","guid":{"rendered":"https:\/\/v2smt.com\/?post_type=product&#038;p=22810"},"modified":"2025-12-29T03:15:07","modified_gmt":"2025-12-29T03:15:07","slug":"automatic-stencil-inspection-machine-vg830","status":"publish","type":"product","link":"https:\/\/v2smt.com\/pt\/products\/automatic-stencil-inspection-machine-vg830\/","title":{"rendered":"M\u00e1quina autom\u00e1tica de inspe\u00e7\u00e3o de est\u00eancil VG830"},"content":{"rendered":"<p>A m\u00e1quina de inspe\u00e7\u00e3o autom\u00e1tica de est\u00eancil VG830 da V2 foi concebida para a inspe\u00e7\u00e3o de alta precis\u00e3o de<br \/>\nstencils.<br \/>\n\uf06cThe A m\u00e1quina de inspe\u00e7\u00e3o autom\u00e1tica de stencil VG830 \u00e9 um dispositivo avan\u00e7ado de inspe\u00e7\u00e3o \u00f3tica concebido para melhorar a precis\u00e3o dos processos SMT (Surface Mount Technology). Come\u00e7a por utilizar tecnologia de imagem automatizada para recolher dados abrangentes sobre o tamanho e o posicionamento das aberturas do stencil. Esta informa\u00e7\u00e3o \u00e9 depois meticulosamente comparada com par\u00e2metros predefinidos no sistema, facilitando medidas rigorosas de controlo de qualidade para os stencils.<br \/>\n\uf06cKey Vantagens em rela\u00e7\u00e3o \u00e0 inspe\u00e7\u00e3o manual:<\/p>\n<p>\uf06cPrecision &amp; Consist\u00eancia: Ao contr\u00e1rio dos m\u00e9todos manuais tradicionais que se debatem com a consist\u00eancia e a precis\u00e3o, as nossas m\u00e1quinas de inspe\u00e7\u00e3o fornecem medi\u00e7\u00f5es precisas e compara\u00e7\u00f5es objectivas, eliminando o erro humano.<\/p>\n<p>\uf06cData Integra\u00e7\u00e3o: As inspec\u00e7\u00f5es manuais n\u00e3o t\u00eam a capacidade de registar e analisar dados de forma eficiente. O nosso sistema integra perfeitamente os resultados das inspec\u00e7\u00f5es em bases de dados, permitindo uma an\u00e1lise aprofundada do impacto das t\u00e9cnicas de perfura\u00e7\u00e3o na qualidade.<\/p>\n<p>\uf06cEase of Use: A opera\u00e7\u00e3o das nossas m\u00e1quinas de Inspe\u00e7\u00e3o \u00e9 de f\u00e1cil utiliza\u00e7\u00e3o e totalmente automatizada, assegurando ciclos de inspe\u00e7\u00e3o r\u00e1pidos e eliminando julgamentos subjectivos do processo. Isto produz dados imparciais e fi\u00e1veis, cruciais para a garantia de qualidade.<\/p>\n<p>\uf06cSpecialized Funcionalidade: O nosso equipamento \u00e9 especializado na verifica\u00e7\u00e3o das dimens\u00f5es e da precis\u00e3o de coloca\u00e7\u00e3o de novas aberturas de stencil, bem como na monitoriza\u00e7\u00e3o do estado e do desgaste dos stencils existentes. A dete\u00e7\u00e3o precoce da degrada\u00e7\u00e3o ou de est\u00eanceis de qualidade inferior evita que os lotes de PCB sejam comprometidos devido \u00e0 m\u00e1 qualidade do est\u00eancil.<\/p>\n<p>\uf06cAdaptive Ajuste e teste: As m\u00e1quinas de inspe\u00e7\u00e3o ajustam-se automaticamente a v\u00e1rios tamanhos de stencil, realizam testes de tens\u00e3o e documentam os resultados, permitindo o acompanhamento cont\u00ednuo da precis\u00e3o de cada stencil ao longo do tempo.<\/p>\n<p>\uf06cComprehensive Cobertura: Quer se trate de stencils padr\u00e3o ou em escada, as nossas m\u00e1quinas de inspe\u00e7\u00e3o garantem o cumprimento dos mais elevados padr\u00f5es de fabrico, validando tanto a integridade do novo stencil como a precis\u00e3o das metodologias de produ\u00e7\u00e3o.<\/p>\n<p>\uf06cEnhanced Verifica\u00e7\u00e3o: Ao cruzar os dados recolhidos com os ficheiros PCB GERBER e stencil GERBER\/CAD, as nossas m\u00e1quinas de inspe\u00e7\u00e3o efectuam compara\u00e7\u00f5es em v\u00e1rias camadas. Esta verifica\u00e7\u00e3o offline confirma a autenticidade do ficheiro antes da sua implementa\u00e7\u00e3o na produ\u00e7\u00e3o, acrescentando uma camada extra de controlo de qualidade.<\/p>\n<p>\uf06cProactive Gest\u00e3o da qualidade: A integra\u00e7\u00e3o das nossas m\u00e1quinas de inspe\u00e7\u00e3o de stencils em sistemas de gest\u00e3o automatizados permite a identifica\u00e7\u00e3o precoce e a retifica\u00e7\u00e3o de stencils n\u00e3o conformes, salvaguardando assim a efici\u00eancia global da produ\u00e7\u00e3o e a qualidade do produto<\/p>\n<p>A m\u00e1quina de inspe\u00e7\u00e3o autom\u00e1tica de est\u00eancil VG830 desempenha um papel fundamental no aperfei\u00e7oamento das metodologias de perfura\u00e7\u00e3o de est\u00eancil e na resolu\u00e7\u00e3o de desafios de impress\u00e3o complexos, contribuindo diretamente para um rendimento elevado de primeira passagem na inspe\u00e7\u00e3o de pasta de solda (SPI). Ao registar meticulosamente os dados de inspe\u00e7\u00e3o.<\/p>\n<p>Os sistemas \uf06cThe geram relat\u00f3rios abrangentes que cobrem todos os aspectos do processo de inspe\u00e7\u00e3o. Estas informa\u00e7\u00f5es detalhadas facilitam an\u00e1lises t\u00e9cnicas completas e fornecem um apoio inestim\u00e1vel para iniciativas de melhoria cont\u00ednua, assegurando um desempenho e uma qualidade \u00f3ptimos em toda a linha de produ\u00e7\u00e3o.<\/p>","protected":false},"excerpt":{"rendered":"<p>M\u00e1quina autom\u00e1tica de inspe\u00e7\u00e3o de est\u00eancil VG830, o inspetor autom\u00e1tico de est\u00eancil \u00e9 concebido para a inspe\u00e7\u00e3o de alta precis\u00e3o de est\u00eancis impressos. Este inspetor foi concebido para a inspe\u00e7\u00e3o de novos est\u00eanceis e qualidade de limpeza de antigos<br \/>\nStencil, optimizando a avalia\u00e7\u00e3o e a investiga\u00e7\u00e3o das t\u00e9cnicas de perfura\u00e7\u00e3o por stencil<br \/>\nRegisto e carregamento autom\u00e1tico numa base de dados do ciclo \u201cChegada - Verifica\u00e7\u00e3o e rece\u00e7\u00e3o - Armazenamento - Utiliza\u00e7\u00e3o - Limpeza - Inspe\u00e7\u00e3o de limpeza - Reutiliza\u00e7\u00e3o e armazenamento - Desmantelamento\u201d de todos os stencils, contribuindo para uma gest\u00e3o de dados totalmente automatizada.<br \/>\nM\u00e1quina autom\u00e1tica de inspe\u00e7\u00e3o de est\u00eancil<br \/>\nUma m\u00e1quina autom\u00e1tica de inspe\u00e7\u00e3o de stencils \u00e9 um sistema de medi\u00e7\u00e3o \u00f3tica de alta precis\u00e3o concebido para o controlo de qualidade no fabrico de tecnologia de montagem em superf\u00edcie (SMT). Efectua uma inspe\u00e7\u00e3o automatizada e sem contacto de stencils de pasta de soldadura (tamb\u00e9m designados por ecr\u00e3s ou modelos) para garantir dimens\u00f5es de abertura precisas, padr\u00f5es sem defeitos e conformidade com as normas industriais.<\/p>\n<p>Fun\u00e7\u00f5es principais<br \/>\nDete\u00e7\u00e3o de defeitos<br \/>\nIdentifica aberturas bloqueadas\/desalinhadas, rebarbas e danos<br \/>\nDetecta aberturas sobre\/dimensionadas e erros de inclina\u00e7\u00e3o<br \/>\nMedi\u00e7\u00e3o 3D<br \/>\nMede as dimens\u00f5es da abertura (comprimento\/largura\/di\u00e2metro)<br \/>\nQuantifica os \u00e2ngulos de conicidade e a suavidade da parede<br \/>\nControlo de processos<br \/>\nMonitoriza o desgaste do stencil ao longo dos ciclos de produ\u00e7\u00e3o<br \/>\nGera relat\u00f3rios SPC (Controlo Estat\u00edstico do Processo)<br \/>\nPrinc\u00edpio de funcionamento<br \/>\nImagiologia de alta resolu\u00e7\u00e3o<br \/>\nUtiliza \u00f3pticas telec\u00eantricas ou scanners laser<br \/>\nAtinge uma precis\u00e3o ao n\u00edvel do m\u00edcron (normalmente \u00b11-5\u03bcm)<br \/>\nAn\u00e1lise com base em IA<br \/>\nCompara padr\u00f5es de stencil com ficheiros CAD\/Gerber<br \/>\nOs algoritmos de aprendizagem autom\u00e1tica assinalam as anomalias<br \/>\nOpera\u00e7\u00e3o automatizada<br \/>\nEst\u00e1gios XY motorizados para digitaliza\u00e7\u00e3o de \u00e1rea total<br \/>\nAjuste autom\u00e1tico da focagem e otimiza\u00e7\u00e3o da ilumina\u00e7\u00e3o<br \/>\nVantagens t\u00e9cnicas<br \/>\nVelocidade: Inspecciona est\u00eanceis de 600x600mm em menos de 5 minutos<br \/>\nExatid\u00e3o: Resolve carater\u00edsticas at\u00e9 25\u03bcm<br \/>\nVersatilidade: Compat\u00edvel com stencils de a\u00e7o inoxid\u00e1vel, n\u00edquel e h\u00edbridos<br \/>\nIntegra\u00e7\u00e3o de dados: Suporta a Ind\u00fastria 4.0 com conetividade MES\/ERP<br \/>\nAplica\u00e7\u00f5es<br \/>\nMontagem de PCB para eletr\u00f3nica de consumo<br \/>\nFabrico de eletr\u00f3nica autom\u00f3vel<br \/>\nProdu\u00e7\u00e3o de componentes para dispositivos m\u00e9dicos<br \/>\nFabrico de placas de circuitos aeroespaciais<br \/>\nImpacto na ind\u00fastria: Reduz os defeitos da pasta de solda em at\u00e9 90%, minimiza os custos de retrabalho e garante a conformidade com os padr\u00f5es de design de est\u00eancil IPC-7525.<\/p>","protected":false},"featured_media":22811,"comment_status":"open","ping_status":"closed","template":"","meta":{"iawp_total_views":33},"etheme_brands":[],"product_brand":[],"product_cat":[176],"product_tag":[175],"class_list":{"0":"post-22810","1":"product","2":"type-product","3":"status-publish","4":"has-post-thumbnail","6":"product_cat-stencil-inspection-machine","7":"product_tag-automatic-stencil-inspection-machine","9":"first","10":"instock","11":"shipping-taxable","12":"product-type-simple"},"_links":{"self":[{"href":"https:\/\/v2smt.com\/pt\/wp-json\/wp\/v2\/product\/22810","targetHints":{"allow":["GET"]}}],"collection":[{"href":"https:\/\/v2smt.com\/pt\/wp-json\/wp\/v2\/product"}],"about":[{"href":"https:\/\/v2smt.com\/pt\/wp-json\/wp\/v2\/types\/product"}],"replies":[{"embeddable":true,"href":"https:\/\/v2smt.com\/pt\/wp-json\/wp\/v2\/comments?post=22810"}],"version-history":[{"count":0,"href":"https:\/\/v2smt.com\/pt\/wp-json\/wp\/v2\/product\/22810\/revisions"}],"wp:featuredmedia":[{"embeddable":true,"href":"https:\/\/v2smt.com\/pt\/wp-json\/wp\/v2\/media\/22811"}],"wp:attachment":[{"href":"https:\/\/v2smt.com\/pt\/wp-json\/wp\/v2\/media?parent=22810"}],"wp:term":[{"taxonomy":"brand","embeddable":true,"href":"https:\/\/v2smt.com\/pt\/wp-json\/wp\/v2\/etheme_brands?post=22810"},{"taxonomy":"product_brand","embeddable":true,"href":"https:\/\/v2smt.com\/pt\/wp-json\/wp\/v2\/product_brand?post=22810"},{"taxonomy":"product_cat","embeddable":true,"href":"https:\/\/v2smt.com\/pt\/wp-json\/wp\/v2\/product_cat?post=22810"},{"taxonomy":"product_tag","embeddable":true,"href":"https:\/\/v2smt.com\/pt\/wp-json\/wp\/v2\/product_tag?post=22810"}],"curies":[{"name":"wp","href":"https:\/\/api.w.org\/{rel}","templated":true}]}}