{"id":21941,"date":"2024-07-23T16:45:29","date_gmt":"2024-07-23T16:45:29","guid":{"rendered":"https:\/\/v2smt.com\/?post_type=product&#038;p=21941"},"modified":"2024-08-22T17:03:59","modified_gmt":"2024-08-22T17:03:59","slug":"pcb-router-machine-xj-l400z","status":"publish","type":"product","link":"https:\/\/v2smt.com\/pt\/products\/pcb-router-machine-xj-l400z\/","title":{"rendered":"M\u00e1quina de fresar PCB XJ-L400Z"},"content":{"rendered":"<p>1. Fresas de alta velocidade: Garantem uma separa\u00e7\u00e3o r\u00e1pida e exacta do PCB.<br \/>\n2. Servoaccionamento de tr\u00eas eixos: Proporciona um controlo de precis\u00e3o multidirecional.<br \/>\n3. Interface homem-computador: F\u00e1cil de utilizar com um ecr\u00e3 de 17 polegadas.<br \/>\n4. Sistema operativo WIN10: Oferece uma plataforma moderna e fi\u00e1vel.<br \/>\n5. C\u00e2mara CCD de elevado pixel: Melhora o ensino e a edi\u00e7\u00e3o de trajectos.<br \/>\n6. Software de compensa\u00e7\u00e3o MAKE: Permite ajustes de programa\u00e7\u00e3o precisos.<br \/>\n7. Adi\u00e7\u00e3o de quadros rectangulares: Simplifica a programa\u00e7\u00e3o do alinhamento geom\u00e9trico.<br \/>\n8. Gama de velocidades do fuso: 2000-60000 rpm para maior versatilidade.<br \/>\n9. Precis\u00e3o de posicionamento de \u00b10,01mm: Garante uma elevada precis\u00e3o nos cortes.<br \/>\n10. Controlo da velocidade de corte: Ajust\u00e1vel de 0 a 100mm\/seg.<br \/>\n11. Fun\u00e7\u00f5es de corte vers\u00e1teis: Suporta v\u00e1rios padr\u00f5es de corte, incluindo reto, L, U, arco e c\u00edrculo completo.<br \/>\n12. Controlo por computador industrial: Assegura um funcionamento robusto e est\u00e1vel.<br \/>\n13. Dimens\u00f5es compactas da m\u00e1quina: L830W1020H1860mm para efici\u00eancia de espa\u00e7o.<br \/>\n14. Recolha de poeiras opcional: Dispon\u00edvel recolha de poeiras superior ou inferior.<br \/>\n15. Sistema de parafuso\/trilho HIWIN: Assegura um movimento suave e fi\u00e1vel.<br \/>\n16. Fonte de alimenta\u00e7\u00e3o 380V\/3KW: Suporta opera\u00e7\u00f5es pesadas.<br \/>\n17. Peso da m\u00e1quina: 240KG para estabilidade e durabilidade.<\/p>","protected":false},"excerpt":{"rendered":"<p>A PCB Router XJ-L400Z \u00e9 uma fresadora visual de ponta, de esta\u00e7\u00e3o \u00fanica, concebida para a separa\u00e7\u00e3o precisa e a alta velocidade de PCB. Melhora a qualidade do produto e reduz o desperd\u00edcio atrav\u00e9s da fresagem automatizada, utilizando tecnologia avan\u00e7ada para uma produ\u00e7\u00e3o eficiente.<\/p>","protected":false},"featured_media":21705,"comment_status":"open","ping_status":"closed","template":"","meta":{"iawp_total_views":49},"etheme_brands":[],"product_brand":[],"product_cat":[160],"product_tag":[],"class_list":{"0":"post-21941","1":"product","2":"type-product","3":"status-publish","4":"has-post-thumbnail","6":"product_cat-pcb-router-machine","8":"first","9":"instock","10":"shipping-taxable","11":"product-type-simple"},"_links":{"self":[{"href":"https:\/\/v2smt.com\/pt\/wp-json\/wp\/v2\/product\/21941","targetHints":{"allow":["GET"]}}],"collection":[{"href":"https:\/\/v2smt.com\/pt\/wp-json\/wp\/v2\/product"}],"about":[{"href":"https:\/\/v2smt.com\/pt\/wp-json\/wp\/v2\/types\/product"}],"replies":[{"embeddable":true,"href":"https:\/\/v2smt.com\/pt\/wp-json\/wp\/v2\/comments?post=21941"}],"version-history":[{"count":0,"href":"https:\/\/v2smt.com\/pt\/wp-json\/wp\/v2\/product\/21941\/revisions"}],"wp:featuredmedia":[{"embeddable":true,"href":"https:\/\/v2smt.com\/pt\/wp-json\/wp\/v2\/media\/21705"}],"wp:attachment":[{"href":"https:\/\/v2smt.com\/pt\/wp-json\/wp\/v2\/media?parent=21941"}],"wp:term":[{"taxonomy":"brand","embeddable":true,"href":"https:\/\/v2smt.com\/pt\/wp-json\/wp\/v2\/etheme_brands?post=21941"},{"taxonomy":"product_brand","embeddable":true,"href":"https:\/\/v2smt.com\/pt\/wp-json\/wp\/v2\/product_brand?post=21941"},{"taxonomy":"product_cat","embeddable":true,"href":"https:\/\/v2smt.com\/pt\/wp-json\/wp\/v2\/product_cat?post=21941"},{"taxonomy":"product_tag","embeddable":true,"href":"https:\/\/v2smt.com\/pt\/wp-json\/wp\/v2\/product_tag?post=21941"}],"curies":[{"name":"wp","href":"https:\/\/api.w.org\/{rel}","templated":true}]}}