{"id":21939,"date":"2024-07-23T16:44:21","date_gmt":"2024-07-23T16:44:21","guid":{"rendered":"https:\/\/v2smt.com\/?post_type=product&#038;p=21939"},"modified":"2024-08-22T17:03:59","modified_gmt":"2024-08-22T17:03:59","slug":"pcb-router-machine-l400","status":"publish","type":"product","link":"https:\/\/v2smt.com\/pt\/products\/pcb-router-machine-l400\/","title":{"rendered":"Router para PCB L400"},"content":{"rendered":"<p>1. Fresagem de alta velocidade: Utiliza fresas para uma r\u00e1pida separa\u00e7\u00e3o de PCB.<br \/>\n2. Servoaccionamento de tr\u00eas eixos: Assegura um controlo multidirecional preciso.<br \/>\n3. Interface homem-computador: F\u00e1cil de utilizar com um ecr\u00e3 de 17 polegadas.<br \/>\n4. Sistema operativo WIN7: Fornece uma plataforma est\u00e1vel e familiar.<br \/>\n5. C\u00e2mara CCD de elevado pixel: Melhora o ensino de traject\u00f3rias e a precis\u00e3o da edi\u00e7\u00e3o.<br \/>\n6. Software de compensa\u00e7\u00e3o MAKE: Facilita ajustes de programa\u00e7\u00e3o precisos.<br \/>\n7. Adi\u00e7\u00e3o de quadros rectangulares: Simplifica a programa\u00e7\u00e3o do alinhamento geom\u00e9trico.<br \/>\n8. Variabilidade da velocidade do fuso: Varia de 2000 a 60000 rpm.<br \/>\n9. Precis\u00e3o de posicionamento: \u00b10,01mm para cortes de alta precis\u00e3o.<br \/>\n10. Controlo da velocidade de corte: Ajust\u00e1vel de 0 a 100mm\/seg.<br \/>\n11. Fun\u00e7\u00f5es de corte vers\u00e1teis: Acomoda v\u00e1rios padr\u00f5es de corte.<br \/>\n12. Controlo inform\u00e1tico industrial: Assegura um funcionamento fi\u00e1vel.<br \/>\n13. Dimens\u00e3o compacta: L830W1020H1400mm para maior efici\u00eancia de espa\u00e7o.<br \/>\n14. Recolha de poeiras opcional: Dispon\u00edvel recolha de poeiras superior ou inferior.<br \/>\n15. Sistema de parafuso\/trilho HIWIN: Oferece um movimento suave e fi\u00e1vel.<br \/>\n16. Fonte de alimenta\u00e7\u00e3o 380V\/3KW: Suporta opera\u00e7\u00f5es pesadas.<br \/>\n17. Peso da m\u00e1quina: 240KG para estabilidade e durabilidade.<\/p>","protected":false},"excerpt":{"rendered":"<p>A PCB Router Machine L400 \u00e9 uma fresadora visual de esta\u00e7\u00e3o \u00fanica de \u00faltima gera\u00e7\u00e3o, concebida para a separa\u00e7\u00e3o precisa e a alta velocidade de PCB. Utiliza servo-motores avan\u00e7ados e uma c\u00e2mara CCD de elevado pixel para automatizar o processo de corte, melhorando significativamente a qualidade do produto e reduzindo o desperd\u00edcio. Esta m\u00e1quina est\u00e1 equipada com uma interface de f\u00e1cil utiliza\u00e7\u00e3o e carater\u00edsticas robustas para otimizar a efici\u00eancia da produ\u00e7\u00e3o.<\/p>","protected":false},"featured_media":21704,"comment_status":"open","ping_status":"closed","template":"","meta":{"iawp_total_views":39},"etheme_brands":[],"product_brand":[],"product_cat":[160],"product_tag":[],"class_list":{"0":"post-21939","1":"product","2":"type-product","3":"status-publish","4":"has-post-thumbnail","6":"product_cat-pcb-router-machine","8":"first","9":"instock","10":"shipping-taxable","11":"product-type-simple"},"_links":{"self":[{"href":"https:\/\/v2smt.com\/pt\/wp-json\/wp\/v2\/product\/21939","targetHints":{"allow":["GET"]}}],"collection":[{"href":"https:\/\/v2smt.com\/pt\/wp-json\/wp\/v2\/product"}],"about":[{"href":"https:\/\/v2smt.com\/pt\/wp-json\/wp\/v2\/types\/product"}],"replies":[{"embeddable":true,"href":"https:\/\/v2smt.com\/pt\/wp-json\/wp\/v2\/comments?post=21939"}],"version-history":[{"count":0,"href":"https:\/\/v2smt.com\/pt\/wp-json\/wp\/v2\/product\/21939\/revisions"}],"wp:featuredmedia":[{"embeddable":true,"href":"https:\/\/v2smt.com\/pt\/wp-json\/wp\/v2\/media\/21704"}],"wp:attachment":[{"href":"https:\/\/v2smt.com\/pt\/wp-json\/wp\/v2\/media?parent=21939"}],"wp:term":[{"taxonomy":"brand","embeddable":true,"href":"https:\/\/v2smt.com\/pt\/wp-json\/wp\/v2\/etheme_brands?post=21939"},{"taxonomy":"product_brand","embeddable":true,"href":"https:\/\/v2smt.com\/pt\/wp-json\/wp\/v2\/product_brand?post=21939"},{"taxonomy":"product_cat","embeddable":true,"href":"https:\/\/v2smt.com\/pt\/wp-json\/wp\/v2\/product_cat?post=21939"},{"taxonomy":"product_tag","embeddable":true,"href":"https:\/\/v2smt.com\/pt\/wp-json\/wp\/v2\/product_tag?post=21939"}],"curies":[{"name":"wp","href":"https:\/\/api.w.org\/{rel}","templated":true}]}}