{"id":21936,"date":"2024-07-23T16:36:17","date_gmt":"2024-07-23T16:36:17","guid":{"rendered":"https:\/\/v2smt.com\/?post_type=product&#038;p=21936"},"modified":"2024-08-22T17:03:59","modified_gmt":"2024-08-22T17:03:59","slug":"x-ray-parts-counter-xc-01","status":"publish","type":"product","link":"https:\/\/v2smt.com\/pt\/products\/x-ray-parts-counter-xc-01\/","title":{"rendered":"Contador de pe\u00e7as de raios X XC-01"},"content":{"rendered":"<p>Tubo de raios X de tipo fechado de 80kV: Longa dura\u00e7\u00e3o e funcionamento praticamente sem manuten\u00e7\u00e3o.<\/p>\n<p>FPD de super defini\u00e7\u00e3o de 17\u201d: Assegura uma imagem de alta resolu\u00e7\u00e3o para uma contagem precisa.<\/p>\n<p>Velocidade de contagem ultra-r\u00e1pida: Conta quatro bobinas de 7\u201d ou uma bobina de 15\u201d em menos de 10 segundos.<\/p>\n<p>Algoritmo de aprendizagem profunda de IA: Actualiza\u00e7\u00f5es gratuitas e compatibilidade com sistemas MES, ERP, WMS.<\/p>\n<p>Leitura e etiquetagem autom\u00e1tica de c\u00f3digos: Simplifica o fluxo de trabalho e reduz o esfor\u00e7o do utilizador.<\/p>\n<p>N\u00e3o \u00e9 necess\u00e1rio mudar de modo: Design intuitivo para contagem de um ou v\u00e1rios rolos sem necessidade de comuta\u00e7\u00e3o manual.<\/p>\n<p>Fun\u00e7\u00e3o de n\u00famero de ordem de trabalho: Suporta o registo e o acompanhamento f\u00e1cil das ordens de trabalho.<\/p>\n<p>Sistemas de encravamento de seguran\u00e7a: Garante a seguran\u00e7a do utilizador com o desligamento imediato ap\u00f3s a abertura da porta.<\/p>\n<p>Conectividade de base de dados na nuvem: Aumenta a precis\u00e3o e a efici\u00eancia da contagem atrav\u00e9s de dados partilhados.<\/p>\n<p>Paragem de Emerg\u00eancia e Seguran\u00e7a Anti-Pinch: Fornece medidas de seguran\u00e7a de resposta imediata.<\/p>","protected":false},"excerpt":{"rendered":"<p>O contador de pe\u00e7as por raios X Microfocus XC-01 \u00e9 um sistema de inspe\u00e7\u00e3o inovador concebido para revolucionar a contagem de componentes na ind\u00fastria eletr\u00f3nica. Com o seu algoritmo avan\u00e7ado de aprendizagem profunda de IA e detetor de painel plano digital de alta defini\u00e7\u00e3o, o XC-01 oferece capacidades de contagem ultra-r\u00e1pidas com uma precis\u00e3o excecional. Este sistema integra-se perfeitamente na infraestrutura de gest\u00e3o existente, proporcionando uma solu\u00e7\u00e3o abrangente para o invent\u00e1rio de componentes e o controlo de qualidade.<\/p>","protected":false},"featured_media":21716,"comment_status":"open","ping_status":"closed","template":"","meta":{"iawp_total_views":120},"etheme_brands":[],"product_brand":[],"product_cat":[155],"product_tag":[],"class_list":{"0":"post-21936","1":"product","2":"type-product","3":"status-publish","4":"has-post-thumbnail","6":"product_cat-x-ray-parts-counter","8":"first","9":"instock","10":"shipping-taxable","11":"product-type-simple"},"_links":{"self":[{"href":"https:\/\/v2smt.com\/pt\/wp-json\/wp\/v2\/product\/21936","targetHints":{"allow":["GET"]}}],"collection":[{"href":"https:\/\/v2smt.com\/pt\/wp-json\/wp\/v2\/product"}],"about":[{"href":"https:\/\/v2smt.com\/pt\/wp-json\/wp\/v2\/types\/product"}],"replies":[{"embeddable":true,"href":"https:\/\/v2smt.com\/pt\/wp-json\/wp\/v2\/comments?post=21936"}],"version-history":[{"count":0,"href":"https:\/\/v2smt.com\/pt\/wp-json\/wp\/v2\/product\/21936\/revisions"}],"wp:featuredmedia":[{"embeddable":true,"href":"https:\/\/v2smt.com\/pt\/wp-json\/wp\/v2\/media\/21716"}],"wp:attachment":[{"href":"https:\/\/v2smt.com\/pt\/wp-json\/wp\/v2\/media?parent=21936"}],"wp:term":[{"taxonomy":"brand","embeddable":true,"href":"https:\/\/v2smt.com\/pt\/wp-json\/wp\/v2\/etheme_brands?post=21936"},{"taxonomy":"product_brand","embeddable":true,"href":"https:\/\/v2smt.com\/pt\/wp-json\/wp\/v2\/product_brand?post=21936"},{"taxonomy":"product_cat","embeddable":true,"href":"https:\/\/v2smt.com\/pt\/wp-json\/wp\/v2\/product_cat?post=21936"},{"taxonomy":"product_tag","embeddable":true,"href":"https:\/\/v2smt.com\/pt\/wp-json\/wp\/v2\/product_tag?post=21936"}],"curies":[{"name":"wp","href":"https:\/\/api.w.org\/{rel}","templated":true}]}}