{"id":21934,"date":"2024-07-23T16:30:23","date_gmt":"2024-07-23T16:30:23","guid":{"rendered":"https:\/\/v2smt.com\/?post_type=product&#038;p=21934"},"modified":"2024-08-22T17:03:59","modified_gmt":"2024-08-22T17:03:59","slug":"dx-temperature-curve-analyzer","status":"publish","type":"product","link":"https:\/\/v2smt.com\/pt\/products\/dx-temperature-curve-analyzer\/","title":{"rendered":"Analisador de curvas de temperatura DX"},"content":{"rendered":"<p>Funcionamento intuitivo: Interface simples e f\u00e1cil de utilizar com gest\u00e3o de base de dados para todos os dados.<\/p>\n<p>Elevada frequ\u00eancia de amostragem: Varia de 0,05s a 30Min, atendendo a v\u00e1rias necessidades de teste.<\/p>\n<p>Grande capacidade de mem\u00f3ria: Armazenamento de at\u00e9 500.000 pontos de dados para an\u00e1lise extensiva.<\/p>\n<p>M\u00faltiplos canais de teste: Op\u00e7\u00f5es para 6, 10 ou 15 canais para testes abrangentes.<\/p>\n<p>Alta precis\u00e3o: precis\u00e3o de \u00b1 0,6 \u2103 para medi\u00e7\u00f5es de temperatura confi\u00e1veis.<\/p>\n<p>Distinguibilidade: resolu\u00e7\u00e3o de 0,1\u2103 para dados t\u00e9rmicos de granula\u00e7\u00e3o fina.<\/p>\n<p>An\u00e1lise inteligente: Determina\u00e7\u00e3o automatizada da elegibilidade do processo sem descarregar dados.<\/p>\n<p>An\u00e1lise de software: Equipado com um software de alta efici\u00eancia e f\u00e1cil de operar para an\u00e1lise de dados.<\/p>\n<p>Capacidade de carregamento r\u00e1pido: o carregamento de 10 minutos proporciona um tempo de utiliza\u00e7\u00e3o alargado.<\/p>\n<p>Ecr\u00e3 de indicadores LED: Indicadores claros para o estado da bateria, armazenamento de dados e alarmes de alta temperatura.<\/p>\n<p>Auto-prote\u00e7\u00e3o a alta temperatura: Desligamento autom\u00e1tico a 70 \u2103 para evitar danos.<\/p>","protected":false},"excerpt":{"rendered":"<p>O Analisador de Curvas de Temperatura da S\u00e9rie DX da BESTEMP \u00e9 um instrumento avan\u00e7ado de an\u00e1lise t\u00e9rmica concebido para perfis de temperatura de alta precis\u00e3o em v\u00e1rias ind\u00fastrias. Com sua opera\u00e7\u00e3o amig\u00e1vel e gerenciamento robusto de banco de dados, a S\u00e9rie DX simplifica o processo de captura e an\u00e1lise de dados t\u00e9rmicos, tornando-a uma ferramenta indispens\u00e1vel para garantia de qualidade em eletr\u00f4nica, cer\u00e2mica, alimentos, automotivo e muito mais.<\/p>","protected":false},"featured_media":21715,"comment_status":"open","ping_status":"closed","template":"","meta":{"iawp_total_views":115},"etheme_brands":[],"product_brand":[],"product_cat":[141,162],"product_tag":[],"class_list":{"0":"post-21934","1":"product","2":"type-product","3":"status-publish","4":"has-post-thumbnail","6":"product_cat-temperature-curve-analyzer","7":"product_cat-tools","9":"first","10":"instock","11":"shipping-taxable","12":"product-type-simple"},"_links":{"self":[{"href":"https:\/\/v2smt.com\/pt\/wp-json\/wp\/v2\/product\/21934","targetHints":{"allow":["GET"]}}],"collection":[{"href":"https:\/\/v2smt.com\/pt\/wp-json\/wp\/v2\/product"}],"about":[{"href":"https:\/\/v2smt.com\/pt\/wp-json\/wp\/v2\/types\/product"}],"replies":[{"embeddable":true,"href":"https:\/\/v2smt.com\/pt\/wp-json\/wp\/v2\/comments?post=21934"}],"version-history":[{"count":0,"href":"https:\/\/v2smt.com\/pt\/wp-json\/wp\/v2\/product\/21934\/revisions"}],"wp:featuredmedia":[{"embeddable":true,"href":"https:\/\/v2smt.com\/pt\/wp-json\/wp\/v2\/media\/21715"}],"wp:attachment":[{"href":"https:\/\/v2smt.com\/pt\/wp-json\/wp\/v2\/media?parent=21934"}],"wp:term":[{"taxonomy":"brand","embeddable":true,"href":"https:\/\/v2smt.com\/pt\/wp-json\/wp\/v2\/etheme_brands?post=21934"},{"taxonomy":"product_brand","embeddable":true,"href":"https:\/\/v2smt.com\/pt\/wp-json\/wp\/v2\/product_brand?post=21934"},{"taxonomy":"product_cat","embeddable":true,"href":"https:\/\/v2smt.com\/pt\/wp-json\/wp\/v2\/product_cat?post=21934"},{"taxonomy":"product_tag","embeddable":true,"href":"https:\/\/v2smt.com\/pt\/wp-json\/wp\/v2\/product_tag?post=21934"}],"curies":[{"name":"wp","href":"https:\/\/api.w.org\/{rel}","templated":true}]}}