{"id":21919,"date":"2024-07-23T15:57:16","date_gmt":"2024-07-23T15:57:16","guid":{"rendered":"https:\/\/v2smt.com\/?post_type=product&#038;p=21919"},"modified":"2024-08-22T17:03:58","modified_gmt":"2024-08-22T17:03:58","slug":"automatic-glue-filling-machine-3030c","status":"publish","type":"product","link":"https:\/\/v2smt.com\/pt\/products\/automatic-glue-filling-machine-3030c\/","title":{"rendered":"M\u00e1quina autom\u00e1tica de enchimento de cola 3030C"},"content":{"rendered":"<p>Dispensador autom\u00e1tico: Para todos os tipos de colas de dois componentes.<\/p>\n<p>Ampla aplica\u00e7\u00e3o: Adequado para as ind\u00fastrias el\u00e9ctrica, eletr\u00f3nica e autom\u00f3vel.<\/p>\n<p>Alta velocidade de movimento: 0-300mm\/seg para um processamento r\u00e1pido.<\/p>\n<p>Alta precis\u00e3o de propor\u00e7\u00e3o: \u00b12% para misturas consistentes.<\/p>\n<p>R\u00e1cio de mistura ajust\u00e1vel: De 100:100 a 100:20 ou de 100:20 a 100:10.<\/p>\n<p>Velocidade de cuspo vari\u00e1vel: 1g\/seg. a 15g\/seg. ou 5g\/seg. a 30g\/seg.<\/p>\n<p>Limite de baixa viscosidade: Funciona com viscosidades &lt;100000CPS.<\/p>\n<p>Interface de f\u00e1cil utiliza\u00e7\u00e3o: Controlador de movimento Shichun com ecr\u00e3 t\u00e1til.<\/p>\n<p>Medi\u00e7\u00e3o por motor de passo: Assegura um fluxo de adesivo preciso.<\/p>\n<p>Tamanho compacto da m\u00e1quina: 1300(L) \u25731250(W)\u25731600(H)mm para f\u00e1cil integra\u00e7\u00e3o.<\/p>","protected":false},"excerpt":{"rendered":"<p>A M\u00e1quina de enchimento de cola autom\u00e1tica 3030C \u00e9 um equipamento especializado concebido para a distribui\u00e7\u00e3o autom\u00e1tica de adesivos de dois componentes. \u00c9 amplamente aplic\u00e1vel em v\u00e1rias ind\u00fastrias, incluindo eletr\u00f3nica, autom\u00f3vel e electrodom\u00e9sticos, oferecendo uma aplica\u00e7\u00e3o de adesivo precisa e eficiente.<\/p>","protected":false},"featured_media":21675,"comment_status":"open","ping_status":"closed","template":"","meta":{"iawp_total_views":143},"etheme_brands":[],"product_brand":[],"product_cat":[147],"product_tag":[],"class_list":{"0":"post-21919","1":"product","2":"type-product","3":"status-publish","4":"has-post-thumbnail","6":"product_cat-automatic-dispensing-machine","8":"first","9":"instock","10":"shipping-taxable","11":"product-type-simple"},"_links":{"self":[{"href":"https:\/\/v2smt.com\/pt\/wp-json\/wp\/v2\/product\/21919","targetHints":{"allow":["GET"]}}],"collection":[{"href":"https:\/\/v2smt.com\/pt\/wp-json\/wp\/v2\/product"}],"about":[{"href":"https:\/\/v2smt.com\/pt\/wp-json\/wp\/v2\/types\/product"}],"replies":[{"embeddable":true,"href":"https:\/\/v2smt.com\/pt\/wp-json\/wp\/v2\/comments?post=21919"}],"version-history":[{"count":0,"href":"https:\/\/v2smt.com\/pt\/wp-json\/wp\/v2\/product\/21919\/revisions"}],"wp:featuredmedia":[{"embeddable":true,"href":"https:\/\/v2smt.com\/pt\/wp-json\/wp\/v2\/media\/21675"}],"wp:attachment":[{"href":"https:\/\/v2smt.com\/pt\/wp-json\/wp\/v2\/media?parent=21919"}],"wp:term":[{"taxonomy":"brand","embeddable":true,"href":"https:\/\/v2smt.com\/pt\/wp-json\/wp\/v2\/etheme_brands?post=21919"},{"taxonomy":"product_brand","embeddable":true,"href":"https:\/\/v2smt.com\/pt\/wp-json\/wp\/v2\/product_brand?post=21919"},{"taxonomy":"product_cat","embeddable":true,"href":"https:\/\/v2smt.com\/pt\/wp-json\/wp\/v2\/product_cat?post=21919"},{"taxonomy":"product_tag","embeddable":true,"href":"https:\/\/v2smt.com\/pt\/wp-json\/wp\/v2\/product_tag?post=21919"}],"curies":[{"name":"wp","href":"https:\/\/api.w.org\/{rel}","templated":true}]}}