{"id":21915,"date":"2024-07-23T15:52:14","date_gmt":"2024-07-23T15:52:14","guid":{"rendered":"https:\/\/v2smt.com\/?post_type=product&#038;p=21915"},"modified":"2024-08-22T17:03:58","modified_gmt":"2024-08-22T17:03:58","slug":"t350-wave-soldering-machine","status":"publish","type":"product","link":"https:\/\/v2smt.com\/pt\/products\/t350-wave-soldering-machine\/","title":{"rendered":"M\u00e1quina de solda por onda T350"},"content":{"rendered":"<p>1. Design eficiente e amigo do ambiente - Poupan\u00e7a de energia, sem chumbo, seguro.<br \/>\n2. Sistema autom\u00e1tico de energia - Conversor de frequ\u00eancia, entrada de placa autom\u00e1tica.<br \/>\n3. Sistema avan\u00e7ado de pulveriza\u00e7\u00e3o de fluxo - bicos de varrimento, bicos japoneses, controlo PLC.<br \/>\n4. Controlo independente da temperatura - Calor uniforme, precis\u00e3o de \u00b12\u00baC.<br \/>\n5. Garras de corrente de liga especial - Antiaderentes, garantem a qualidade da soldadura.<br \/>\n9. Motor de solda de alta frequ\u00eancia - Importado, desempenho est\u00e1vel.<br \/>\n7. Forno de solda sem chumbo - F\u00e1cil de limpar, prote\u00e7\u00e3o ambiental.<br \/>\n8. Controlo de aquecimento PID e IR - 90 minutos de aquecimento, fun\u00e7\u00f5es predefinidas.<br \/>\n9. Fun\u00e7\u00e3o de mem\u00f3ria da caixa negra - Armazena registos de produ\u00e7\u00e3o, efici\u00eancia.<br \/>\n10. Limpeza autom\u00e1tica da garra - Assegura uma limpeza cont\u00ednua.<br \/>\n11. Sistema de alarme de seguran\u00e7a em caso de avaria - Sens\u00edvel, garante o desempenho e a seguran\u00e7a.<\/p>","protected":false},"excerpt":{"rendered":"<p>A m\u00e1quina de soldadura por onda T350 oferece uma solu\u00e7\u00e3o de soldadura eficiente, economizadora de energia e sem chumbo, que \u00e9 amiga do ambiente e de f\u00e1cil manuten\u00e7\u00e3o. Possui um sistema de alimenta\u00e7\u00e3o autom\u00e1tico, aplica\u00e7\u00e3o precisa de fluxo e uma corrente de transporte de liga especial para soldadura de PCB de qualidade. Com um design de f\u00e1cil utiliza\u00e7\u00e3o e sistemas de controlo avan\u00e7ados, garante um funcionamento seguro e fi\u00e1vel.<\/p>","protected":false},"featured_media":21712,"comment_status":"open","ping_status":"closed","template":"","meta":{"iawp_total_views":66},"etheme_brands":[],"product_brand":[],"product_cat":[138],"product_tag":[],"class_list":{"0":"post-21915","1":"product","2":"type-product","3":"status-publish","4":"has-post-thumbnail","6":"product_cat-wave-soldering","8":"first","9":"instock","10":"shipping-taxable","11":"product-type-simple"},"_links":{"self":[{"href":"https:\/\/v2smt.com\/pt\/wp-json\/wp\/v2\/product\/21915","targetHints":{"allow":["GET"]}}],"collection":[{"href":"https:\/\/v2smt.com\/pt\/wp-json\/wp\/v2\/product"}],"about":[{"href":"https:\/\/v2smt.com\/pt\/wp-json\/wp\/v2\/types\/product"}],"replies":[{"embeddable":true,"href":"https:\/\/v2smt.com\/pt\/wp-json\/wp\/v2\/comments?post=21915"}],"version-history":[{"count":0,"href":"https:\/\/v2smt.com\/pt\/wp-json\/wp\/v2\/product\/21915\/revisions"}],"wp:featuredmedia":[{"embeddable":true,"href":"https:\/\/v2smt.com\/pt\/wp-json\/wp\/v2\/media\/21712"}],"wp:attachment":[{"href":"https:\/\/v2smt.com\/pt\/wp-json\/wp\/v2\/media?parent=21915"}],"wp:term":[{"taxonomy":"brand","embeddable":true,"href":"https:\/\/v2smt.com\/pt\/wp-json\/wp\/v2\/etheme_brands?post=21915"},{"taxonomy":"product_brand","embeddable":true,"href":"https:\/\/v2smt.com\/pt\/wp-json\/wp\/v2\/product_brand?post=21915"},{"taxonomy":"product_cat","embeddable":true,"href":"https:\/\/v2smt.com\/pt\/wp-json\/wp\/v2\/product_cat?post=21915"},{"taxonomy":"product_tag","embeddable":true,"href":"https:\/\/v2smt.com\/pt\/wp-json\/wp\/v2\/product_tag?post=21915"}],"curies":[{"name":"wp","href":"https:\/\/api.w.org\/{rel}","templated":true}]}}