{"id":21913,"date":"2024-07-23T15:48:36","date_gmt":"2024-07-23T15:48:36","guid":{"rendered":"https:\/\/v2smt.com\/?post_type=product&#038;p=21913"},"modified":"2024-08-22T17:03:58","modified_gmt":"2024-08-22T17:03:58","slug":"aoi-600-automated-optical-inspection-machine","status":"publish","type":"product","link":"https:\/\/v2smt.com\/pt\/products\/aoi-600-automated-optical-inspection-machine\/","title":{"rendered":"M\u00e1quina de Inspe\u00e7\u00e3o \u00d3tica Automatizada AOI 600"},"content":{"rendered":"<p>1. C\u00e2mara de alta velocidade de 5M: Captura imagens detalhadas com exposi\u00e7\u00e3o global.<br \/>\n2. Lente Telec\u00eantrica: 5M de nitidez de pix\u00e9is, 8-10mm de profundidade de campo.<br \/>\n3. Ilumina\u00e7\u00e3o LED RGB: Aumenta a visibilidade com uma ilumina\u00e7\u00e3o multi-\u00e2ngulo.<br \/>\n4. Sistema de controlo digital: Gere os par\u00e2metros de luz e de dete\u00e7\u00e3o.<br \/>\n5. Algoritmos de dete\u00e7\u00e3o avan\u00e7ados: Inclui correspond\u00eancia de modelos, dete\u00e7\u00e3o inteligente.<br \/>\n6. Tecnologia IPE: Processamento de imagem personaliz\u00e1vel para maior precis\u00e3o.<br \/>\n7. Velocidade de processamento r\u00e1pida: menos de 170 ms por FOV.<br \/>\n8. Velocidade de dete\u00e7\u00e3o eficiente: 3500 mm\u00b2\/s para controlo de qualidade.<br \/>\n9. Programa\u00e7\u00e3o offline: Interface gr\u00e1fica para depura\u00e7\u00e3o remota.<br \/>\n10. Pontos de marca\u00e7\u00e3o m\u00faltiplos: Suporta a sele\u00e7\u00e3o de at\u00e9 dois pontos comuns ou mais.<br \/>\n11. Dete\u00e7\u00e3o exaustiva de defeitos: Abrange a pasta de solda, SMT, refluxo e soldadura por onda.<br \/>\n12. Medidas anti-est\u00e1ticas: Equipado com tomada e anel anti-est\u00e1tico.<br \/>\n13. Manuseamento flex\u00edvel de PCB: Ajust\u00e1vel para tamanhos de 50\u00d750mm a 500\u00d7325mm.<br \/>\n14. Posicionamento preciso: precis\u00e3o \u22648um com sistema de servo motor.<br \/>\n15. Hardware potente: CPU I5, GPU de 8 GB, 16 GB de RAM para um funcionamento fi\u00e1vel.<\/p>","protected":false},"excerpt":{"rendered":"<p>A AOI 600 \u00e9 uma sofisticada m\u00e1quina de inspe\u00e7\u00e3o \u00f3tica automatizada equipada com uma c\u00e2mara industrial digital inteligente de alta velocidade de 5M e uma lente telec\u00eantrica. Oferece algoritmos de dete\u00e7\u00e3o avan\u00e7ados, tecnologia IPE para processamento de imagem personalizado e um sistema mec\u00e2nico robusto. Capaz de lidar com PCBs at\u00e9 500\u00d7325mm, assegura inspec\u00e7\u00f5es precisas e de alta velocidade com uma velocidade de processamento inferior a 170ms por FOV e uma velocidade de dete\u00e7\u00e3o de 3500mm\u00b2\/s.<\/p>","protected":false},"featured_media":21674,"comment_status":"open","ping_status":"closed","template":"","meta":{"iawp_total_views":66},"etheme_brands":[],"product_brand":[],"product_cat":[136],"product_tag":[],"class_list":{"0":"post-21913","1":"product","2":"type-product","3":"status-publish","4":"has-post-thumbnail","6":"product_cat-automated-optical-inspection","8":"first","9":"instock","10":"shipping-taxable","11":"product-type-simple"},"_links":{"self":[{"href":"https:\/\/v2smt.com\/pt\/wp-json\/wp\/v2\/product\/21913","targetHints":{"allow":["GET"]}}],"collection":[{"href":"https:\/\/v2smt.com\/pt\/wp-json\/wp\/v2\/product"}],"about":[{"href":"https:\/\/v2smt.com\/pt\/wp-json\/wp\/v2\/types\/product"}],"replies":[{"embeddable":true,"href":"https:\/\/v2smt.com\/pt\/wp-json\/wp\/v2\/comments?post=21913"}],"version-history":[{"count":0,"href":"https:\/\/v2smt.com\/pt\/wp-json\/wp\/v2\/product\/21913\/revisions"}],"wp:featuredmedia":[{"embeddable":true,"href":"https:\/\/v2smt.com\/pt\/wp-json\/wp\/v2\/media\/21674"}],"wp:attachment":[{"href":"https:\/\/v2smt.com\/pt\/wp-json\/wp\/v2\/media?parent=21913"}],"wp:term":[{"taxonomy":"brand","embeddable":true,"href":"https:\/\/v2smt.com\/pt\/wp-json\/wp\/v2\/etheme_brands?post=21913"},{"taxonomy":"product_brand","embeddable":true,"href":"https:\/\/v2smt.com\/pt\/wp-json\/wp\/v2\/product_brand?post=21913"},{"taxonomy":"product_cat","embeddable":true,"href":"https:\/\/v2smt.com\/pt\/wp-json\/wp\/v2\/product_cat?post=21913"},{"taxonomy":"product_tag","embeddable":true,"href":"https:\/\/v2smt.com\/pt\/wp-json\/wp\/v2\/product_tag?post=21913"}],"curies":[{"name":"wp","href":"https:\/\/api.w.org\/{rel}","templated":true}]}}