{"id":21911,"date":"2024-07-23T15:46:57","date_gmt":"2024-07-23T15:46:57","guid":{"rendered":"https:\/\/v2smt.com\/?post_type=product&#038;p=21911"},"modified":"2024-08-22T17:03:58","modified_gmt":"2024-08-22T17:03:58","slug":"aoi-500-automated-optical-inspection-machine","status":"publish","type":"product","link":"https:\/\/v2smt.com\/pt\/products\/aoi-500-automated-optical-inspection-machine\/","title":{"rendered":"M\u00e1quina de Inspe\u00e7\u00e3o \u00d3tica Automatizada AOI 500"},"content":{"rendered":"<p>1. C\u00e2mara de alta velocidade: C\u00e2mara inteligente de 5M pix\u00e9is para inspec\u00e7\u00f5es detalhadas.<br \/>\n2. Lente telec\u00eantrica: Proporciona uma nitidez de p\u00edxeis de 5M com uma profundidade de campo de 8-10 mm.<br \/>\n3. Ilumina\u00e7\u00e3o LED RGB: Ilumina\u00e7\u00e3o multi-\u00e2ngulo para uma visibilidade constante.<br \/>\n4. Sistema de controlo digital: Gest\u00e3o avan\u00e7ada dos par\u00e2metros de luz e dete\u00e7\u00e3o.<br \/>\n5. Algoritmos de dete\u00e7\u00e3o: Correspond\u00eancia de modelos, dete\u00e7\u00e3o inteligente e dete\u00e7\u00e3o de c\u00edrculos.<br \/>\n6. Tecnologia IPE: Processamento de imagem personaliz\u00e1vel para uma dete\u00e7\u00e3o melhorada.<br \/>\n7. Elevada velocidade de processamento: Menos de 170 ms por FOV para uma an\u00e1lise r\u00e1pida.<br \/>\n8. Velocidade de dete\u00e7\u00e3o precisa: 3500 mm\u00b2\/s para um controlo de qualidade eficiente.<br \/>\n9. Programa\u00e7\u00e3o offline: Interface gr\u00e1fica para depura\u00e7\u00e3o precisa e remota.<br \/>\n10. Sele\u00e7\u00e3o de pontos de refer\u00eancia: Selecionar v\u00e1rios pontos de refer\u00eancia para obter precis\u00e3o.<br \/>\n11. Cobertura de teste abrangente: Detecta defeitos na pasta de solda, SMT, refluxo, solda por onda.<br \/>\n12. Medidas anti-est\u00e1ticas: Equipado com tomada e anel anti-est\u00e1tico.<br \/>\n13. Manuseamento flex\u00edvel de PCB: Ajust\u00e1vel para tamanhos de 35\u00d735mm a 450\u00d7330mm.<br \/>\n14. Conce\u00e7\u00e3o mec\u00e2nica robusta: O sistema de servomotores garante uma precis\u00e3o de \u22648um.<br \/>\n15. Hardware potente: CPU I5, GPU de 8 GB, 16 GB de RAM para um funcionamento fi\u00e1vel.<\/p>","protected":false},"excerpt":{"rendered":"<p>A AOI 500 \u00e9 uma m\u00e1quina de inspe\u00e7\u00e3o \u00f3tica automatizada avan\u00e7ada concebida para controlo de qualidade de alta velocidade e precis\u00e3o no fabrico. Inclui uma c\u00e2mara industrial digital inteligente de alta velocidade de 5M com uma resolu\u00e7\u00e3o de 15 m\u00edcrones, lente telec\u00eantrica e ilumina\u00e7\u00e3o LED RGB. O sistema suporta v\u00e1rios algoritmos de dete\u00e7\u00e3o, incluindo correspond\u00eancia de modelos, dete\u00e7\u00e3o inteligente, dete\u00e7\u00e3o de c\u00edrculos e reconhecimento de caracteres. Com uma velocidade de processamento de imagem inferior a 170 ms por FOV e uma velocidade de dete\u00e7\u00e3o de 3500 mm\u00b2\/s, o AOI 500 garante inspec\u00e7\u00f5es eficientes e precisas. Tamb\u00e9m oferece IPE para processamento de imagem personalizado e funciona em Windows 10-64Bit com uma configura\u00e7\u00e3o de hardware robusta.<\/p>","protected":false},"featured_media":21673,"comment_status":"open","ping_status":"closed","template":"","meta":{"iawp_total_views":134},"etheme_brands":[],"product_brand":[],"product_cat":[136],"product_tag":[],"class_list":{"0":"post-21911","1":"product","2":"type-product","3":"status-publish","4":"has-post-thumbnail","6":"product_cat-automated-optical-inspection","8":"first","9":"instock","10":"shipping-taxable","11":"product-type-simple"},"_links":{"self":[{"href":"https:\/\/v2smt.com\/pt\/wp-json\/wp\/v2\/product\/21911","targetHints":{"allow":["GET"]}}],"collection":[{"href":"https:\/\/v2smt.com\/pt\/wp-json\/wp\/v2\/product"}],"about":[{"href":"https:\/\/v2smt.com\/pt\/wp-json\/wp\/v2\/types\/product"}],"replies":[{"embeddable":true,"href":"https:\/\/v2smt.com\/pt\/wp-json\/wp\/v2\/comments?post=21911"}],"version-history":[{"count":0,"href":"https:\/\/v2smt.com\/pt\/wp-json\/wp\/v2\/product\/21911\/revisions"}],"wp:featuredmedia":[{"embeddable":true,"href":"https:\/\/v2smt.com\/pt\/wp-json\/wp\/v2\/media\/21673"}],"wp:attachment":[{"href":"https:\/\/v2smt.com\/pt\/wp-json\/wp\/v2\/media?parent=21911"}],"wp:term":[{"taxonomy":"brand","embeddable":true,"href":"https:\/\/v2smt.com\/pt\/wp-json\/wp\/v2\/etheme_brands?post=21911"},{"taxonomy":"product_brand","embeddable":true,"href":"https:\/\/v2smt.com\/pt\/wp-json\/wp\/v2\/product_brand?post=21911"},{"taxonomy":"product_cat","embeddable":true,"href":"https:\/\/v2smt.com\/pt\/wp-json\/wp\/v2\/product_cat?post=21911"},{"taxonomy":"product_tag","embeddable":true,"href":"https:\/\/v2smt.com\/pt\/wp-json\/wp\/v2\/product_tag?post=21911"}],"curies":[{"name":"wp","href":"https:\/\/api.w.org\/{rel}","templated":true}]}}