{"id":21909,"date":"2024-07-23T15:44:20","date_gmt":"2024-07-23T15:44:20","guid":{"rendered":"https:\/\/v2smt.com\/?post_type=product&#038;p=21909"},"modified":"2024-08-22T17:03:58","modified_gmt":"2024-08-22T17:03:58","slug":"yrh10-hybrid-mounting-machine","status":"publish","type":"product","link":"https:\/\/v2smt.com\/pt\/products\/yrh10-hybrid-mounting-machine\/","title":{"rendered":"M\u00e1quina de montagem h\u00edbrida YRH10"},"content":{"rendered":"<p>Capacidade de montagem h\u00edbrida: Combina a coloca\u00e7\u00e3o de componentes semicondutores e SMD num \u00fanico processo.<br \/>\nElevada velocidade de coloca\u00e7\u00e3o: Atinge at\u00e9 10.800 CPH em condi\u00e7\u00f5es \u00f3ptimas.<br \/>\nColoca\u00e7\u00e3o de precis\u00e3o: Garante uma precis\u00e3o de coloca\u00e7\u00e3o de \u00b115\u03bcm com um valor Cpk de 1,0 ou superior.<br \/>\nSistema de c\u00e2mara avan\u00e7ado: Equipado com uma c\u00e2mara multifuncional para reconhecimento de componentes de alta precis\u00e3o.<br \/>\nOp\u00e7\u00f5es flex\u00edveis de alimenta\u00e7\u00e3o: Suporta uma vasta gama de alimentadores para diversos tipos e tamanhos de componentes.<br \/>\nSuporte para alimentador el\u00e9trico: Compat\u00edvel com alimentadores el\u00e9ctricos inteligentes para uma maior efici\u00eancia.<br \/>\nLayout personaliz\u00e1vel: Adapt\u00e1vel a v\u00e1rios processos de produ\u00e7\u00e3o com uma estrutura de layout personaliz\u00e1vel.<br \/>\nInspe\u00e7\u00e3o p\u00f3s-montagem: Recurso padr\u00e3o para garantia de qualidade ap\u00f3s a coloca\u00e7\u00e3o do componente. 9 Requisitos de alimenta\u00e7\u00e3o el\u00e9ctrica robustos: Compat\u00edvel com uma vasta gama de tens\u00f5es e frequ\u00eancias para utiliza\u00e7\u00e3o global.<br \/>\nDesign compacto: Oferece uma solu\u00e7\u00e3o eficiente em termos de espa\u00e7o com uma pequena pegada na linha de produ\u00e7\u00e3o<\/p>","protected":false},"excerpt":{"rendered":"<p>O YRH10, um equipamento de montagem h\u00edbrido da YAMAHA MOTOR, foi concebido para satisfazer as exig\u00eancias da coloca\u00e7\u00e3o de componentes SMD e semicondutores de alta precis\u00e3o. Com o seu design vers\u00e1til e eficiente, o YRH10 \u00e9 capaz de lidar com uma variedade de tamanhos e tipos de componentes, tornando-o uma solu\u00e7\u00e3o ideal para o fabrico moderno de produtos electr\u00f3nicos.<\/p>","protected":false},"featured_media":21964,"comment_status":"open","ping_status":"closed","template":"","meta":{"iawp_total_views":116},"etheme_brands":[],"product_brand":[],"product_cat":[131],"product_tag":[],"class_list":{"0":"post-21909","1":"product","2":"type-product","3":"status-publish","4":"has-post-thumbnail","6":"product_cat-pick-and-place","8":"first","9":"instock","10":"shipping-taxable","11":"product-type-simple"},"_links":{"self":[{"href":"https:\/\/v2smt.com\/pt\/wp-json\/wp\/v2\/product\/21909","targetHints":{"allow":["GET"]}}],"collection":[{"href":"https:\/\/v2smt.com\/pt\/wp-json\/wp\/v2\/product"}],"about":[{"href":"https:\/\/v2smt.com\/pt\/wp-json\/wp\/v2\/types\/product"}],"replies":[{"embeddable":true,"href":"https:\/\/v2smt.com\/pt\/wp-json\/wp\/v2\/comments?post=21909"}],"version-history":[{"count":0,"href":"https:\/\/v2smt.com\/pt\/wp-json\/wp\/v2\/product\/21909\/revisions"}],"wp:featuredmedia":[{"embeddable":true,"href":"https:\/\/v2smt.com\/pt\/wp-json\/wp\/v2\/media\/21964"}],"wp:attachment":[{"href":"https:\/\/v2smt.com\/pt\/wp-json\/wp\/v2\/media?parent=21909"}],"wp:term":[{"taxonomy":"brand","embeddable":true,"href":"https:\/\/v2smt.com\/pt\/wp-json\/wp\/v2\/etheme_brands?post=21909"},{"taxonomy":"product_brand","embeddable":true,"href":"https:\/\/v2smt.com\/pt\/wp-json\/wp\/v2\/product_brand?post=21909"},{"taxonomy":"product_cat","embeddable":true,"href":"https:\/\/v2smt.com\/pt\/wp-json\/wp\/v2\/product_cat?post=21909"},{"taxonomy":"product_tag","embeddable":true,"href":"https:\/\/v2smt.com\/pt\/wp-json\/wp\/v2\/product_tag?post=21909"}],"curies":[{"name":"wp","href":"https:\/\/api.w.org\/{rel}","templated":true}]}}