{"id":21903,"date":"2024-07-23T15:33:53","date_gmt":"2024-07-23T15:33:53","guid":{"rendered":"https:\/\/v2smt.com\/?post_type=product&#038;p=21903"},"modified":"2024-08-22T17:03:57","modified_gmt":"2024-08-22T17:03:57","slug":"microfocus-x-ray-inspection-system-x6800","status":"publish","type":"product","link":"https:\/\/v2smt.com\/pt\/products\/microfocus-x-ray-inspection-system-x6800\/","title":{"rendered":"Sistema de Inspe\u00e7\u00e3o por Raios X Microfocus X6800"},"content":{"rendered":"<ol>\n<li><strong>Tubo de raios X avan\u00e7ado<\/strong>: Equipado com o tubo de raios X de microfoco fechado de primeira linha da Japan Hamamatsu para mais de 10.000 horas de funcionamento sem manuten\u00e7\u00e3o.<\/li>\n<li><strong>Detetor de alta resolu\u00e7\u00e3o<\/strong>: Inclui um detetor de painel plano digital HD de 5\u201d de nova gera\u00e7\u00e3o para imagens detalhadas com uma resolu\u00e7\u00e3o de 1536\u00d71536 a 20 fps.<\/li>\n<li><strong>Plataforma de Inspe\u00e7\u00e3o Flex\u00edvel<\/strong>: Uma mesa de 530*530mm com uma capacidade de carga de 10KG e um \u00e2ngulo de inclina\u00e7\u00e3o de 60\u00b0 para \u00e2ngulos de inspe\u00e7\u00e3o vers\u00e1teis sem perda de amplia\u00e7\u00e3o.<\/li>\n<li><strong>Automatizado e de f\u00e1cil utiliza\u00e7\u00e3o<\/strong>: Oferece navega\u00e7\u00e3o automatizada com um sistema de liga\u00e7\u00e3o de 5 eixos de velocidade ajust\u00e1vel e uma interface f\u00e1cil de operar que requer um m\u00ednimo de forma\u00e7\u00e3o.<\/li>\n<li class=\"last-node\"><strong>Conjunto de software abrangente<\/strong>: Inclui medi\u00e7\u00e3o da taxa de vazios, inspe\u00e7\u00e3o autom\u00e1tica e uma gama de ferramentas de medi\u00e7\u00e3o para dete\u00e7\u00e3o e an\u00e1lise precisas de defeitos.<\/li>\n<\/ol>","protected":false},"excerpt":{"rendered":"<p>O Sistema de Inspe\u00e7\u00e3o por Raios X Microfocus X6800 \u00e9 uma solu\u00e7\u00e3o de inspe\u00e7\u00e3o topo de gama que oferece uma precis\u00e3o e efici\u00eancia sem paralelo. Equipado com um tubo de raios X da Japan Hamamatsu e um detetor de painel plano digital HD de nova gera\u00e7\u00e3o, o X6800 proporciona imagens de alta resolu\u00e7\u00e3o e uma ampla \u00e1rea detet\u00e1vel. O seu design de f\u00e1cil utiliza\u00e7\u00e3o e as suas capacidades de inspe\u00e7\u00e3o automatizada fazem dele uma ferramenta indispens\u00e1vel para a garantia de qualidade em v\u00e1rias ind\u00fastrias.<\/p>","protected":false},"featured_media":21692,"comment_status":"open","ping_status":"closed","template":"","meta":{"iawp_total_views":119},"etheme_brands":[],"product_brand":[],"product_cat":[137],"product_tag":[],"class_list":{"0":"post-21903","1":"product","2":"type-product","3":"status-publish","4":"has-post-thumbnail","6":"product_cat-x-ray-inspection","8":"first","9":"instock","10":"shipping-taxable","11":"product-type-simple"},"_links":{"self":[{"href":"https:\/\/v2smt.com\/pt\/wp-json\/wp\/v2\/product\/21903","targetHints":{"allow":["GET"]}}],"collection":[{"href":"https:\/\/v2smt.com\/pt\/wp-json\/wp\/v2\/product"}],"about":[{"href":"https:\/\/v2smt.com\/pt\/wp-json\/wp\/v2\/types\/product"}],"replies":[{"embeddable":true,"href":"https:\/\/v2smt.com\/pt\/wp-json\/wp\/v2\/comments?post=21903"}],"version-history":[{"count":0,"href":"https:\/\/v2smt.com\/pt\/wp-json\/wp\/v2\/product\/21903\/revisions"}],"wp:featuredmedia":[{"embeddable":true,"href":"https:\/\/v2smt.com\/pt\/wp-json\/wp\/v2\/media\/21692"}],"wp:attachment":[{"href":"https:\/\/v2smt.com\/pt\/wp-json\/wp\/v2\/media?parent=21903"}],"wp:term":[{"taxonomy":"brand","embeddable":true,"href":"https:\/\/v2smt.com\/pt\/wp-json\/wp\/v2\/etheme_brands?post=21903"},{"taxonomy":"product_brand","embeddable":true,"href":"https:\/\/v2smt.com\/pt\/wp-json\/wp\/v2\/product_brand?post=21903"},{"taxonomy":"product_cat","embeddable":true,"href":"https:\/\/v2smt.com\/pt\/wp-json\/wp\/v2\/product_cat?post=21903"},{"taxonomy":"product_tag","embeddable":true,"href":"https:\/\/v2smt.com\/pt\/wp-json\/wp\/v2\/product_tag?post=21903"}],"curies":[{"name":"wp","href":"https:\/\/api.w.org\/{rel}","templated":true}]}}