{"id":21899,"date":"2024-07-23T15:33:53","date_gmt":"2024-07-23T15:33:53","guid":{"rendered":"https:\/\/v2smt.com\/?post_type=product&#038;p=21899"},"modified":"2024-08-22T17:03:57","modified_gmt":"2024-08-22T17:03:57","slug":"mso-450-offline-selective-soldering-machine","status":"publish","type":"product","link":"https:\/\/v2smt.com\/pt\/products\/mso-450-offline-selective-soldering-machine\/","title":{"rendered":"M\u00e1quina de soldadura selectiva offline MSO-450"},"content":{"rendered":"<p>Design compacto offline: Eficiente em termos de espa\u00e7o para uma f\u00e1cil integra\u00e7\u00e3o ao lado das linhas de produ\u00e7\u00e3o.<\/p>\n<p>Movimento de PCB com plataformas fixas: Aumenta a precis\u00e3o na soldadura com uma plataforma estacion\u00e1ria de pulveriza\u00e7\u00e3o, pr\u00e9-aquecimento e soldadura.<\/p>\n<p>Soldadura de alta qualidade: Garante resultados de soldadura superiores atrav\u00e9s de sistemas de controlo avan\u00e7ados.<\/p>\n<p>Forma\u00e7\u00e3o de linha flex\u00edvel: Adapt\u00e1vel a v\u00e1rias configura\u00e7\u00f5es de linha de produ\u00e7\u00e3o.<\/p>\n<p>Controlo total por computador: Os par\u00e2metros s\u00e3o definidos e guardados num computador para garantir a repetibilidade.<\/p>\n<p>Software de f\u00e1cil utiliza\u00e7\u00e3o: Baseado no Windows 10 para facilitar a opera\u00e7\u00e3o e a rastreabilidade.<\/p>\n<p>Plataforma de movimento XYZ: Equipada com fusos de esferas, guias lineares e servomotores para um movimento preciso da placa de circuito impresso.<\/p>\n<p>Sistema de pulveriza\u00e7\u00e3o selectiva: Utiliza uma v\u00e1lvula piezoel\u00e9ctrica de fabrico alem\u00e3o para uma aplica\u00e7\u00e3o precisa do fluxo.<\/p>\n<p>Sistema de pr\u00e9-aquecimento: Possui l\u00e2mpadas de infravermelhos para pr\u00e9-aquecimento superior e inferior, ajust\u00e1veis por computador.<\/p>\n<p>Pote de soldadura selectiva: Interior em liga de tit\u00e2nio com aquecimento externo para uma distribui\u00e7\u00e3o uniforme do calor e sem fugas.<\/p>","protected":false},"excerpt":{"rendered":"<p>A MSO-450 \u00e9 uma m\u00e1quina de soldadura selectiva offline concebida para uma soldadura de alta qualidade com um sistema compacto e flex\u00edvel. Possui um sistema de controlo totalmente computorizado que permite definir e guardar par\u00e2metros, garantindo a rastreabilidade e a repetibilidade do processo de soldadura. A m\u00e1quina inclui uma plataforma de movimento de tr\u00eas eixos para movimenta\u00e7\u00e3o de PCB, um sistema de pulveriza\u00e7\u00e3o selectiva, um sistema de pr\u00e9-aquecimento e um cadinho de soldadura selectiva, tudo integrado numa estrutura de a\u00e7o robusta para estabilidade e precis\u00e3o.<\/p>","protected":false},"featured_media":21699,"comment_status":"open","ping_status":"closed","template":"","meta":{"iawp_total_views":48},"etheme_brands":[],"product_brand":[],"product_cat":[139,138],"product_tag":[],"class_list":{"0":"post-21899","1":"product","2":"type-product","3":"status-publish","4":"has-post-thumbnail","6":"product_cat-selective-wave-soldering","7":"product_cat-wave-soldering","9":"first","10":"instock","11":"shipping-taxable","12":"product-type-simple"},"_links":{"self":[{"href":"https:\/\/v2smt.com\/pt\/wp-json\/wp\/v2\/product\/21899","targetHints":{"allow":["GET"]}}],"collection":[{"href":"https:\/\/v2smt.com\/pt\/wp-json\/wp\/v2\/product"}],"about":[{"href":"https:\/\/v2smt.com\/pt\/wp-json\/wp\/v2\/types\/product"}],"replies":[{"embeddable":true,"href":"https:\/\/v2smt.com\/pt\/wp-json\/wp\/v2\/comments?post=21899"}],"version-history":[{"count":0,"href":"https:\/\/v2smt.com\/pt\/wp-json\/wp\/v2\/product\/21899\/revisions"}],"wp:featuredmedia":[{"embeddable":true,"href":"https:\/\/v2smt.com\/pt\/wp-json\/wp\/v2\/media\/21699"}],"wp:attachment":[{"href":"https:\/\/v2smt.com\/pt\/wp-json\/wp\/v2\/media?parent=21899"}],"wp:term":[{"taxonomy":"brand","embeddable":true,"href":"https:\/\/v2smt.com\/pt\/wp-json\/wp\/v2\/etheme_brands?post=21899"},{"taxonomy":"product_brand","embeddable":true,"href":"https:\/\/v2smt.com\/pt\/wp-json\/wp\/v2\/product_brand?post=21899"},{"taxonomy":"product_cat","embeddable":true,"href":"https:\/\/v2smt.com\/pt\/wp-json\/wp\/v2\/product_cat?post=21899"},{"taxonomy":"product_tag","embeddable":true,"href":"https:\/\/v2smt.com\/pt\/wp-json\/wp\/v2\/product_tag?post=21899"}],"curies":[{"name":"wp","href":"https:\/\/api.w.org\/{rel}","templated":true}]}}