{"id":21897,"date":"2024-07-23T15:33:53","date_gmt":"2024-07-23T15:33:53","guid":{"rendered":"https:\/\/v2smt.com\/?post_type=product&#038;p=21897"},"modified":"2024-08-22T17:03:57","modified_gmt":"2024-08-22T17:03:57","slug":"msi-400to-selective-wave-solder-machine","status":"publish","type":"product","link":"https:\/\/v2smt.com\/pt\/products\/msi-400to-selective-wave-solder-machine\/","title":{"rendered":"M\u00e1quina de solda por onda selectiva MSI-400TO"},"content":{"rendered":"<p>Funcionalidade tudo-em-um: Acomoda tr\u00eas placas PCB em diferentes fases para aumentar a produtividade.<\/p>\n<p>Plataformas de Fluxo e de Soldadura independentes: Assegura um tratamento especializado para cada processo.<\/p>\n<p>Elevada qualidade de soldadura: Melhora a taxa de passagem direta da soldadura com controlo de precis\u00e3o.<\/p>\n<p>Liga\u00e7\u00e3o SMEMA Online: Suporta a forma\u00e7\u00e3o flex\u00edvel de linhas e a integra\u00e7\u00e3o em sistemas de produ\u00e7\u00e3o existentes.<\/p>\n<p>Controlo total por PC: Os par\u00e2metros s\u00e3o definidos e guardados num computador para facilitar a rastreabilidade e a repetibilidade.<\/p>\n<p>Software personaliz\u00e1vel: Baseado no Windows 7, oferece um funcionamento f\u00e1cil de utilizar e uma boa rastreabilidade.<\/p>\n<p>Visualiza\u00e7\u00e3o do processo de soldadura em direto: Monitoriza o processo de soldadura em tempo real atrav\u00e9s de uma c\u00e2mara.<\/p>\n<p>Monitoriza\u00e7\u00e3o de par\u00e2metros cr\u00edticos: O software monitoriza a temperatura, a velocidade, a press\u00e3o e muito mais.<\/p>\n<p>Calibra\u00e7\u00e3o autom\u00e1tica da altura da onda: Funcionalidade atualiz\u00e1vel para uma estabilidade consistente das ondas.<\/p>\n<p>Sistema de transporte integrado: Transporte suave de PCBs com largura e press\u00e3o ajust\u00e1veis.<\/p>","protected":false},"excerpt":{"rendered":"<p>A MSI-400TO \u00e9 uma m\u00e1quina de soldadura selectiva de \u00faltima gera\u00e7\u00e3o concebida para uma produ\u00e7\u00e3o de elevado rendimento. Integra uma gama completa de funcionalidades numa \u00fanica unidade, capaz de acomodar tr\u00eas placas ou paletes de PCB em simult\u00e2neo nos processos de fluxo, pr\u00e9-aquecimento e soldadura. A m\u00e1quina foi concebida para efici\u00eancia, qualidade e flexibilidade, suportando o transporte em linha SMEMA e oferecendo um controlo total por PC para defini\u00e7\u00e3o de par\u00e2metros e rastreabilidade.<\/p>","protected":false},"featured_media":21695,"comment_status":"open","ping_status":"closed","template":"","meta":{"iawp_total_views":59},"etheme_brands":[],"product_brand":[],"product_cat":[139,138],"product_tag":[],"class_list":{"0":"post-21897","1":"product","2":"type-product","3":"status-publish","4":"has-post-thumbnail","6":"product_cat-selective-wave-soldering","7":"product_cat-wave-soldering","9":"first","10":"instock","11":"shipping-taxable","12":"product-type-simple"},"_links":{"self":[{"href":"https:\/\/v2smt.com\/pt\/wp-json\/wp\/v2\/product\/21897","targetHints":{"allow":["GET"]}}],"collection":[{"href":"https:\/\/v2smt.com\/pt\/wp-json\/wp\/v2\/product"}],"about":[{"href":"https:\/\/v2smt.com\/pt\/wp-json\/wp\/v2\/types\/product"}],"replies":[{"embeddable":true,"href":"https:\/\/v2smt.com\/pt\/wp-json\/wp\/v2\/comments?post=21897"}],"version-history":[{"count":0,"href":"https:\/\/v2smt.com\/pt\/wp-json\/wp\/v2\/product\/21897\/revisions"}],"wp:featuredmedia":[{"embeddable":true,"href":"https:\/\/v2smt.com\/pt\/wp-json\/wp\/v2\/media\/21695"}],"wp:attachment":[{"href":"https:\/\/v2smt.com\/pt\/wp-json\/wp\/v2\/media?parent=21897"}],"wp:term":[{"taxonomy":"brand","embeddable":true,"href":"https:\/\/v2smt.com\/pt\/wp-json\/wp\/v2\/etheme_brands?post=21897"},{"taxonomy":"product_brand","embeddable":true,"href":"https:\/\/v2smt.com\/pt\/wp-json\/wp\/v2\/product_brand?post=21897"},{"taxonomy":"product_cat","embeddable":true,"href":"https:\/\/v2smt.com\/pt\/wp-json\/wp\/v2\/product_cat?post=21897"},{"taxonomy":"product_tag","embeddable":true,"href":"https:\/\/v2smt.com\/pt\/wp-json\/wp\/v2\/product_tag?post=21897"}],"curies":[{"name":"wp","href":"https:\/\/api.w.org\/{rel}","templated":true}]}}