{"id":21895,"date":"2024-07-23T15:33:52","date_gmt":"2024-07-23T15:33:52","guid":{"rendered":"https:\/\/v2smt.com\/?post_type=product&#038;p=21895"},"modified":"2024-08-22T17:03:57","modified_gmt":"2024-08-22T17:03:57","slug":"msi-400-selective-soldering-machine","status":"publish","type":"product","link":"https:\/\/v2smt.com\/pt\/products\/msi-400-selective-soldering-machine\/","title":{"rendered":"M\u00e1quina de soldadura selectiva MSI-400"},"content":{"rendered":"<p>Plataforma de movimento integrada: Design compacto com capacidades combinadas de pulveriza\u00e7\u00e3o e soldadura.<\/p>\n<p>Placa de PCB fixa: Proporciona estabilidade para opera\u00e7\u00f5es de soldadura precisas.<\/p>\n<p>Soldadura de alta qualidade: Aumenta a taxa de aprova\u00e7\u00e3o da soldadura atrav\u00e9s de um controlo preciso.<\/p>\n<p>Modular e flex\u00edvel: Facilita a integra\u00e7\u00e3o f\u00e1cil em v\u00e1rias linhas de produ\u00e7\u00e3o com compatibilidade SMEMA.<\/p>\n<p>Controlo total por computador: Os par\u00e2metros s\u00e3o facilmente definidos e guardados num PC para resultados consistentes.<\/p>\n<p>Software de f\u00e1cil utiliza\u00e7\u00e3o: Baseado no Windows 10 para uma opera\u00e7\u00e3o intuitiva e rastreabilidade.<\/p>\n<p>Mesa de movimento XYZ: Equipada com fusos de esferas, guias lineares e servo-motores para movimentos de alta precis\u00e3o.<\/p>\n<p>Sistema de fluxo avan\u00e7ado: Inclui uma v\u00e1lvula de jato importada para uma aplica\u00e7\u00e3o precisa do fluxo.<\/p>\n<p>Pr\u00e9-aquecimento por infravermelhos: Pr\u00e9-aquecimento inferior para condi\u00e7\u00f5es de soldadura \u00f3ptimas.<\/p>\n<p>Pote de solda com sistema servo: Um pote de solda com capacidade de 15 kg e um servo motor para controlar o fluxo de solda.<\/p>","protected":false},"excerpt":{"rendered":"<p>A MSI-400 \u00e9 uma m\u00e1quina de soldadura selectiva avan\u00e7ada concebida para precis\u00e3o e efici\u00eancia no fabrico de produtos electr\u00f3nicos. Este sistema integrado combina uma gama completa de funcionalidades numa \u00fanica plataforma de movimento, oferecendo uma solu\u00e7\u00e3o compacta para ambientes com restri\u00e7\u00f5es de espa\u00e7o. Com a sua placa PCB fixa e plataformas m\u00f3veis de pulveriza\u00e7\u00e3o e soldadura, assegura uma elevada qualidade de soldadura e uma melhoria significativa da taxa de aprova\u00e7\u00e3o da soldadura. A m\u00e1quina apresenta um design modular, transporte em linha SMEMA e controlo total por computador para defini\u00e7\u00e3o e grava\u00e7\u00e3o de par\u00e2metros, garantindo a melhor rastreabilidade e repetibilidade da qualidade de soldadura.<\/p>","protected":false},"featured_media":21694,"comment_status":"open","ping_status":"closed","template":"","meta":{"iawp_total_views":97},"etheme_brands":[],"product_brand":[],"product_cat":[139,138],"product_tag":[],"class_list":{"0":"post-21895","1":"product","2":"type-product","3":"status-publish","4":"has-post-thumbnail","6":"product_cat-selective-wave-soldering","7":"product_cat-wave-soldering","9":"first","10":"instock","11":"shipping-taxable","12":"product-type-simple"},"_links":{"self":[{"href":"https:\/\/v2smt.com\/pt\/wp-json\/wp\/v2\/product\/21895","targetHints":{"allow":["GET"]}}],"collection":[{"href":"https:\/\/v2smt.com\/pt\/wp-json\/wp\/v2\/product"}],"about":[{"href":"https:\/\/v2smt.com\/pt\/wp-json\/wp\/v2\/types\/product"}],"replies":[{"embeddable":true,"href":"https:\/\/v2smt.com\/pt\/wp-json\/wp\/v2\/comments?post=21895"}],"version-history":[{"count":0,"href":"https:\/\/v2smt.com\/pt\/wp-json\/wp\/v2\/product\/21895\/revisions"}],"wp:featuredmedia":[{"embeddable":true,"href":"https:\/\/v2smt.com\/pt\/wp-json\/wp\/v2\/media\/21694"}],"wp:attachment":[{"href":"https:\/\/v2smt.com\/pt\/wp-json\/wp\/v2\/media?parent=21895"}],"wp:term":[{"taxonomy":"brand","embeddable":true,"href":"https:\/\/v2smt.com\/pt\/wp-json\/wp\/v2\/etheme_brands?post=21895"},{"taxonomy":"product_brand","embeddable":true,"href":"https:\/\/v2smt.com\/pt\/wp-json\/wp\/v2\/product_brand?post=21895"},{"taxonomy":"product_cat","embeddable":true,"href":"https:\/\/v2smt.com\/pt\/wp-json\/wp\/v2\/product_cat?post=21895"},{"taxonomy":"product_tag","embeddable":true,"href":"https:\/\/v2smt.com\/pt\/wp-json\/wp\/v2\/product_tag?post=21895"}],"curies":[{"name":"wp","href":"https:\/\/api.w.org\/{rel}","templated":true}]}}