{"id":21893,"date":"2024-07-23T15:33:52","date_gmt":"2024-07-23T15:33:52","guid":{"rendered":"https:\/\/v2smt.com\/?post_type=product&#038;p=21893"},"modified":"2024-08-22T17:03:57","modified_gmt":"2024-08-22T17:03:57","slug":"mso-300b-offline-selective-soldering-machine","status":"publish","type":"product","link":"https:\/\/v2smt.com\/pt\/products\/mso-300b-offline-selective-soldering-machine\/","title":{"rendered":"M\u00e1quina de soldadura selectiva offline MSO-300B"},"content":{"rendered":"<p>Design de m\u00e1quina tudo-em-um: Compacta e totalmente funcional para opera\u00e7\u00f5es eficientes em termos de espa\u00e7o.<\/p>\n<p>Movimento de PCB com bicos fixos: Garante a precis\u00e3o na soldadura com um fundente e um cadinho de solda fixos.<\/p>\n<p>Soldadura de alta qualidade: Proporciona excelentes resultados de soldadura atrav\u00e9s de sistemas de controlo avan\u00e7ados.<\/p>\n<p>Integra\u00e7\u00e3o flex\u00edvel na linha de produ\u00e7\u00e3o: Pode ser facilmente colocado ao lado da linha de produ\u00e7\u00e3o para uma utiliza\u00e7\u00e3o conveniente.<\/p>\n<p>Controlo total por PC: Todos os par\u00e2metros s\u00e3o definidos e guardados num computador para repetibilidade e rastreabilidade.<\/p>\n<p>Software baseado no Windows 10: Oferece uma opera\u00e7\u00e3o f\u00e1cil de utilizar e uma boa rastreabilidade.<\/p>\n<p>Mesa de movimento XYZ: Equipada com servomotores e motores passo a passo para um movimento preciso da placa de circuito impresso.<\/p>\n<p>V\u00e1lvula de jato de fluxo importada: Adapta-se a v\u00e1rios tipos de fluxo para um desempenho fi\u00e1vel.<\/p>\n<p>Pote de soldadura em liga de tit\u00e2nio e a\u00e7o inoxid\u00e1vel: Garante a aus\u00eancia de fugas e uma transfer\u00eancia de calor uniforme.<\/p>\n<p>Sistema de aquecimento N2 Online: Reduz a esc\u00f3ria de solda e melhora a perfei\u00e7\u00e3o da molhagem.<\/p>","protected":false},"excerpt":{"rendered":"<p>A MSO-300B \u00e9 uma m\u00e1quina de soldadura selectiva offline que combina uma funcionalidade completa com um design compacto, ideal para aplica\u00e7\u00f5es de soldadura de alta qualidade. Possui uma mesa de movimento para movimenta\u00e7\u00e3o de PCB, um bocal de fluxador fixo e um pote de solda, todos controlados por um sistema inform\u00e1tico para uma defini\u00e7\u00e3o e grava\u00e7\u00e3o precisas dos par\u00e2metros. A m\u00e1quina garante flexibilidade na forma\u00e7\u00e3o da linha de produ\u00e7\u00e3o e facilita a rastreabilidade com a gera\u00e7\u00e3o de ficheiros de configura\u00e7\u00e3o.<\/p>","protected":false},"featured_media":21697,"comment_status":"open","ping_status":"closed","template":"","meta":{"iawp_total_views":122},"etheme_brands":[],"product_brand":[],"product_cat":[139,138],"product_tag":[],"class_list":{"0":"post-21893","1":"product","2":"type-product","3":"status-publish","4":"has-post-thumbnail","6":"product_cat-selective-wave-soldering","7":"product_cat-wave-soldering","9":"first","10":"instock","11":"shipping-taxable","12":"product-type-simple"},"_links":{"self":[{"href":"https:\/\/v2smt.com\/pt\/wp-json\/wp\/v2\/product\/21893","targetHints":{"allow":["GET"]}}],"collection":[{"href":"https:\/\/v2smt.com\/pt\/wp-json\/wp\/v2\/product"}],"about":[{"href":"https:\/\/v2smt.com\/pt\/wp-json\/wp\/v2\/types\/product"}],"replies":[{"embeddable":true,"href":"https:\/\/v2smt.com\/pt\/wp-json\/wp\/v2\/comments?post=21893"}],"version-history":[{"count":0,"href":"https:\/\/v2smt.com\/pt\/wp-json\/wp\/v2\/product\/21893\/revisions"}],"wp:featuredmedia":[{"embeddable":true,"href":"https:\/\/v2smt.com\/pt\/wp-json\/wp\/v2\/media\/21697"}],"wp:attachment":[{"href":"https:\/\/v2smt.com\/pt\/wp-json\/wp\/v2\/media?parent=21893"}],"wp:term":[{"taxonomy":"brand","embeddable":true,"href":"https:\/\/v2smt.com\/pt\/wp-json\/wp\/v2\/etheme_brands?post=21893"},{"taxonomy":"product_brand","embeddable":true,"href":"https:\/\/v2smt.com\/pt\/wp-json\/wp\/v2\/product_brand?post=21893"},{"taxonomy":"product_cat","embeddable":true,"href":"https:\/\/v2smt.com\/pt\/wp-json\/wp\/v2\/product_cat?post=21893"},{"taxonomy":"product_tag","embeddable":true,"href":"https:\/\/v2smt.com\/pt\/wp-json\/wp\/v2\/product_tag?post=21893"}],"curies":[{"name":"wp","href":"https:\/\/api.w.org\/{rel}","templated":true}]}}