{"id":21889,"date":"2024-07-23T15:33:52","date_gmt":"2024-07-23T15:33:52","guid":{"rendered":"https:\/\/v2smt.com\/?post_type=product&#038;p=21889"},"modified":"2024-08-22T17:03:57","modified_gmt":"2024-08-22T17:03:57","slug":"sm-sp300p-solder-paste-cabinet","status":"publish","type":"product","link":"https:\/\/v2smt.com\/pt\/products\/sm-sp300p-solder-paste-cabinet\/","title":{"rendered":"Gabinete de pasta de solda SM-SP300P"},"content":{"rendered":"<p>Gest\u00e3o automatizada da temperatura: Mant\u00e9m as condi\u00e7\u00f5es ideais para a preserva\u00e7\u00e3o da pasta de solda.<\/p>\n<p>Acesso de seguran\u00e7a por impress\u00e3o digital: Aumenta a seguran\u00e7a com identifica\u00e7\u00e3o biom\u00e9trica apenas para pessoal autorizado.<\/p>\n<p>Sistema de armazenamento inteligente: Possui um design de gaveta para armazenamento organizado e em camadas de at\u00e9 300 frascos de pasta de solda.<\/p>\n<p>Integra\u00e7\u00e3o MES\/SFCS: Facilita a troca de dados em tempo real para um melhor controlo e efici\u00eancia da produ\u00e7\u00e3o.<\/p>\n<p>Sistema de alarme automatizado: Equipado com uma luz de alarme de tr\u00eas cores e um sinal sonoro para alerta imediato em caso de anomalias.<\/p>\n<p>Conectividade de aplica\u00e7\u00f5es na nuvem: Permite a monitoriza\u00e7\u00e3o e o controlo remotos atrav\u00e9s de aplica\u00e7\u00f5es baseadas na nuvem.<\/p>\n<p>Gest\u00e3o avan\u00e7ada do fluxo de trabalho: Simplifica as opera\u00e7\u00f5es desde a alimenta\u00e7\u00e3o at\u00e9 \u00e0 recolha com supervis\u00e3o automatizada para evitar erros humanos.<\/p>\n<p>Design amigo do ambiente: Garante a efici\u00eancia energ\u00e9tica e o m\u00ednimo impacto ambiental com os seus sistemas inteligentes.<\/p>\n<p>Interface de utilizador personaliz\u00e1vel: Oferece uma interface chinesa simplificada para facilitar a utiliza\u00e7\u00e3o e a navega\u00e7\u00e3o r\u00e1pida.<\/p>\n<p>Capacidade IoT: Suporta IoT para registo de dados, carregamento e integra\u00e7\u00e3o com MES para uma gest\u00e3o abrangente da rastreabilidade.<\/p>","protected":false},"excerpt":{"rendered":"<p>O arm\u00e1rio para pasta de solda SM-SP300P da Shenzhen Shanmu Automation Equipment Co., Ltd. \u00e9 uma solu\u00e7\u00e3o de armazenamento de \u00faltima gera\u00e7\u00e3o concebida para otimizar a gest\u00e3o da pasta de solda nas ind\u00fastrias SMT. Este arm\u00e1rio inteligente assegura um fluxo de trabalho cont\u00ednuo com o seu controlo de temperatura automatizado, armazenamento de precis\u00e3o e funcionalidades de seguran\u00e7a avan\u00e7adas, satisfazendo as exig\u00eancias dos ambientes de fabrico de alta tecnologia.<\/p>","protected":false},"featured_media":21710,"comment_status":"open","ping_status":"closed","template":"","meta":{"iawp_total_views":253},"etheme_brands":[],"product_brand":[],"product_cat":[134],"product_tag":[],"class_list":{"0":"post-21889","1":"product","2":"type-product","3":"status-publish","4":"has-post-thumbnail","6":"product_cat-solder-paste-cabinet","8":"first","9":"instock","10":"shipping-taxable","11":"product-type-simple"},"_links":{"self":[{"href":"https:\/\/v2smt.com\/pt\/wp-json\/wp\/v2\/product\/21889","targetHints":{"allow":["GET"]}}],"collection":[{"href":"https:\/\/v2smt.com\/pt\/wp-json\/wp\/v2\/product"}],"about":[{"href":"https:\/\/v2smt.com\/pt\/wp-json\/wp\/v2\/types\/product"}],"replies":[{"embeddable":true,"href":"https:\/\/v2smt.com\/pt\/wp-json\/wp\/v2\/comments?post=21889"}],"version-history":[{"count":0,"href":"https:\/\/v2smt.com\/pt\/wp-json\/wp\/v2\/product\/21889\/revisions"}],"wp:featuredmedia":[{"embeddable":true,"href":"https:\/\/v2smt.com\/pt\/wp-json\/wp\/v2\/media\/21710"}],"wp:attachment":[{"href":"https:\/\/v2smt.com\/pt\/wp-json\/wp\/v2\/media?parent=21889"}],"wp:term":[{"taxonomy":"brand","embeddable":true,"href":"https:\/\/v2smt.com\/pt\/wp-json\/wp\/v2\/etheme_brands?post=21889"},{"taxonomy":"product_brand","embeddable":true,"href":"https:\/\/v2smt.com\/pt\/wp-json\/wp\/v2\/product_brand?post=21889"},{"taxonomy":"product_cat","embeddable":true,"href":"https:\/\/v2smt.com\/pt\/wp-json\/wp\/v2\/product_cat?post=21889"},{"taxonomy":"product_tag","embeddable":true,"href":"https:\/\/v2smt.com\/pt\/wp-json\/wp\/v2\/product_tag?post=21889"}],"curies":[{"name":"wp","href":"https:\/\/api.w.org\/{rel}","templated":true}]}}