{"id":21881,"date":"2024-07-23T15:33:52","date_gmt":"2024-07-23T15:33:52","guid":{"rendered":"https:\/\/v2smt.com\/?post_type=product&#038;p=21881"},"modified":"2024-08-22T17:03:57","modified_gmt":"2024-08-22T17:03:57","slug":"ms-360cl-inline-aqueous-cleaner","status":"publish","type":"product","link":"https:\/\/v2smt.com\/pt\/products\/ms-360cl-inline-aqueous-cleaner\/","title":{"rendered":"MS-360CL Produto de limpeza aquoso em linha"},"content":{"rendered":"<p>1. Funcionamento em linha: Simplifica o processo de limpeza com um modo de produ\u00e7\u00e3o em linha para uma elevada efici\u00eancia e uma qualidade de produto consistente.<br \/>\n2. Sec\u00e7\u00f5es de limpeza avan\u00e7adas: Inclui lavagem qu\u00edmica, enxaguamento com \u00e1gua desionizada e sec\u00e7\u00f5es de secagem ao ar forte para uma limpeza completa.<br \/>\n3. Design modular: Oferece alta escalabilidade e flexibilidade para atender a v\u00e1rios requisitos de capacidade do cliente.<br \/>\n4. Limpeza econ\u00f3mica: Utiliza um princ\u00edpio de baixa tens\u00e3o e grande caudal para conservar os agentes de limpeza e reduzir os custos de produ\u00e7\u00e3o.<br \/>\n5. Material resistente \u00e0 corros\u00e3o: Constru\u00eddo com material PP dur\u00e1vel e resistente \u00e0 corros\u00e3o para maior longevidade.<br \/>\n6. Interface de f\u00e1cil utiliza\u00e7\u00e3o: O PLC e o ecr\u00e3 t\u00e1til oferecem uma plataforma homem-m\u00e1quina intuitiva e f\u00e1cil de utilizar.<br \/>\n7. Sistema de bicos eficiente: Equipado com facas de ar de alta efici\u00eancia e baixo ru\u00eddo e bicos ajust\u00e1veis para uma limpeza precisa.<br \/>\n8. Prote\u00e7\u00e3o do ambiente: Inclui uma porta de regula\u00e7\u00e3o da exaust\u00e3o e um sistema de recupera\u00e7\u00e3o dos produtos de limpeza, reduzindo o impacto ambiental.<br \/>\n9. Personaliz\u00e1vel: Capaz de lidar com uma gama de tamanhos de produtos com op\u00e7\u00f5es personaliz\u00e1veis para atender a necessidades espec\u00edficas.<br \/>\n10. Servi\u00e7o completo: Inclui uma garantia de 12 meses, servi\u00e7os de manuten\u00e7\u00e3o vital\u00edcios e apoio p\u00f3s-venda imediato.<\/p>","protected":false},"excerpt":{"rendered":"<p>Eleve as suas opera\u00e7\u00f5es de limpeza de PCBA com a m\u00e1quina de limpeza aquosa em linha MS-360CL. Este sistema avan\u00e7ado proporciona uma experi\u00eancia de limpeza sem paralelo com o seu design em linha e de elevada efici\u00eancia, garantindo uma qualidade consistente e fiabilidade nos processos de fabrico de eletr\u00f3nica.<\/p>","protected":false},"featured_media":21693,"comment_status":"open","ping_status":"closed","template":"","meta":{"iawp_total_views":44},"etheme_brands":[],"product_brand":[],"product_cat":[150],"product_tag":[],"class_list":{"0":"post-21881","1":"product","2":"type-product","3":"status-publish","4":"has-post-thumbnail","6":"product_cat-pcba-cleaning-machine","8":"first","9":"instock","10":"shipping-taxable","11":"product-type-simple"},"_links":{"self":[{"href":"https:\/\/v2smt.com\/pt\/wp-json\/wp\/v2\/product\/21881","targetHints":{"allow":["GET"]}}],"collection":[{"href":"https:\/\/v2smt.com\/pt\/wp-json\/wp\/v2\/product"}],"about":[{"href":"https:\/\/v2smt.com\/pt\/wp-json\/wp\/v2\/types\/product"}],"replies":[{"embeddable":true,"href":"https:\/\/v2smt.com\/pt\/wp-json\/wp\/v2\/comments?post=21881"}],"version-history":[{"count":0,"href":"https:\/\/v2smt.com\/pt\/wp-json\/wp\/v2\/product\/21881\/revisions"}],"wp:featuredmedia":[{"embeddable":true,"href":"https:\/\/v2smt.com\/pt\/wp-json\/wp\/v2\/media\/21693"}],"wp:attachment":[{"href":"https:\/\/v2smt.com\/pt\/wp-json\/wp\/v2\/media?parent=21881"}],"wp:term":[{"taxonomy":"brand","embeddable":true,"href":"https:\/\/v2smt.com\/pt\/wp-json\/wp\/v2\/etheme_brands?post=21881"},{"taxonomy":"product_brand","embeddable":true,"href":"https:\/\/v2smt.com\/pt\/wp-json\/wp\/v2\/product_brand?post=21881"},{"taxonomy":"product_cat","embeddable":true,"href":"https:\/\/v2smt.com\/pt\/wp-json\/wp\/v2\/product_cat?post=21881"},{"taxonomy":"product_tag","embeddable":true,"href":"https:\/\/v2smt.com\/pt\/wp-json\/wp\/v2\/product_tag?post=21881"}],"curies":[{"name":"wp","href":"https:\/\/api.w.org\/{rel}","templated":true}]}}