{"id":21879,"date":"2024-07-23T15:33:52","date_gmt":"2024-07-23T15:33:52","guid":{"rendered":"https:\/\/v2smt.com\/?post_type=product&#038;p=21879"},"modified":"2024-08-22T17:03:57","modified_gmt":"2024-08-22T17:03:57","slug":"ms-100c-offline-pcba-water-cleaning-machine","status":"publish","type":"product","link":"https:\/\/v2smt.com\/pt\/products\/ms-100c-offline-pcba-water-cleaning-machine\/","title":{"rendered":"MS-100C M\u00e1quina de limpeza de PCBA offline com \u00e1gua"},"content":{"rendered":"<p>Tecnologias de limpeza avan\u00e7adas: Integra o mais recente processo de limpeza offline da American TDC para uma elevada efici\u00eancia.<\/p>\n<p>Design humanizado: Facilita a instala\u00e7\u00e3o e manuten\u00e7\u00e3o de componentes como ventiladores e filtros.<\/p>\n<p>Sistema de limpeza abrangente: Limpa minuciosamente os res\u00edduos org\u00e2nicos e inorg\u00e2nicos das superf\u00edcies dos produtos.<\/p>\n<p>Processo totalmente automatizado: Inclui limpeza, enxaguamento e secagem numa \u00fanica c\u00e2mara para maior comodidade.<\/p>\n<p>Janelas de visualiza\u00e7\u00e3o: Permite a monitoriza\u00e7\u00e3o transparente do processo de limpeza com ilumina\u00e7\u00e3o LED.<\/p>\n<p>Desenho cient\u00edfico do bocal: Aumenta a efici\u00eancia da limpeza e elimina os \u00e2ngulos mortos com um padr\u00e3o de distribui\u00e7\u00e3o incremental.<\/p>\n<p>Press\u00e3o do bocal ajust\u00e1vel: Reduz o risco de danos em produtos de pequenas dimens\u00f5es durante a limpeza a alta press\u00e3o.<\/p>\n<p>Sistema de aquecimento do tanque de dilui\u00e7\u00e3o: Melhora o desempenho da limpeza e reduz os tempos de ciclo.<\/p>\n<p>Interface de ecr\u00e3 t\u00e1til de grandes dimens\u00f5es: Oferece uma opera\u00e7\u00e3o est\u00e1vel e f\u00e1cil de utilizar para definir os par\u00e2metros de limpeza.<\/p>\n<p>Elevados padr\u00f5es de limpeza: Em conformidade com os rigorosos n\u00edveis de limpeza IPC-610D e MIL-28809.<\/p>","protected":false},"excerpt":{"rendered":"<p>A m\u00e1quina de limpeza de PCBA offline MS-100C \u00e9 uma solu\u00e7\u00e3o eficiente e econ\u00f3mica concebida para a limpeza de lotes de produtos electr\u00f3nicos. \u00c9 capaz de remover v\u00e1rios res\u00edduos, tais como res\u00edduos sol\u00faveis em \u00e1gua, RMA, fluxo sem chumbo n\u00e3o limpo e impress\u00f5es digitais. Incorporando um conceito americano de processo de limpeza offline de baixa press\u00e3o e alto fluxo TDC, o MS-100C garante alta efici\u00eancia de limpeza e baixos custos operacionais, tornando-o um concorrente formid\u00e1vel no mercado dom\u00e9stico de m\u00e1quinas de limpeza.<\/p>","protected":false},"featured_media":21908,"comment_status":"open","ping_status":"closed","template":"","meta":{"iawp_total_views":60},"etheme_brands":[],"product_brand":[],"product_cat":[150],"product_tag":[],"class_list":{"0":"post-21879","1":"product","2":"type-product","3":"status-publish","4":"has-post-thumbnail","6":"product_cat-pcba-cleaning-machine","8":"first","9":"instock","10":"shipping-taxable","11":"product-type-simple"},"_links":{"self":[{"href":"https:\/\/v2smt.com\/pt\/wp-json\/wp\/v2\/product\/21879","targetHints":{"allow":["GET"]}}],"collection":[{"href":"https:\/\/v2smt.com\/pt\/wp-json\/wp\/v2\/product"}],"about":[{"href":"https:\/\/v2smt.com\/pt\/wp-json\/wp\/v2\/types\/product"}],"replies":[{"embeddable":true,"href":"https:\/\/v2smt.com\/pt\/wp-json\/wp\/v2\/comments?post=21879"}],"version-history":[{"count":0,"href":"https:\/\/v2smt.com\/pt\/wp-json\/wp\/v2\/product\/21879\/revisions"}],"wp:featuredmedia":[{"embeddable":true,"href":"https:\/\/v2smt.com\/pt\/wp-json\/wp\/v2\/media\/21908"}],"wp:attachment":[{"href":"https:\/\/v2smt.com\/pt\/wp-json\/wp\/v2\/media?parent=21879"}],"wp:term":[{"taxonomy":"brand","embeddable":true,"href":"https:\/\/v2smt.com\/pt\/wp-json\/wp\/v2\/etheme_brands?post=21879"},{"taxonomy":"product_brand","embeddable":true,"href":"https:\/\/v2smt.com\/pt\/wp-json\/wp\/v2\/product_brand?post=21879"},{"taxonomy":"product_cat","embeddable":true,"href":"https:\/\/v2smt.com\/pt\/wp-json\/wp\/v2\/product_cat?post=21879"},{"taxonomy":"product_tag","embeddable":true,"href":"https:\/\/v2smt.com\/pt\/wp-json\/wp\/v2\/product_tag?post=21879"}],"curies":[{"name":"wp","href":"https:\/\/api.w.org\/{rel}","templated":true}]}}