{"id":21873,"date":"2024-07-23T15:33:51","date_gmt":"2024-07-23T15:33:51","guid":{"rendered":"https:\/\/v2smt.com\/?post_type=product&#038;p=21873"},"modified":"2024-08-22T17:03:56","modified_gmt":"2024-08-22T17:03:56","slug":"conveyor","status":"publish","type":"product","link":"https:\/\/v2smt.com\/pt\/products\/conveyor\/","title":{"rendered":"Transportador"},"content":{"rendered":"<p>1. Funcionamento em modo duplo: Oferece os modos manual e autom\u00e1tico para um manuseamento e inspe\u00e7\u00e3o flex\u00edveis de PCB.<br \/>\n2. Equipado com sensores: Equipado com sensores para controlo autom\u00e1tico e posicionamento preciso do PCB para inspe\u00e7\u00e3o.<br \/>\n3. Motor de velocidade ajust\u00e1vel: Possui um motor de 15W de velocidade ajust\u00e1vel para um ritmo de transporte personalizado.<br \/>\n4. Constru\u00e7\u00e3o robusta: Constru\u00eddo com uma estrutura de chapa met\u00e1lica de 1,5 mm e revestimento de cor PC dur\u00e1vel para utiliza\u00e7\u00e3o a longo prazo.<br \/>\n5. Compatibilidade com a norma SMEMA: Assegura uma comunica\u00e7\u00e3o e integra\u00e7\u00e3o perfeitas com outro equipamento SMT.<\/p>","protected":false},"excerpt":{"rendered":"<p>Este transportador vers\u00e1til foi concebido para uma integra\u00e7\u00e3o e inspe\u00e7\u00e3o perfeitas nas opera\u00e7\u00f5es de tecnologia de montagem em superf\u00edcie, assegurando um fluxo de trabalho simplificado e uma produtividade melhorada.<\/p>","protected":false},"featured_media":21678,"comment_status":"open","ping_status":"closed","template":"","meta":{"iawp_total_views":113},"etheme_brands":[],"product_brand":[],"product_cat":[146,143],"product_tag":[],"class_list":{"0":"post-21873","1":"product","2":"type-product","3":"status-publish","4":"has-post-thumbnail","6":"product_cat-pcb-conveyor","7":"product_cat-pcb-handling-equipment","9":"first","10":"instock","11":"shipping-taxable","12":"product-type-simple"},"_links":{"self":[{"href":"https:\/\/v2smt.com\/pt\/wp-json\/wp\/v2\/product\/21873","targetHints":{"allow":["GET"]}}],"collection":[{"href":"https:\/\/v2smt.com\/pt\/wp-json\/wp\/v2\/product"}],"about":[{"href":"https:\/\/v2smt.com\/pt\/wp-json\/wp\/v2\/types\/product"}],"replies":[{"embeddable":true,"href":"https:\/\/v2smt.com\/pt\/wp-json\/wp\/v2\/comments?post=21873"}],"version-history":[{"count":0,"href":"https:\/\/v2smt.com\/pt\/wp-json\/wp\/v2\/product\/21873\/revisions"}],"wp:featuredmedia":[{"embeddable":true,"href":"https:\/\/v2smt.com\/pt\/wp-json\/wp\/v2\/media\/21678"}],"wp:attachment":[{"href":"https:\/\/v2smt.com\/pt\/wp-json\/wp\/v2\/media?parent=21873"}],"wp:term":[{"taxonomy":"brand","embeddable":true,"href":"https:\/\/v2smt.com\/pt\/wp-json\/wp\/v2\/etheme_brands?post=21873"},{"taxonomy":"product_brand","embeddable":true,"href":"https:\/\/v2smt.com\/pt\/wp-json\/wp\/v2\/product_brand?post=21873"},{"taxonomy":"product_cat","embeddable":true,"href":"https:\/\/v2smt.com\/pt\/wp-json\/wp\/v2\/product_cat?post=21873"},{"taxonomy":"product_tag","embeddable":true,"href":"https:\/\/v2smt.com\/pt\/wp-json\/wp\/v2\/product_tag?post=21873"}],"curies":[{"name":"wp","href":"https:\/\/api.w.org\/{rel}","templated":true}]}}