{"id":21863,"date":"2024-07-23T15:33:51","date_gmt":"2024-07-23T15:33:51","guid":{"rendered":"https:\/\/v2smt.com\/?post_type=product&#038;p=21863"},"modified":"2024-08-22T17:03:56","modified_gmt":"2024-08-22T17:03:56","slug":"pcb-router-machine-j-500","status":"publish","type":"product","link":"https:\/\/v2smt.com\/pt\/products\/pcb-router-machine-j-500\/","title":{"rendered":"Router para PCB J-500"},"content":{"rendered":"<p>1. Parafuso de esferas de grau de moagem: Grau C5 para um movimento suave.<br \/>\n2. Calha de guia silenciosa HIWIN: Assegura um movimento linear silencioso e preciso.<br \/>\n3. Servomotor Panasonic A6: Motores japoneses de alto desempenho.<br \/>\n4. Sensor fotoel\u00e9trico: JAI JUEN para uma dete\u00e7\u00e3o fi\u00e1vel.<br \/>\n5. Eixos de alta velocidade: X, Y a 1000mm\/s; Z a 800mm\/s para um corte r\u00e1pido.<br \/>\n6. Programa\u00e7\u00e3o assistida por CCD: Programa\u00e7\u00e3o visual com importa\u00e7\u00e3o Gerber.<br \/>\n7. Controlo do movimento de quatro eixos: Interpola\u00e7\u00e3o para cortes complexos.<br \/>\n8. Sistema operativo Windows 10: Interface familiar e avan\u00e7ada.<br \/>\n9. C\u00e2mara CCD Hikvision: Imagens de alta resolu\u00e7\u00e3o para maior precis\u00e3o.<br \/>\n10. Aspirador de p\u00f3 para subwoofer 5HP: Recolha eficaz do p\u00f3.<br \/>\n11. Pistola de ar de i\u00f5es electrost\u00e1ticos: Para remo\u00e7\u00e3o de poeiras pr\u00e9-cortadas.<br \/>\n12. Fuso de divis\u00e3o + conversor de frequ\u00eancia: op\u00e7\u00f5es de corte vers\u00e1teis.<br \/>\n13. Sensor magn\u00e9tico de porta Omron: Dispositivo de seguran\u00e7a de fabrico japon\u00eas.<br \/>\n14. Interruptor de paragem de emerg\u00eancia: Seguran\u00e7a de resposta r\u00e1pida.<br \/>\n15. Suporte MES: Integra-se com sistemas de execu\u00e7\u00e3o de fabrico.<\/p>","protected":false},"excerpt":{"rendered":"<p>A m\u00e1quina de fresar PCB J500 \u00e9 uma solu\u00e7\u00e3o de corte sofisticada concebida para a separa\u00e7\u00e3o precisa de PCB. Integra controlo de movimento de \u00faltima gera\u00e7\u00e3o com componentes de alta qualidade para proporcionar uma precis\u00e3o e efici\u00eancia excepcionais. Esta m\u00e1quina est\u00e1 equipada com carater\u00edsticas avan\u00e7adas que garantem um desempenho de corte excecional, satisfazendo as exig\u00eancias do fabrico de PCB de alta precis\u00e3o.<\/p>","protected":false},"featured_media":21703,"comment_status":"open","ping_status":"closed","template":"","meta":{"iawp_total_views":97},"etheme_brands":[],"product_brand":[],"product_cat":[160],"product_tag":[],"class_list":{"0":"post-21863","1":"product","2":"type-product","3":"status-publish","4":"has-post-thumbnail","6":"product_cat-pcb-router-machine","8":"first","9":"instock","10":"shipping-taxable","11":"product-type-simple"},"_links":{"self":[{"href":"https:\/\/v2smt.com\/pt\/wp-json\/wp\/v2\/product\/21863","targetHints":{"allow":["GET"]}}],"collection":[{"href":"https:\/\/v2smt.com\/pt\/wp-json\/wp\/v2\/product"}],"about":[{"href":"https:\/\/v2smt.com\/pt\/wp-json\/wp\/v2\/types\/product"}],"replies":[{"embeddable":true,"href":"https:\/\/v2smt.com\/pt\/wp-json\/wp\/v2\/comments?post=21863"}],"version-history":[{"count":0,"href":"https:\/\/v2smt.com\/pt\/wp-json\/wp\/v2\/product\/21863\/revisions"}],"wp:featuredmedia":[{"embeddable":true,"href":"https:\/\/v2smt.com\/pt\/wp-json\/wp\/v2\/media\/21703"}],"wp:attachment":[{"href":"https:\/\/v2smt.com\/pt\/wp-json\/wp\/v2\/media?parent=21863"}],"wp:term":[{"taxonomy":"brand","embeddable":true,"href":"https:\/\/v2smt.com\/pt\/wp-json\/wp\/v2\/etheme_brands?post=21863"},{"taxonomy":"product_brand","embeddable":true,"href":"https:\/\/v2smt.com\/pt\/wp-json\/wp\/v2\/product_brand?post=21863"},{"taxonomy":"product_cat","embeddable":true,"href":"https:\/\/v2smt.com\/pt\/wp-json\/wp\/v2\/product_cat?post=21863"},{"taxonomy":"product_tag","embeddable":true,"href":"https:\/\/v2smt.com\/pt\/wp-json\/wp\/v2\/product_tag?post=21863"}],"curies":[{"name":"wp","href":"https:\/\/api.w.org\/{rel}","templated":true}]}}