{"id":21861,"date":"2024-07-23T15:33:50","date_gmt":"2024-07-23T15:33:50","guid":{"rendered":"https:\/\/v2smt.com\/?post_type=product&#038;p=21861"},"modified":"2024-08-22T17:03:56","modified_gmt":"2024-08-22T17:03:56","slug":"q-600l-high-speed-dispenser-machine","status":"publish","type":"product","link":"https:\/\/v2smt.com\/pt\/products\/q-600l-high-speed-dispenser-machine\/","title":{"rendered":"M\u00e1quina dispensadora de alta velocidade Q-600L"},"content":{"rendered":"<p>Carater\u00edsticas principais:<br \/>\n1. Controlo por computador: A m\u00e1quina utiliza um sistema controlado por computador com um sistema operativo Windows 10, proporcionando uma interface f\u00e1cil de utilizar e um funcionamento eficiente.<br \/>\n2. Elevada precis\u00e3o: Possui um elevado n\u00edvel de precis\u00e3o de posicionamento e precis\u00e3o de posicionamento repetido, garantindo resultados de distribui\u00e7\u00e3o precisos.<br \/>\n3. Sistema de acionamento avan\u00e7ado: Equipada com um servo motor e um acionamento por fuso de esferas, a m\u00e1quina consegue movimentos r\u00e1pidos e precisos.<br \/>\n4. V\u00e1lvulas: Pode ser equipado com v\u00e1rios tipos de v\u00e1lvulas, incluindo pneum\u00e1ticas, piezoel\u00e9ctricas e de parafuso, para lidar com diferentes materiais e aplica\u00e7\u00f5es.<br \/>\n5. Controlo autom\u00e1tico da temperatura: O corpo da v\u00e1lvula possui um sistema autom\u00e1tico de temperatura constante para manter um fluxo de material consistente.<br \/>\n6. Programa\u00e7\u00e3o visual: Oferece programa\u00e7\u00e3o visual em linha para facilitar a configura\u00e7\u00e3o e o funcionamento.<br \/>\n7. Configura\u00e7\u00f5es opcionais: Inclui carater\u00edsticas opcionais como a dete\u00e7\u00e3o de altura por laser, prote\u00e7\u00e3o anti-est\u00e1tica ESD e sistema de medi\u00e7\u00e3o de peso de precis\u00e3o para um melhor desempenho e adaptabilidade a v\u00e1rias necessidades de produ\u00e7\u00e3o.<\/p>","protected":false},"excerpt":{"rendered":"<p>A DESEN PRECISION Q600L \u00e9 uma m\u00e1quina dispensadora multifuncional de alta velocidade concebida para aplica\u00e7\u00f5es como enchimento de fundo SMT, embalagem de componentes, aplica\u00e7\u00e3o de pasta de solda e embalagem de semicondutores. Est\u00e1 equipada com um sistema controlado por computador, sistema operativo Windows 10 e funcionalidades avan\u00e7adas como um sistema de posicionamento visual CCD, acionamento por servomotor e um sistema autom\u00e1tico de temperatura constante do corpo da v\u00e1lvula para garantir uma dosagem precisa e consistente. A m\u00e1quina tamb\u00e9m oferece configura\u00e7\u00f5es opcionais como dete\u00e7\u00e3o de altura por laser e prote\u00e7\u00e3o anti-est\u00e1tica ESD, tornando-a uma ferramenta vers\u00e1til para v\u00e1rias necessidades de fabrico.<\/p>","protected":false},"featured_media":21706,"comment_status":"open","ping_status":"closed","template":"","meta":{"iawp_total_views":137},"etheme_brands":[],"product_brand":[],"product_cat":[147],"product_tag":[],"class_list":{"0":"post-21861","1":"product","2":"type-product","3":"status-publish","4":"has-post-thumbnail","6":"product_cat-automatic-dispensing-machine","8":"first","9":"instock","10":"shipping-taxable","11":"product-type-simple"},"_links":{"self":[{"href":"https:\/\/v2smt.com\/pt\/wp-json\/wp\/v2\/product\/21861","targetHints":{"allow":["GET"]}}],"collection":[{"href":"https:\/\/v2smt.com\/pt\/wp-json\/wp\/v2\/product"}],"about":[{"href":"https:\/\/v2smt.com\/pt\/wp-json\/wp\/v2\/types\/product"}],"replies":[{"embeddable":true,"href":"https:\/\/v2smt.com\/pt\/wp-json\/wp\/v2\/comments?post=21861"}],"version-history":[{"count":0,"href":"https:\/\/v2smt.com\/pt\/wp-json\/wp\/v2\/product\/21861\/revisions"}],"wp:featuredmedia":[{"embeddable":true,"href":"https:\/\/v2smt.com\/pt\/wp-json\/wp\/v2\/media\/21706"}],"wp:attachment":[{"href":"https:\/\/v2smt.com\/pt\/wp-json\/wp\/v2\/media?parent=21861"}],"wp:term":[{"taxonomy":"brand","embeddable":true,"href":"https:\/\/v2smt.com\/pt\/wp-json\/wp\/v2\/etheme_brands?post=21861"},{"taxonomy":"product_brand","embeddable":true,"href":"https:\/\/v2smt.com\/pt\/wp-json\/wp\/v2\/product_brand?post=21861"},{"taxonomy":"product_cat","embeddable":true,"href":"https:\/\/v2smt.com\/pt\/wp-json\/wp\/v2\/product_cat?post=21861"},{"taxonomy":"product_tag","embeddable":true,"href":"https:\/\/v2smt.com\/pt\/wp-json\/wp\/v2\/product_tag?post=21861"}],"curies":[{"name":"wp","href":"https:\/\/api.w.org\/{rel}","templated":true}]}}