{"id":21859,"date":"2024-07-23T15:33:50","date_gmt":"2024-07-23T15:33:50","guid":{"rendered":"https:\/\/v2smt.com\/?post_type=product&#038;p=21859"},"modified":"2024-08-22T17:03:56","modified_gmt":"2024-08-22T17:03:56","slug":"q-600d-high-speed-dispenser-machine","status":"publish","type":"product","link":"https:\/\/v2smt.com\/pt\/products\/q-600d-high-speed-dispenser-machine\/","title":{"rendered":"M\u00e1quina dispensadora de alta velocidade Q-600D"},"content":{"rendered":"<p>Carater\u00edsticas principais:<br \/>\n1. Controlo por computador com sistema operativo Windows para um funcionamento intuitivo.<br \/>\n2. Servomotores e fusos de esferas para um movimento e posicionamento precisos.<br \/>\n3. Sistema de posicionamento visual CCD para uma distribui\u00e7\u00e3o exacta.<br \/>\n4. Calibra\u00e7\u00e3o autom\u00e1tica para manter a precis\u00e3o da distribui\u00e7\u00e3o.<br \/>\n5. V\u00e1lvulas de pulveriza\u00e7\u00e3o pneum\u00e1ticas, v\u00e1lvulas piezoel\u00e9ctricas e v\u00e1lvulas de parafuso para v\u00e1rias necessidades de distribui\u00e7\u00e3o.<br \/>\n6. Sistema de aquecimento do corpo da v\u00e1lvula para um fluxo de adesivo consistente.<br \/>\n7. Op\u00e7\u00f5es de Programa\u00e7\u00e3o Visual Online e Programa\u00e7\u00e3o Offline.<br \/>\n8. Sistema opcional de medi\u00e7\u00e3o de altura a laser para ajuste autom\u00e1tico do eixo Z.<br \/>\n9. M\u00f3dulos de pr\u00e9-aquecimento e de aquecimento inferior para melhorar a fluidez do adesivo.<br \/>\n10. Sistema de pesagem de precis\u00e3o para um controlo exato da distribui\u00e7\u00e3o.<br \/>\n11. Sistema de alta press\u00e3o para aumentar a press\u00e3o do ar de entrada.<br \/>\n12. Conformidade com as normas de seguran\u00e7a, incluindo a certifica\u00e7\u00e3o CE.<br \/>\n13. Interfaces de comunica\u00e7\u00e3o para conetividade e interc\u00e2mbio de dados.<br \/>\n14. Sistema de correias transportadoras de alta temperatura para um manuseamento eficiente das pe\u00e7as.<br \/>\n15. Alarme de avaria e ecr\u00e3 de menu para monitoriza\u00e7\u00e3o e controlo operacional.<\/p>\n<p>&nbsp;<\/p>","protected":false},"excerpt":{"rendered":"<p>A DESEN Precision Q600D \u00e9 uma m\u00e1quina dispensadora de alta velocidade concebida para aplica\u00e7\u00f5es de precis\u00e3o na ind\u00fastria eletr\u00f3nica. Possui uma constru\u00e7\u00e3o robusta e est\u00e1 equipada com carater\u00edsticas avan\u00e7adas, tais como um sistema controlado por computador com funcionamento Windows, um sistema de posicionamento visual CCD para um alinhamento exato e servomotores para movimentos precisos. A m\u00e1quina oferece uma gama de capacidades de distribui\u00e7\u00e3o e \u00e9 capaz de lidar com diferentes tipos de v\u00e1lvulas e adesivos.<\/p>","protected":false},"featured_media":21706,"comment_status":"open","ping_status":"closed","template":"","meta":{"iawp_total_views":87},"etheme_brands":[],"product_brand":[],"product_cat":[147],"product_tag":[],"class_list":{"0":"post-21859","1":"product","2":"type-product","3":"status-publish","4":"has-post-thumbnail","6":"product_cat-automatic-dispensing-machine","8":"first","9":"instock","10":"shipping-taxable","11":"product-type-simple"},"_links":{"self":[{"href":"https:\/\/v2smt.com\/pt\/wp-json\/wp\/v2\/product\/21859","targetHints":{"allow":["GET"]}}],"collection":[{"href":"https:\/\/v2smt.com\/pt\/wp-json\/wp\/v2\/product"}],"about":[{"href":"https:\/\/v2smt.com\/pt\/wp-json\/wp\/v2\/types\/product"}],"replies":[{"embeddable":true,"href":"https:\/\/v2smt.com\/pt\/wp-json\/wp\/v2\/comments?post=21859"}],"version-history":[{"count":0,"href":"https:\/\/v2smt.com\/pt\/wp-json\/wp\/v2\/product\/21859\/revisions"}],"wp:featuredmedia":[{"embeddable":true,"href":"https:\/\/v2smt.com\/pt\/wp-json\/wp\/v2\/media\/21706"}],"wp:attachment":[{"href":"https:\/\/v2smt.com\/pt\/wp-json\/wp\/v2\/media?parent=21859"}],"wp:term":[{"taxonomy":"brand","embeddable":true,"href":"https:\/\/v2smt.com\/pt\/wp-json\/wp\/v2\/etheme_brands?post=21859"},{"taxonomy":"product_brand","embeddable":true,"href":"https:\/\/v2smt.com\/pt\/wp-json\/wp\/v2\/product_brand?post=21859"},{"taxonomy":"product_cat","embeddable":true,"href":"https:\/\/v2smt.com\/pt\/wp-json\/wp\/v2\/product_cat?post=21859"},{"taxonomy":"product_tag","embeddable":true,"href":"https:\/\/v2smt.com\/pt\/wp-json\/wp\/v2\/product_tag?post=21859"}],"curies":[{"name":"wp","href":"https:\/\/api.w.org\/{rel}","templated":true}]}}