{"id":21851,"date":"2024-07-23T15:33:49","date_gmt":"2024-07-23T15:33:49","guid":{"rendered":"https:\/\/v2smt.com\/?post_type=product&#038;p=21851"},"modified":"2024-08-22T17:03:56","modified_gmt":"2024-08-22T17:03:56","slug":"3d-spi-s8080","status":"publish","type":"product","link":"https:\/\/v2smt.com\/pt\/products\/3d-spi-s8080\/","title":{"rendered":"M\u00e1quina de inspe\u00e7\u00e3o de pasta de solda em linha S8080"},"content":{"rendered":"<p>1. Tecnologia PSLM: Elimina o desgaste mec\u00e2nico e aumenta a precis\u00e3o.<br \/>\n2. Alta resolu\u00e7\u00e3o de dete\u00e7\u00e3o: Precis\u00e3o de 0,37um, amostragem de 4-8x para repetibilidade.<br \/>\n3. Ilumina\u00e7\u00e3o difusa 3D: Supera os problemas de sombreamento, compatibilidade vers\u00e1til com substratos.<br \/>\n4. Fonte de luz RGB 2D ativa: Sintoniza\u00e7\u00e3o RGB patenteada para redu\u00e7\u00e3o de falsos alarmes.<br \/>\n5. Seguimento din\u00e2mico do eixo Z: Resolve problemas de deforma\u00e7\u00e3o em circuitos flex\u00edveis e PCBs.<br \/>\n6. Programa\u00e7\u00e3o f\u00e1cil de utilizar: Configura\u00e7\u00e3o r\u00e1pida e f\u00e1cil com o m\u00f3dulo Gerber.<br \/>\n7. Funcionamento eficiente: Funcionamento com uma s\u00f3 press\u00e3o, reduz o tempo de forma\u00e7\u00e3o.<br \/>\n8. Software de controlo est\u00e1tico de processos: SPC em tempo real, v\u00e1rios formatos de exporta\u00e7\u00e3o.<br \/>\n9. C\u00e2mara de alta resolu\u00e7\u00e3o: 5M pixels para uma inspe\u00e7\u00e3o detalhada.<br \/>\n10. Lente telec\u00eantrica: Assegura uma qualidade de imagem consistente em todo o campo.<br \/>\n11. Velocidade r\u00e1pida do campo de vis\u00e3o: 0,45s por FOV para um rendimento elevado.<br \/>\n12. Op\u00e7\u00e3o de fonte de luz RGB: Melhora a dete\u00e7\u00e3o de defeitos em v\u00e1rios substratos.<br \/>\n13. Compensa\u00e7\u00e3o do eixo Z em tempo real: Padr\u00e3o para gest\u00e3o de empenos.<br \/>\n14. Gama de medi\u00e7\u00e3o vers\u00e1til: De 100um a PCBs de 460x460mm.<br \/>\n15. Hardware robusto: IPC de alto desempenho com Intel i7, 24 GB de RAM e Windows 10.<\/p>","protected":false},"excerpt":{"rendered":"<p>A 3D SPI S8080 \u00e9 uma m\u00e1quina avan\u00e7ada de inspe\u00e7\u00e3o de pasta de solda que combina a Modula\u00e7\u00e3o Espacial de Luz Program\u00e1vel (PSLM) com a Profilometria de Medi\u00e7\u00e3o de Fase para obter uma inspe\u00e7\u00e3o de pasta de solda de alta precis\u00e3o. Est\u00e1 equipada com uma c\u00e2mara de 5M pix\u00e9is, uma lente telec\u00eantrica e um sistema de rastreio din\u00e2mico do eixo Z em tempo real, garantindo uma dete\u00e7\u00e3o precisa de defeitos e deforma\u00e7\u00f5es em PCB.<\/p>","protected":false},"featured_media":21681,"comment_status":"open","ping_status":"closed","template":"","meta":{"iawp_total_views":87},"etheme_brands":[],"product_brand":[],"product_cat":[135],"product_tag":[],"class_list":{"0":"post-21851","1":"product","2":"type-product","3":"status-publish","4":"has-post-thumbnail","6":"product_cat-solder-paste-inspection","8":"first","9":"instock","10":"shipping-taxable","11":"product-type-simple"},"_links":{"self":[{"href":"https:\/\/v2smt.com\/pt\/wp-json\/wp\/v2\/product\/21851","targetHints":{"allow":["GET"]}}],"collection":[{"href":"https:\/\/v2smt.com\/pt\/wp-json\/wp\/v2\/product"}],"about":[{"href":"https:\/\/v2smt.com\/pt\/wp-json\/wp\/v2\/types\/product"}],"replies":[{"embeddable":true,"href":"https:\/\/v2smt.com\/pt\/wp-json\/wp\/v2\/comments?post=21851"}],"version-history":[{"count":0,"href":"https:\/\/v2smt.com\/pt\/wp-json\/wp\/v2\/product\/21851\/revisions"}],"wp:featuredmedia":[{"embeddable":true,"href":"https:\/\/v2smt.com\/pt\/wp-json\/wp\/v2\/media\/21681"}],"wp:attachment":[{"href":"https:\/\/v2smt.com\/pt\/wp-json\/wp\/v2\/media?parent=21851"}],"wp:term":[{"taxonomy":"brand","embeddable":true,"href":"https:\/\/v2smt.com\/pt\/wp-json\/wp\/v2\/etheme_brands?post=21851"},{"taxonomy":"product_brand","embeddable":true,"href":"https:\/\/v2smt.com\/pt\/wp-json\/wp\/v2\/product_brand?post=21851"},{"taxonomy":"product_cat","embeddable":true,"href":"https:\/\/v2smt.com\/pt\/wp-json\/wp\/v2\/product_cat?post=21851"},{"taxonomy":"product_tag","embeddable":true,"href":"https:\/\/v2smt.com\/pt\/wp-json\/wp\/v2\/product_tag?post=21851"}],"curies":[{"name":"wp","href":"https:\/\/api.w.org\/{rel}","templated":true}]}}