{"id":21849,"date":"2024-07-23T15:33:49","date_gmt":"2024-07-23T15:33:49","guid":{"rendered":"https:\/\/v2smt.com\/?post_type=product&#038;p=21849"},"modified":"2024-08-22T17:03:56","modified_gmt":"2024-08-22T17:03:56","slug":"sinictek-2d-aoi-s510","status":"publish","type":"product","link":"https:\/\/v2smt.com\/pt\/products\/sinictek-2d-aoi-s510\/","title":{"rendered":"M\u00e1quina de Inspe\u00e7\u00e3o \u00d3tica Automatizada S510 2D"},"content":{"rendered":"<p>1. C\u00e2mara industrial de 5MP: Imagens de alta resolu\u00e7\u00e3o para detalhes.<br \/>\n2. Lente Telec\u00eantrica: Assegura uma qualidade de imagem consistente.<br \/>\n3. Fonte de luz RGB: Optimiza a visibilidade para as inspec\u00e7\u00f5es.<br \/>\n4. Resolu\u00e7\u00e3o de 15um: Capacidade de dete\u00e7\u00e3o de alta precis\u00e3o.<br \/>\n5. 3630mm FOV: Campo de vis\u00e3o vers\u00e1til para componentes.<br \/>\n6. Conce\u00e7\u00e3o de via \u00fanica: Processo de inspe\u00e7\u00e3o simplificado.<br \/>\n7. Manuseamento flex\u00edvel de placas de circuito impresso: Acomoda v\u00e1rios tamanhos de placas.<br \/>\n8. Posicionamento exato: Reduz os falsos alarmes, adapta-se \u00e0s deforma\u00e7\u00f5es.<br \/>\n9. Fun\u00e7\u00e3o SPC poderosa: Ferramentas avan\u00e7adas de controlo de qualidade.<br \/>\n10. Movimento do servo motor: Controlo preciso dos eixos X e Y.<br \/>\n11. Seguran\u00e7a abrangente: Inclui instru\u00e7\u00f5es de seguran\u00e7a e encravamentos.<br \/>\n12. Software de f\u00e1cil utiliza\u00e7\u00e3o: Interface ao estilo do Windows, de f\u00e1cil utiliza\u00e7\u00e3o.<br \/>\n13. Suporte de rede: Protocolo TCP\/IP para transfer\u00eancia instant\u00e2nea de imagens.<br \/>\n14. Computador topo de gama: CPU Intel I7, 16 GB de RAM, armazenamento SSD e HDD.<br \/>\n15. Monitor LCD de 21,5 polegadas: Ecr\u00e3 claro para funcionamento.<\/p>","protected":false},"excerpt":{"rendered":"<p>A Sinictek 2D AOI S510 \u00e9 uma m\u00e1quina de inspe\u00e7\u00e3o \u00f3tica autom\u00e1tica robusta que inclui uma c\u00e2mara CCD de 5MP de alta resolu\u00e7\u00e3o, uma lente telec\u00eantrica e algoritmos avan\u00e7ados para uma dete\u00e7\u00e3o precisa. Responde a diversas necessidades de inspe\u00e7\u00e3o com um manuseamento flex\u00edvel de PCB e poderosas ferramentas SPC.<\/p>","protected":false},"featured_media":21707,"comment_status":"open","ping_status":"closed","template":"","meta":{"iawp_total_views":67},"etheme_brands":[],"product_brand":[],"product_cat":[136],"product_tag":[],"class_list":{"0":"post-21849","1":"product","2":"type-product","3":"status-publish","4":"has-post-thumbnail","6":"product_cat-automated-optical-inspection","8":"first","9":"instock","10":"shipping-taxable","11":"product-type-simple"},"_links":{"self":[{"href":"https:\/\/v2smt.com\/pt\/wp-json\/wp\/v2\/product\/21849","targetHints":{"allow":["GET"]}}],"collection":[{"href":"https:\/\/v2smt.com\/pt\/wp-json\/wp\/v2\/product"}],"about":[{"href":"https:\/\/v2smt.com\/pt\/wp-json\/wp\/v2\/types\/product"}],"replies":[{"embeddable":true,"href":"https:\/\/v2smt.com\/pt\/wp-json\/wp\/v2\/comments?post=21849"}],"version-history":[{"count":0,"href":"https:\/\/v2smt.com\/pt\/wp-json\/wp\/v2\/product\/21849\/revisions"}],"wp:featuredmedia":[{"embeddable":true,"href":"https:\/\/v2smt.com\/pt\/wp-json\/wp\/v2\/media\/21707"}],"wp:attachment":[{"href":"https:\/\/v2smt.com\/pt\/wp-json\/wp\/v2\/media?parent=21849"}],"wp:term":[{"taxonomy":"brand","embeddable":true,"href":"https:\/\/v2smt.com\/pt\/wp-json\/wp\/v2\/etheme_brands?post=21849"},{"taxonomy":"product_brand","embeddable":true,"href":"https:\/\/v2smt.com\/pt\/wp-json\/wp\/v2\/product_brand?post=21849"},{"taxonomy":"product_cat","embeddable":true,"href":"https:\/\/v2smt.com\/pt\/wp-json\/wp\/v2\/product_cat?post=21849"},{"taxonomy":"product_tag","embeddable":true,"href":"https:\/\/v2smt.com\/pt\/wp-json\/wp\/v2\/product_tag?post=21849"}],"curies":[{"name":"wp","href":"https:\/\/api.w.org\/{rel}","templated":true}]}}