{"id":21845,"date":"2024-07-23T15:33:48","date_gmt":"2024-07-23T15:33:48","guid":{"rendered":"https:\/\/v2smt.com\/?post_type=product&#038;p=21845"},"modified":"2024-08-22T17:03:55","modified_gmt":"2024-08-22T17:03:55","slug":"sebyb14b00-00-g5s-chip-mounter","status":"publish","type":"product","link":"https:\/\/v2smt.com\/pt\/products\/sebyb14b00-00-g5s-chip-mounter\/","title":{"rendered":"SEBYB14B00-00 Montador de chips G5S"},"content":{"rendered":"<p>Cabe\u00e7a de transmiss\u00e3o direta: coloca\u00e7\u00e3o de alta velocidade e alta precis\u00e3o com manuseamento de componentes ao estilo de uma torre.<br \/>\nTra\u00e7\u00e3o linear dupla r\u00edgida: Assegura um posicionamento de alta velocidade e elevada precis\u00e3o com uma manuten\u00e7\u00e3o m\u00ednima.<br \/>\nMovimento Over Drive: Optimiza a produ\u00e7\u00e3o para aplica\u00e7\u00f5es de alta mistura e baixo volume com configura\u00e7\u00f5es familiares.<br \/>\nUnidade de alimenta\u00e7\u00e3o de v\u00e1rias pe\u00e7as: Acomoda uma ampla gama de tamanhos de componentes com v\u00e1rios tipos de alimentadores.<br \/>\nCabe\u00e7as com formas estranhas extremas: Suporta componentes com grandes dimens\u00f5es e alturas.<br \/>\nReconhecimento de alta precis\u00e3o: Sistemas de reconhecimento avan\u00e7ados para v\u00e1rios tipos de componentes.<br \/>\nSistema LISA: Controlo centralizado de dados da linha e gest\u00e3o de opera\u00e7\u00f5es para uma produ\u00e7\u00e3o sem falhas.<br \/>\nTecnologia ACV: Valida\u00e7\u00e3o avan\u00e7ada de componentes para verifica\u00e7\u00e3o de erros e suporte de rastreabilidade.<br \/>\nEquil\u00edbrio de linhas de produtos m\u00faltiplos: Programador de configura\u00e7\u00e3o eficiente e fun\u00e7\u00f5es de configura\u00e7\u00e3o de fam\u00edlia para minimizar o tempo de configura\u00e7\u00e3o.<br \/>\nConsidera\u00e7\u00e3o pelo meio ambiente: Cat\u00e1logo feito de papel reciclado que reflecte o compromisso da YAMAHA para com o ambiente.<\/p>","protected":false},"excerpt":{"rendered":"<p>A m\u00e1quina de montagem de chips SEBYB14B00-00 G5S \u00e9 um ep\u00edtome da coloca\u00e7\u00e3o de componentes de alta velocidade e elevada precis\u00e3o, concebida para opera\u00e7\u00f5es de montagem eletr\u00f3nica diversas e complexas. Com a sua cabe\u00e7a de acionamento direto (DDH) de gama super larga, acionamento linear duplo r\u00edgido e alimentadores avan\u00e7ados, permite uma vasta gama de tamanhos e formas de componentes, o que a torna uma ferramenta indispens\u00e1vel para as linhas de produ\u00e7\u00e3o modernas.<\/p>","protected":false},"featured_media":21708,"comment_status":"open","ping_status":"closed","template":"","meta":{"iawp_total_views":43},"etheme_brands":[],"product_brand":[],"product_cat":[131],"product_tag":[],"class_list":{"0":"post-21845","1":"product","2":"type-product","3":"status-publish","4":"has-post-thumbnail","6":"product_cat-pick-and-place","8":"first","9":"instock","10":"shipping-taxable","11":"product-type-simple"},"_links":{"self":[{"href":"https:\/\/v2smt.com\/pt\/wp-json\/wp\/v2\/product\/21845","targetHints":{"allow":["GET"]}}],"collection":[{"href":"https:\/\/v2smt.com\/pt\/wp-json\/wp\/v2\/product"}],"about":[{"href":"https:\/\/v2smt.com\/pt\/wp-json\/wp\/v2\/types\/product"}],"replies":[{"embeddable":true,"href":"https:\/\/v2smt.com\/pt\/wp-json\/wp\/v2\/comments?post=21845"}],"version-history":[{"count":0,"href":"https:\/\/v2smt.com\/pt\/wp-json\/wp\/v2\/product\/21845\/revisions"}],"wp:featuredmedia":[{"embeddable":true,"href":"https:\/\/v2smt.com\/pt\/wp-json\/wp\/v2\/media\/21708"}],"wp:attachment":[{"href":"https:\/\/v2smt.com\/pt\/wp-json\/wp\/v2\/media?parent=21845"}],"wp:term":[{"taxonomy":"brand","embeddable":true,"href":"https:\/\/v2smt.com\/pt\/wp-json\/wp\/v2\/etheme_brands?post=21845"},{"taxonomy":"product_brand","embeddable":true,"href":"https:\/\/v2smt.com\/pt\/wp-json\/wp\/v2\/product_brand?post=21845"},{"taxonomy":"product_cat","embeddable":true,"href":"https:\/\/v2smt.com\/pt\/wp-json\/wp\/v2\/product_cat?post=21845"},{"taxonomy":"product_tag","embeddable":true,"href":"https:\/\/v2smt.com\/pt\/wp-json\/wp\/v2\/product_tag?post=21845"}],"curies":[{"name":"wp","href":"https:\/\/api.w.org\/{rel}","templated":true}]}}