{"id":23350,"date":"2025-12-29T03:57:01","date_gmt":"2025-12-29T03:57:01","guid":{"rendered":"https:\/\/v2smt.com\/?post_type=product&#038;p=23350"},"modified":"2025-12-29T03:57:40","modified_gmt":"2025-12-29T03:57:40","slug":"vt-680-economic-offline-aoi-system","status":"publish","type":"product","link":"https:\/\/v2smt.com\/it\/products\/vt-680-economic-offline-aoi-system\/","title":{"rendered":"Sistema AOI economico offline VT-680"},"content":{"rendered":"<h1>Sistema AOI economico offline VT-680<\/h1>\n<h3><strong>Sistema AOI offline VT-680<\/strong><\/h3>\n<p><strong>Ispezione di precisione per linee di produzione SMT e DIP<\/strong><\/p>\n<p>\ud83d\udd0d\u00a0<strong>Capacit\u00e0 principali<\/strong>:<\/p>\n<ol>\n<li><strong>Manipolazione versatile dei PCB<\/strong>\n<ul>\n<li>Accoglie schede da\u00a0<strong>Da 20\u00d720 mm a 450\u00d7350 mm<\/strong>\u00a0(spessore: 0,3-5,0 mm), in grado di supportare applicazioni singole, multiple o\u00a0<strong>Ispezione su due lati<\/strong>\u00a0in un ciclo\u00a0<a class=\"citation-link\" href=\"https:\/\/yangcui319.cn.b2b168.com\/m\/supply\/v42012586.html\" rel=\"nofollow noopener\" target=\"_blank\"><img decoding=\"async\" class=\"citation-icon\" src=\"http:\/\/127.0.0.1:45001\/api\/images\/lu.png\" \/><\/a>\u00a0<a class=\"citation-link\" href=\"http:\/\/china.makepolo.com\/product-detail\/100342333146.html\" rel=\"nofollow noopener\" target=\"_blank\"><img decoding=\"async\" class=\"citation-icon\" src=\"http:\/\/127.0.0.1:45001\/api\/images\/lu.png\" \/><\/a>\u00a0<a class=\"citation-link\" href=\"https:\/\/www.hi1718.com\/product\/2013121713529147.html\" rel=\"nofollow noopener\" target=\"_blank\"><img decoding=\"async\" class=\"citation-icon\" src=\"http:\/\/127.0.0.1:45001\/api\/images\/lu.png\" \/><\/a>\u00a0.<\/li>\n<\/ul>\n<\/li>\n<li><strong>Rilevamento completo dei difetti<\/strong>\n<ul>\n<li>Identifica\u00a0<strong>18+ difetti critici<\/strong>: mancanze\/componenti, tombstoning, bridging, disallineamento, vuoti di saldatura, piegatura dei pin del circuito integrato ed errori di polarit\u00e0.\u00a0<a class=\"citation-link\" href=\"https:\/\/www.hi1718.com\/product\/2013121713529147.html\" rel=\"nofollow noopener\" target=\"_blank\"><img decoding=\"async\" class=\"citation-icon\" src=\"http:\/\/127.0.0.1:45001\/api\/images\/lu.png\" \/><\/a>\u00a0.<\/li>\n<\/ul>\n<\/li>\n<li><strong>Precisione ad alta velocit\u00e0<\/strong>\n<ul>\n<li><strong>3MP<\/strong>\u00a0(1600\u00d71200) con\u00a0<strong>Risoluzione 18\u03bcm<\/strong>\u00a0e illuminazione LED multicanale\u00a0<a class=\"citation-link\" href=\"https:\/\/www.hi1718.com\/product\/2013121713529147.html\" rel=\"nofollow noopener\" target=\"_blank\"><img decoding=\"async\" class=\"citation-icon\" src=\"http:\/\/127.0.0.1:45001\/api\/images\/lu.png\" \/><\/a>\u00a0.<\/li>\n<li><strong>Velocit\u00e0 di scansione 800 mm\/s<\/strong>\u00a0e\u00a0<strong>Precisione di posizionamento &lt;8\u03bcm<\/strong>\u00a0con meccanica servoassistita\u00a0<a class=\"citation-link\" href=\"https:\/\/www.hi1718.com\/product\/2013121713529147.html\" rel=\"nofollow noopener\" target=\"_blank\"><img decoding=\"async\" class=\"citation-icon\" src=\"http:\/\/127.0.0.1:45001\/api\/images\/lu.png\" \/><\/a>\u00a0.<\/li>\n<\/ul>\n<\/li>\n<\/ol>\n<p>\u2699\ufe0f\u00a0<strong>Vantaggi principali<\/strong>:<\/p>\n<ul>\n<li><strong>Ispezione bilaterale e multi-PCB<\/strong>: Controlla simultaneamente entrambi i lati di schede o pannelli multipli, aumentando la produttivit\u00e0.\u00a0<a class=\"citation-link\" href=\"https:\/\/yangcui319.cn.b2b168.com\/m\/supply\/v42012586.html\" rel=\"nofollow noopener\" target=\"_blank\"><img decoding=\"async\" class=\"citation-icon\" src=\"http:\/\/127.0.0.1:45001\/api\/images\/lu.png\" \/><\/a>\u00a0<a class=\"citation-link\" href=\"http:\/\/china.makepolo.com\/product-detail\/100342333146.html\" rel=\"nofollow noopener\" target=\"_blank\"><img decoding=\"async\" class=\"citation-icon\" src=\"http:\/\/127.0.0.1:45001\/api\/images\/lu.png\" \/><\/a>\u00a0.<\/li>\n<li><strong>Zero complessit\u00e0 di programmazione<\/strong>: Sistema operativo Windows intuitivo con\u00a0<strong>Interfaccia inglese\/cinese<\/strong>\u00a0e segnalazione automatica dei difetti\u00a0<a class=\"citation-link\" href=\"https:\/\/www.hi1718.com\/product\/2013121713529147.html\" rel=\"nofollow noopener\" target=\"_blank\"><img decoding=\"async\" class=\"citation-icon\" src=\"http:\/\/127.0.0.1:45001\/api\/images\/lu.png\" \/><\/a>\u00a0.<\/li>\n<li><strong>Distribuzione flessibile<\/strong>: Ingombro ridotto (900\u00d71100\u00d71300 mm), funzionamento offline e\u00a0<strong>Stabilit\u00e0 24\/7<\/strong>\u00a0(da -10\u00b0C a 40\u00b0C)\u00a0<a class=\"citation-link\" href=\"https:\/\/www.hi1718.com\/product\/2013121713529147.html\" rel=\"nofollow noopener\" target=\"_blank\"><img decoding=\"async\" class=\"citation-icon\" src=\"http:\/\/127.0.0.1:45001\/api\/images\/lu.png\" \/><\/a>\u00a0<a class=\"citation-link\" href=\"https:\/\/www.ekt-tech.com\/product\/36.html\" rel=\"nofollow noopener\" target=\"_blank\"><img decoding=\"async\" class=\"citation-icon\" src=\"http:\/\/127.0.0.1:45001\/api\/images\/lu.png\" \/><\/a>\u00a0.<\/li>\n<li><strong>Collaudato nel settore<\/strong>: Fiducia da parte dei produttori di EMS\/Automotive con\u00a0<strong>Garanzia nazionale di 1 anno<\/strong>\u00a0<a class=\"citation-link\" href=\"https:\/\/m.makepolo.com\/product\/100988453297.html\" rel=\"nofollow noopener\" target=\"_blank\"><img decoding=\"async\" class=\"citation-icon\" src=\"http:\/\/127.0.0.1:45001\/api\/images\/lu.png\" \/><\/a>\u00a0<a class=\"citation-link\" href=\"https:\/\/www.hi1718.com\/product\/2013121713529147.html\" rel=\"nofollow noopener\" target=\"_blank\"><img decoding=\"async\" class=\"citation-icon\" src=\"http:\/\/127.0.0.1:45001\/api\/images\/lu.png\" \/><\/a>\u00a0.<\/li>\n<\/ul>\n<blockquote><p><strong>Perch\u00e9 VT-680?<\/strong><br \/>\n<em>\u201cRiducete i tassi di fuga dei difetti con 90% con un sistema costruito per linee SMT\/DIP ad alto numero di pezzi. Ideale per i produttori che, in base ai costi, necessitano di un'ispezione affidabile e facile da usare per l'operatore, senza compromettere l'accuratezza.\u201d<\/em><\/p><\/blockquote>\n<hr \/>\n<h3><strong>Chiamata all'azione (CTA)<\/strong>:<\/h3>\n<p>\u2705\u00a0<strong>Guidare le richieste di informazioni con<\/strong>:<\/p>\n<ul>\n<li><strong>Titolo<\/strong>:\u00a0<em>\u201cEliminare i difetti dei PCB: Richiedete oggi stesso il vostro preventivo per il VT-680\u201d<\/em><\/li>\n<li><strong>Pulsante<\/strong>:\u00a0<strong>\u201cRichiedi una dimostrazione dal vivo\u201d<\/strong>\u00a0o\u00a0<strong>\u201cScarica la scheda tecnica\u201d<\/strong><\/li>\n<li><strong>Incentivo<\/strong>:\u00a0<em>\u201cValutazione gratuita delle applicazioni: Ottimizzare il rendimento\u201d<\/em><\/li>\n<\/ul>\n<p>#OfflineAOI #PCBispezione #SMTQualit\u00e0 #VT680 #AOImacchine #ElettronicaProduzione<\/p>\n<p><strong>Ideale per<\/strong>:<\/p>\n<ul>\n<li>Assemblaggio SMT\/DIP per volumi medi<\/li>\n<li>Automotive, industria ed elettronica di consumo<\/li>\n<li>Definizione delle priorit\u00e0 delle strutture\u00a0<strong>facilit\u00e0 d'uso<\/strong>\u00a0e\u00a0<strong>ROI rapido<\/strong><\/li>\n<\/ul>","protected":false},"excerpt":{"rendered":"<h2>Sistema AOI economico offline VT-680<\/h2>\n<p>Si tratta di una macchina di ispezione ottica automatizzata a basso costo, progettata per il controllo di qualit\u00e0 offline e di precisione nella produzione. \u00c8 dotata di una telecamera industriale intelligente ad alta velocit\u00e0 da 3MP con obiettivo telecentrico e illuminazione LED RGB.<\/p>","protected":false},"featured_media":23351,"comment_status":"open","ping_status":"closed","template":"","meta":{"iawp_total_views":8},"etheme_brands":[],"product_brand":[],"product_cat":[136],"product_tag":[],"class_list":{"0":"post-23350","1":"product","2":"type-product","3":"status-publish","4":"has-post-thumbnail","6":"product_cat-automated-optical-inspection","8":"first","9":"instock","10":"shipping-taxable","11":"product-type-simple"},"_links":{"self":[{"href":"https:\/\/v2smt.com\/it\/wp-json\/wp\/v2\/product\/23350","targetHints":{"allow":["GET"]}}],"collection":[{"href":"https:\/\/v2smt.com\/it\/wp-json\/wp\/v2\/product"}],"about":[{"href":"https:\/\/v2smt.com\/it\/wp-json\/wp\/v2\/types\/product"}],"replies":[{"embeddable":true,"href":"https:\/\/v2smt.com\/it\/wp-json\/wp\/v2\/comments?post=23350"}],"version-history":[{"count":0,"href":"https:\/\/v2smt.com\/it\/wp-json\/wp\/v2\/product\/23350\/revisions"}],"wp:featuredmedia":[{"embeddable":true,"href":"https:\/\/v2smt.com\/it\/wp-json\/wp\/v2\/media\/23351"}],"wp:attachment":[{"href":"https:\/\/v2smt.com\/it\/wp-json\/wp\/v2\/media?parent=23350"}],"wp:term":[{"taxonomy":"brand","embeddable":true,"href":"https:\/\/v2smt.com\/it\/wp-json\/wp\/v2\/etheme_brands?post=23350"},{"taxonomy":"product_brand","embeddable":true,"href":"https:\/\/v2smt.com\/it\/wp-json\/wp\/v2\/product_brand?post=23350"},{"taxonomy":"product_cat","embeddable":true,"href":"https:\/\/v2smt.com\/it\/wp-json\/wp\/v2\/product_cat?post=23350"},{"taxonomy":"product_tag","embeddable":true,"href":"https:\/\/v2smt.com\/it\/wp-json\/wp\/v2\/product_tag?post=23350"}],"curies":[{"name":"wp","href":"https:\/\/api.w.org\/{rel}","templated":true}]}}