{"id":23345,"date":"2025-12-29T03:08:33","date_gmt":"2025-12-29T03:08:33","guid":{"rendered":"https:\/\/v2smt.com\/?post_type=product&#038;p=23345"},"modified":"2025-12-29T03:09:31","modified_gmt":"2025-12-29T03:09:31","slug":"vt-980-ai-powered-aoi-system","status":"publish","type":"product","link":"https:\/\/v2smt.com\/it\/products\/vt-980-ai-powered-aoi-system\/","title":{"rendered":"Sistema AOI alimentato da AI VT-980"},"content":{"rendered":"<h1>Sistema AOI alimentato da AI VT-980<\/h1>\n<p>Sistema AOI alimentato da AI VT-980<br \/>\nRilevamento dei difetti rivoluzionato: 20MP di precisione + ottimizzazione AI<\/p>\n<p>\ud83d\udd0d Caratteristiche principali:<br \/>\n1. Imaging ad altissima risoluzione<br \/>\n- Telecamera industriale da 20MP: Rileva difetti microscopici fino a **10\u03bcm** (ad esempio, ponti di saldatura, componenti mancanti, Tombstoning).<br \/>\n2. La vera programmazione AI<br \/>\n- Impostazione intelligente delle ricette: Apprendimento automatico dei layout dei PCB \u2192 Programmazione pi\u00f9 rapida rispetto all'AOI tradizionale.<br \/>\n- Algoritmi auto-ottimizzanti: Ridurre le false chiamate di \u226560% con l'apprendimento continuo.<br \/>\n3. Ispezione rapida<br \/>\n- 0,25 sec\/componente per PCB complessi HDI, FPC e rigidi-flex.<\/p>\n<p>\u2699\ufe0f Vantaggi da leader del settore:<br \/>\n- Zero tempi morti: L'IA si adatta alle variazioni dei componenti (cambi di lotto\/scambi di fornitori).<br \/>\n- A prova di futuro: Supporta la miniaturizzazione 01005 e il PoP (Package-on-Package).<br \/>\n- Plug &amp; Inspect: 5 minuti di configurazione della ricetta per le nuove schede.<\/p>\n<p>&gt; Perch\u00e9 VT-980?<br \/>\n&gt; \u201cRiduzione dei tassi di fuga a &lt;100 ppm e riduzione della dipendenza dell&#039;operatore di 50%. Progettato per i produttori EMS, automobilistici e aerospaziali Tier-1 che rifiutano i compromessi sulla qualit\u00e0\u201d.\u201d<\/p>\n<p>Call-to-Action (CTA) mirata:<br \/>\n\u2705 Chiedere informazioni a:<br \/>\n- Titolo: \u201cOttenere zero fughe per difetti: Richiedete oggi stesso la vostra demo del VT-980\u201d.\u201d<br \/>\n- Pulsante: \u201cRichiedi preventivo | Vedi l'IA in azione\u201d<br \/>\n- Gancio chiave: \u201cAnalisi gratuita del ROI: Calcolate i vostri risparmi\u201d.\u201d<\/p>\n<p>$#AOISistema #20MPAOI #AIAOI #PCIspezione #SMTQualit\u00e0 #ElettronicaProduzione #ZeroDefetti$<\/p>\n<p>Perfetto per:<br \/>\n- Fornitori di EMS in scala verso l'Industria 4.0<br \/>\n- Produttori di PCB per il settore automobilistico (conformi alla norma IATF 16949)<br \/>\n- Linee di produzione ad alta miscelazione e alta complessit\u00e0<\/p>","protected":false},"excerpt":{"rendered":"<h2>Sistema AOI alimentato da AI VT-980<\/h2>\n<p>Si tratta di una macchina di ispezione ottica automatizzata AI avanzata, progettata per il controllo di qualit\u00e0 ad alta velocit\u00e0 e precisione nella produzione. \u00c8 dotata di una telecamera industriale intelligente ad alta velocit\u00e0 da 20 MP con obiettivo telecentrico e illuminazione LED RGB.<\/p>","protected":false},"featured_media":23346,"comment_status":"open","ping_status":"closed","template":"","meta":{"iawp_total_views":9},"etheme_brands":[],"product_brand":[],"product_cat":[136],"product_tag":[],"class_list":{"0":"post-23345","1":"product","2":"type-product","3":"status-publish","4":"has-post-thumbnail","6":"product_cat-automated-optical-inspection","8":"first","9":"instock","10":"shipping-taxable","11":"product-type-simple"},"_links":{"self":[{"href":"https:\/\/v2smt.com\/it\/wp-json\/wp\/v2\/product\/23345","targetHints":{"allow":["GET"]}}],"collection":[{"href":"https:\/\/v2smt.com\/it\/wp-json\/wp\/v2\/product"}],"about":[{"href":"https:\/\/v2smt.com\/it\/wp-json\/wp\/v2\/types\/product"}],"replies":[{"embeddable":true,"href":"https:\/\/v2smt.com\/it\/wp-json\/wp\/v2\/comments?post=23345"}],"version-history":[{"count":0,"href":"https:\/\/v2smt.com\/it\/wp-json\/wp\/v2\/product\/23345\/revisions"}],"wp:featuredmedia":[{"embeddable":true,"href":"https:\/\/v2smt.com\/it\/wp-json\/wp\/v2\/media\/23346"}],"wp:attachment":[{"href":"https:\/\/v2smt.com\/it\/wp-json\/wp\/v2\/media?parent=23345"}],"wp:term":[{"taxonomy":"brand","embeddable":true,"href":"https:\/\/v2smt.com\/it\/wp-json\/wp\/v2\/etheme_brands?post=23345"},{"taxonomy":"product_brand","embeddable":true,"href":"https:\/\/v2smt.com\/it\/wp-json\/wp\/v2\/product_brand?post=23345"},{"taxonomy":"product_cat","embeddable":true,"href":"https:\/\/v2smt.com\/it\/wp-json\/wp\/v2\/product_cat?post=23345"},{"taxonomy":"product_tag","embeddable":true,"href":"https:\/\/v2smt.com\/it\/wp-json\/wp\/v2\/product_tag?post=23345"}],"curies":[{"name":"wp","href":"https:\/\/api.w.org\/{rel}","templated":true}]}}