{"id":23168,"date":"2025-08-26T08:14:38","date_gmt":"2025-08-26T08:14:38","guid":{"rendered":"https:\/\/v2smt.com\/?post_type=product&#038;p=23168"},"modified":"2025-08-26T08:35:16","modified_gmt":"2025-08-26T08:35:16","slug":"pcba-cleaning-machine-v560","status":"publish","type":"product","link":"https:\/\/v2smt.com\/it\/products\/pcba-cleaning-machine-v560\/","title":{"rendered":"Macchina per la pulizia dei PCBA V560"},"content":{"rendered":"<h1>Macchina per la pulizia dei PCBA V560<\/h1>\n<p>Vantaggi fondamentali dell'apparecchiatura di pulizia del flusso PCBA V560\/Macchina di pulizia PCBA V560<\/p>\n<p>1. Design a camera singola \u25e6 Completa la pulizia, il risciacquo e l'asciugatura in un'unica camera chiusa \u2192 Elimina le perdite di trasferimento e i rischi di contaminazione incrociata. Ideale per produzioni compatte.<\/p>\n<p>2. Utilizza processi leader del settore per garantire la pulizia 100% di diversi modelli di PCBA \u2192 Assicura una qualit\u00e0 elevata e costante, indipendentemente dalle variazioni del prodotto. Supporta in modo efficiente linee SMT miste.<\/p>\n<p>3. Flusso di lavoro completamente automatizzato \u25e6 Dopo il caricamento manuale e la programmazione tramite touchscreen:<br \/>\n\u2705 Automatizza l'intero ciclo (avvio\u2192arresto\u2192ripristino)<br \/>\n\u2705 Auto-ripristino per lotti consecutivi \u2192 Minimizza l'intervento dell'operatore, riducendo i costi di manodopera.<\/p>\n<p>4. Chimica ecologica e sicura \u25e6 Utilizza fluidi non pericolosi a base d'acqua o acqua DI come agenti pulenti \u2192 Nessuna emissione di fumi tossici\/VOC. Sicuro per gli operatori, con zero requisiti di DPI. Bassi costi di smaltimento dei rifiuti rispetto ai sistemi a solvente.<\/p>\n<p>5. Architettura dei sistemi integrati \u25e6 Sottosistemi dedicati per le funzioni critiche:<br \/>\n\ud83d\udd27 Pulizia di precisione \u2192 Risciacquo accurato \u2192 Asciugatura controllata \u2192 Filtrazione attiva \u2192 Massimizza i tempi di attivit\u00e0 e la ripetibilit\u00e0. Il bilanciamento della potenza gas\/elettrica ottimizza l'efficienza energetica.<\/p>\n<p>6. Ergonomia incentrata sull'utente \u25e6 L'intuitivo HMI con touchscreen controlla senza sforzo parametri complessi \u2192 Curve di formazione brevi. L'interfaccia di carico manuale semplifica la gestione dei lotti senza compromettere i vantaggi dell'automazione.<\/p>\n<p>7. Prestazioni e affidabilit\u00e0 elevate \u25e6 Costruito appositamente per le SML (Small-Medium Lines): Alta densit\u00e0 di produzione + componenti di livello industriale \u2192 Tempo di attivit\u00e0 duraturo in ambienti difficili. Il design di nuova generazione combina velocit\u00e0, sicurezza e scalabilit\u00e0.<\/p>\n<table width=\"1062\">\n<tbody>\n<tr>\n<td width=\"205\"><b>Dimensioni della camera di pulizia<\/b><\/td>\n<td width=\"324\">L690xL620xH715 (mm)<\/td>\n<td width=\"192\"><b>sistema sprinkler<\/b><\/td>\n<td width=\"340\">Pulizia con spruzzo rotante a 360 gradi verso l'alto e verso il basso<\/td>\n<\/tr>\n<tr>\n<td width=\"205\"><b>Dimensioni del cesto di lavaggio<\/b><\/td>\n<td width=\"324\">L610xL560xH100(mm) design a doppio strato<\/td>\n<td width=\"192\"><b>Gamma di pressione del getto di pulizia<\/b><\/td>\n<td width=\"340\">0,3~0,6 (Mpa)<\/td>\n<\/tr>\n<tr>\n<td width=\"205\"><b>Capacit\u00e0 del serbatoio del concentrato<\/b><\/td>\n<td width=\"324\">30L<\/td>\n<td width=\"192\"><b>Capacit\u00e0 del serbatoio di spruzzatura<\/b><\/td>\n<td width=\"340\">17L-23L<\/td>\n<\/tr>\n<tr>\n<td width=\"205\"><b>Capacit\u00e0 del serbatoio del diluente<\/b><\/td>\n<td width=\"324\">70L<\/td>\n<td width=\"192\"><b>Carico del cesto di lavaggio<\/b><\/td>\n<td width=\"340\">100KG<\/td>\n<\/tr>\n<tr>\n<td width=\"205\"><b>Tempo di lavaggio ridotto<\/b><\/td>\n<td width=\"324\">3~8 minuti (riferimento)<\/td>\n<td width=\"192\"><b>Tempo di risciacquo<\/b><\/td>\n<td width=\"340\">1~2 minuti\/tempo, 1-10 volte (impostare come richiesto)<\/td>\n<\/tr>\n<tr>\n<td width=\"205\"><b>Tempo di asciugatura<\/b><\/td>\n<td width=\"324\">20~30 minuti (riferimento)<\/td>\n<td width=\"192\"><b>Temperatura di riscaldamento del liquido<\/b><\/td>\n<td width=\"340\">~75P<\/td>\n<\/tr>\n<tr>\n<td width=\"205\"><b>Potenza di compensazione della temperatura della cavit\u00e0 interna<\/b><\/td>\n<td width=\"324\">6KW<\/td>\n<td width=\"192\"><b>Temperatura di essiccazione ad aria calda Temperatura ambiente<\/b><\/td>\n<td width=\"340\">~99P<\/td>\n<\/tr>\n<tr>\n<td width=\"205\"><b>Potenza del riscaldatore del serbatoio del solvente<\/b><\/td>\n<td width=\"324\">9KW<\/td>\n<td width=\"192\"><b>Potenza del riscaldatore di asciugatura<\/b><\/td>\n<td width=\"340\">6KW<\/td>\n<\/tr>\n<tr>\n<td width=\"205\"><b>Potenza della pompa a spruzzo orizzontale<\/b><\/td>\n<td width=\"324\">5,5KW<\/td>\n<td width=\"192\"><b>Campo di monitoraggio del resistivimetro<\/b><\/td>\n<td width=\"340\">0~ 18MQ-cm<\/td>\n<\/tr>\n<tr>\n<td width=\"205\"><b>Fonte d'aria<\/b><\/td>\n<td width=\"324\">0,4-0,7Mpa<\/td>\n<td width=\"192\"><b>ingresso e uscita dell'acqua<\/b><\/td>\n<td width=\"340\">Interfaccia a sgancio rapido da 1 pollice<\/td>\n<\/tr>\n<tr>\n<td width=\"205\"><b>alimentazione<\/b><\/td>\n<td width=\"324\">AC380V 3P, 50\/60HZ 27KW<\/td>\n<td width=\"192\"><b>Peso della macchina<\/b><\/td>\n<td width=\"340\">400KG<\/td>\n<\/tr>\n<tr>\n<td width=\"205\"><b>Dimensioni della macchina<\/b><\/td>\n<td width=\"324\">L1200xW1100xH 1780\u00b130(mm)<\/td>\n<td width=\"192\"><b>Dimensioni dell'attacco di scarico<\/b><\/td>\n<td width=\"340\">\u03a6100*30H (mm)<\/td>\n<\/tr>\n<tr>\n<td width=\"205\"><b>Sistema di filtraggio a 3 stadi<\/b><\/td>\n<td colspan=\"3\" width=\"857\">Filtro di livello 1 (filtra impurit\u00e0 ed etichette) Filtro di livello 2 (filtra piccole particelle e pasta saldante) Filtro di livello 3 5um (filtra piccole particelle e colofonia)<\/td>\n<\/tr>\n<tr>\n<td width=\"205\"><b>Quantit\u00e0 di una pulizia<\/b><\/td>\n<td colspan=\"3\" width=\"857\">Calcolato in base alla dimensione del bordo PCBA L200\u00d7W100\u00d7H20 (mm), ogni lotto pu\u00f2 lavare 100-160pcs<\/td>\n<\/tr>\n<\/tbody>\n<\/table>","protected":false},"excerpt":{"rendered":"<h2>Macchina per la pulizia dei PCBA V560<\/h2>\n<p><strong>Apparecchiatura di pulizia del flusso PCBA per linee di produzione medio-piccole.<\/strong>\u00a0Il V560 esegue un tipico processo di pulizia in batch, completando tutte le fasi - pulizia, risciacquo e asciugatura - in un'unica camera. Migliora la qualit\u00e0 della pulizia per la produzione di PCBA multi-modello utilizzando i processi pi\u00f9 avanzati del settore per ottenere una pulizia 100% e la protezione dell'ambiente. Composta da sistemi di pulizia, risciacquo, asciugatura e filtraggio, la macchina funziona con elettricit\u00e0 e gas. Un operatore carica manualmente le PCBA nella camera di pulizia, quindi imposta i parametri per ogni fase tramite il touch screen. Una volta avviata, la macchina esegue automaticamente l'intero ciclo. Al termine, si ferma automaticamente e si resetta per il lotto successivo. Questo design di facile utilizzo aumenta notevolmente l'efficienza produttiva e la qualit\u00e0 del prodotto. Come nuova soluzione ad alte prestazioni e completamente automatica, l'apparecchiatura utilizza un liquido a base d'acqua o acqua DI come agente di pulizia non pericoloso e sicuro per il personale.<\/p>","protected":false},"featured_media":23162,"comment_status":"closed","ping_status":"closed","template":"","meta":{"iawp_total_views":6},"etheme_brands":[],"product_brand":[],"product_cat":[182],"product_tag":[],"class_list":{"0":"post-23168","1":"product","2":"type-product","3":"status-publish","4":"has-post-thumbnail","6":"product_cat-pcb-cleaning-machine","8":"first","9":"instock","10":"shipping-taxable","11":"product-type-simple"},"_links":{"self":[{"href":"https:\/\/v2smt.com\/it\/wp-json\/wp\/v2\/product\/23168","targetHints":{"allow":["GET"]}}],"collection":[{"href":"https:\/\/v2smt.com\/it\/wp-json\/wp\/v2\/product"}],"about":[{"href":"https:\/\/v2smt.com\/it\/wp-json\/wp\/v2\/types\/product"}],"replies":[{"embeddable":true,"href":"https:\/\/v2smt.com\/it\/wp-json\/wp\/v2\/comments?post=23168"}],"version-history":[{"count":0,"href":"https:\/\/v2smt.com\/it\/wp-json\/wp\/v2\/product\/23168\/revisions"}],"wp:featuredmedia":[{"embeddable":true,"href":"https:\/\/v2smt.com\/it\/wp-json\/wp\/v2\/media\/23162"}],"wp:attachment":[{"href":"https:\/\/v2smt.com\/it\/wp-json\/wp\/v2\/media?parent=23168"}],"wp:term":[{"taxonomy":"brand","embeddable":true,"href":"https:\/\/v2smt.com\/it\/wp-json\/wp\/v2\/etheme_brands?post=23168"},{"taxonomy":"product_brand","embeddable":true,"href":"https:\/\/v2smt.com\/it\/wp-json\/wp\/v2\/product_brand?post=23168"},{"taxonomy":"product_cat","embeddable":true,"href":"https:\/\/v2smt.com\/it\/wp-json\/wp\/v2\/product_cat?post=23168"},{"taxonomy":"product_tag","embeddable":true,"href":"https:\/\/v2smt.com\/it\/wp-json\/wp\/v2\/product_tag?post=23168"}],"curies":[{"name":"wp","href":"https:\/\/api.w.org\/{rel}","templated":true}]}}