{"id":22986,"date":"2025-05-08T07:54:04","date_gmt":"2025-05-08T07:54:04","guid":{"rendered":"https:\/\/v2smt.com\/?post_type=product&#038;p=22986"},"modified":"2025-05-08T07:54:04","modified_gmt":"2025-05-08T07:54:04","slug":"xrf-x-ray-fluorescence-8000","status":"publish","type":"product","link":"https:\/\/v2smt.com\/it\/products\/xrf-x-ray-fluorescence-8000\/","title":{"rendered":"XRF Fluorescenza a raggi X 8000"},"content":{"rendered":"<p>XRF Fluorescenza a raggi X 8000 Applicazioni<br \/>\nViene utilizzato principalmente per il rilevamento di elementi quali piombo (Pb), mercurio (Hg), cadmio (Cd), cromo totale (Cr) e bromo totale (Br) contenuti in prodotti elettronici ed elettrici controllati dalle normative. \u00c8 utilizzato per la rilevazione di cloro (Cl) e bromo (Br) nei prodotti controllati dagli alogeni.<\/p>\n<p>Conforme alle normative globali sulle sostanze pericolose e ai metodi di analisi<br \/>\nL'analizzatore XRF a fluorescenza a raggi X 8000 \u00e8 stato approvato come strumento di screening per l'analisi dei prodotti di consumo, al fine di determinare se il prodotto \u00e8 conforme ai seguenti regolamenti e metodi di analisi sulle sostanze pericolose a livello globale:<br \/>\n- Direttiva RoHS dell'UE (2011\/65\/UE)<br \/>\n- Direttiva RoHS Cina (ACPEIP)<br \/>\n- Giappone RoHS<br \/>\n- Direttiva RoHS coreana<br \/>\n- Legge statunitense sul miglioramento della sicurezza dei prodotti di consumo (CPSIA) (HR4040)<br \/>\n- Direttiva USA sulla restrizione dell'assenza di alogeni<br \/>\n- Proposizione 65 della California<br \/>\n- US CPSC-CH-E1002-08 SOP procedura operativa standard<\/p>\n<p>XRF Fluorescenza a raggi X 8000 Introduzione <\/p>\n<p>XRF X-ray Fluorescence 8000 \u00e8 un modello di fascia alta con doppio sistema di protezione dalle radiazioni, interfaccia operativa umanizzata, applicazione completa del metodo del coefficiente empirico e del software di analisi V1.0 del metodo dei parametri di base. I test elementari vanno da S a U. \u00c8 in grado di rilevare piombo (Pb), mercurio (Hg), cadmio (Cd), bromo totale (Br) e cromo totale (Cr) nei regolamenti, nonch\u00e9 cloro (Cl) e bromo (Br) negli elementi della direttiva priva di alogeni. La funzione di curva di lavoro aperta ben progettata \u00e8 particolarmente adatta per il controllo dei processi di fabbrica di vari materiali. Rispetto ai tradizionali strumenti comuni dell'industria, questo modello presenta i vantaggi di una rapida analisi e identificazione delle anomalie dei materiali nell'industria attuale. Si basa su una soluzione di sistema efficiente e accurata che risolve completamente le richieste di controllo HSF dei clienti. Il principio di questa soluzione \u00e8 chiaro, il metodo \u00e8 fattibile e l'effetto \u00e8 notevole.<\/p>\n<p>Materiale anormale: l'originale funzione di confronto a spettro completo, il monitoraggio in tempo reale delle anomalie del materiale del fornitore e l'avviso tempestivo, offrono vantaggi ineguagliabili nel controllo RoHs\/halogen-free e dei fornitori.<\/p>\n<p>XRF Fluorescenza a raggi X 8000 condizioni di lavoro: condizioni di lavoro<\/p>\n<p>Temperatura di funzionamento: 15-30\u2103<br \/>\nUmidit\u00e0 relativa: 40%\uff5e50%<br \/>\nAlimentazione: CA :220V \u00b15V<br \/>\nPeso netto: 42 kg<br \/>\nDimensioni dell'apparecchiatura: 525 mm (W)\uff0a390 mm (D)\uff0a360 mm (H)<br \/>\nDimensioni della camera del campione: 439*300*50mm<\/p>\n<p>XRF Fluorescenza a raggi X 8000 Prestazioni e indicatori tecnici:<br \/>\n\uf06cThe gamma di analisi elementari va dal magnesio (Mg) all'uranio (U).<br \/>\n\uf06cThe gamma di analisi del contenuto di elementi va da 1 PPm a 99,99%.<br \/>\n\uf06cMeasurement tempo: 100-300 secondi.<br \/>\n\uf06cThe limite di rilevamento degli elementi nocivi specificati nella direttiva RoHS (limitatamente a Cd\/Pb\/Cr\/Hg\/Br) pu\u00f2 arrivare fino a 1PPM.<br \/>\n\uf06cAt stesso tempo, pu\u00f2 analizzare decine o pi\u00f9 elementi e cinque strati di rivestimenti.<br \/>\n\uf06cThe limite di rilevamento per l'analisi pu\u00f2 raggiungere 2ppm, e l'analisi della placcatura pu\u00f2 analizzare campioni con uno spessore di 0,005um<br \/>\n\uf06cPower alimentazione: CA 220V \u00b1 5V. (Si consiglia di configurare un'alimentazione stabilizzata con depurazione CA).<br \/>\n\uf06cThe spessore del rivestimento \u00e8 generalmente di 30 \u03bc Entro m (diverso per ogni materiale)<br \/>\n\uf06cMultiple modelli di analisi e identificazione selezionabili.<br \/>\n\uf06cIndependent modello di correzione degli effetti della matrice.<br \/>\n\uf06cMultivariable programma di recupero non lineare<br \/>\n\uf06cThe ripetibilit\u00e0 di misure multiple dello spessore del rivestimento pu\u00f2 raggiungere 0,1%<br \/>\n\uf06cThe stabilit\u00e0 a lungo termine della misura dello spessore del rivestimento pu\u00f2 raggiungere 0,1%<br \/>\n\uf06cThe risoluzione energetica \u00e8 di 144 \u00b1 5 elettronvolt.<br \/>\nL'intervallo di adattamento della temperatura di \uf06cThe \u00e8 compreso tra 15 \u2103 e 30 \u2103.<\/p>\n<p>XRF Fluorescenza a raggi X 8000 Caratteristiche del prodotto<br \/>\n\uf06cA prodotto specificamente progettato per le direttive ambientali come ROHS e EN71.<br \/>\n\uf06cBreaking allontanandosi dal tradizionale design lineare degli strumenti e adottando un design integrato e snello, lo strumento \u00e8 alla moda ed elegante.<br \/>\n\uf06cUsing Il rivelatore americano Amptek SDD, raffreddato elettricamente invece che con azoto liquido, ha un volume ridotto, un'analisi accurata dei dati e un basso costo di manutenzione.<br \/>\n\uf06cAdopting un sistema di elaborazione del segnale SES sviluppato in proprio, che migliora efficacemente la sensibilit\u00e0 della misurazione e la rende pi\u00f9 precisa.<br \/>\n\uf06cOne test automatico a clic, pi\u00f9 semplice da usare, pi\u00f9 conveniente e pi\u00f9 facile da usare.<br \/>\n\uf06cSeven tipi di sistemi di correzione del percorso ottico e di collimazione, con commutazione automatica in base ai diversi campioni.<br \/>\n\uf06cMultiple design di prevenzione delle perdite di radiazioni, con un livello di protezione dalle radiazioni che appartiene al livello pi\u00f9 alto tra i prodotti simili.<br \/>\n\uf06cAdvanced design integrato di dissipazione del calore migliora notevolmente le prestazioni complessive di dissipazione del calore della macchina, garantendo il funzionamento sicuro dei componenti principali.<br \/>\n\uf06cThe La tecnologia di controllo della temperatura del movimento, unica nel suo genere, 1.7.9 garantisce un funzionamento sicuro e affidabile della sorgente di raggi X, ne prolunga efficacemente la durata e riduce i costi di utilizzo.<br \/>\n\uf06cMultiple sistema di protezione degli accessori dello strumento, che pu\u00f2 essere completamente monitorato tramite software, rendendo il lavoro dello strumento pi\u00f9 stabile e sicuro.<br \/>\n\uf06cROHS \u00e8 un software di test dedicato con un design a finestre standard, un'interfaccia facile da usare e un funzionamento semplice.<br \/>\nLa macchina \uf06cThis adotta l'interfaccia USB2.0, garantendo in modo efficace una trasmissione dei dati accurata, ad alta velocit\u00e0 ed efficace\u3002<\/p>\n<p>Vantaggi<br \/>\n1. Precisione: curva di lavoro aperta, con un'area di lavoro specifica per testare i materiali di controllo chiave.<br \/>\n2. Velocit\u00e0: Sviluppo proprio di un metodo di analisi di confronto rapido dello spettro, funzione di avviso tempestivo delle modifiche del materiale del fornitore.<br \/>\n3. Sicurezza: Doppia protezione dai raggi X (software, hardware, design a labirinto), per garantire la sicurezza personale degli operatori e i danni da radiazioni causati da un funzionamento accidentale.<br \/>\n4. Il design della grande sala campioni offre uno spazio pi\u00f9 ampio rispetto al modello tradizionale.<br \/>\n5. L'adozione di un nuovo design del percorso ottico riduce il limite di rilevamento del cloro (Cl).<br \/>\n6. Fornire una piattaforma di calibrazione della curva di lavoro aperta, che pu\u00f2 essere personalizzata per lo schema di rilevamento per il controllo delle sostanze nocive per gli utenti.<br \/>\n7. Il software di analisi XRF leader a livello mondiale integra metodi di analisi come il metodo dei coefficienti empirici e il metodo dei parametri fondamentali (metodo FP).<br \/>\n8. Garantire pienamente l'accuratezza dei dati di prova.<br \/>\n9. Il formato di uscita del rapporto di prova (Excel, PDF, ecc.) pu\u00f2 essere personalizzato in base alle esigenze dell'utente, in modo da soddisfare i vari requisiti statistici e di formato della fabbrica.<br \/>\n10. \u00c8 disponibile un'interfaccia software multilingue.<\/p>","protected":false},"excerpt":{"rendered":"<p>XRF X-ray Fluorescence 8000 Applications It is mainly used for the detection of elements such as lead (Pb), mercury (Hg),&#8230;<\/p>","protected":false},"featured_media":22989,"comment_status":"closed","ping_status":"closed","template":"","meta":{"iawp_total_views":14},"etheme_brands":[{"term_id":181,"name":"XRF","slug":"xrf","term_group":0,"term_taxonomy_id":181,"taxonomy":"brand","description":"","parent":0,"count":3,"filter":"raw"}],"product_brand":[],"product_cat":[137],"product_tag":[],"class_list":{"0":"post-22986","1":"product","2":"type-product","3":"status-publish","4":"has-post-thumbnail","6":"brand-xrf","7":"product_cat-x-ray-inspection","9":"first","10":"instock","11":"shipping-taxable","12":"product-type-simple"},"_links":{"self":[{"href":"https:\/\/v2smt.com\/it\/wp-json\/wp\/v2\/product\/22986","targetHints":{"allow":["GET"]}}],"collection":[{"href":"https:\/\/v2smt.com\/it\/wp-json\/wp\/v2\/product"}],"about":[{"href":"https:\/\/v2smt.com\/it\/wp-json\/wp\/v2\/types\/product"}],"replies":[{"embeddable":true,"href":"https:\/\/v2smt.com\/it\/wp-json\/wp\/v2\/comments?post=22986"}],"version-history":[{"count":0,"href":"https:\/\/v2smt.com\/it\/wp-json\/wp\/v2\/product\/22986\/revisions"}],"wp:featuredmedia":[{"embeddable":true,"href":"https:\/\/v2smt.com\/it\/wp-json\/wp\/v2\/media\/22989"}],"wp:attachment":[{"href":"https:\/\/v2smt.com\/it\/wp-json\/wp\/v2\/media?parent=22986"}],"wp:term":[{"taxonomy":"brand","embeddable":true,"href":"https:\/\/v2smt.com\/it\/wp-json\/wp\/v2\/etheme_brands?post=22986"},{"taxonomy":"product_brand","embeddable":true,"href":"https:\/\/v2smt.com\/it\/wp-json\/wp\/v2\/product_brand?post=22986"},{"taxonomy":"product_cat","embeddable":true,"href":"https:\/\/v2smt.com\/it\/wp-json\/wp\/v2\/product_cat?post=22986"},{"taxonomy":"product_tag","embeddable":true,"href":"https:\/\/v2smt.com\/it\/wp-json\/wp\/v2\/product_tag?post=22986"}],"curies":[{"name":"wp","href":"https:\/\/api.w.org\/{rel}","templated":true}]}}