{"id":21929,"date":"2024-07-23T16:10:11","date_gmt":"2024-07-23T16:10:11","guid":{"rendered":"https:\/\/v2smt.com\/?post_type=product&#038;p=21929"},"modified":"2024-08-22T17:03:59","modified_gmt":"2024-08-22T17:03:59","slug":"lead-free-reflow-oven-ty-tech-8020","status":"publish","type":"product","link":"https:\/\/v2smt.com\/it\/products\/lead-free-reflow-oven-ty-tech-8020\/","title":{"rendered":"Forno di rifusione senza piombo TY-Tech 8020"},"content":{"rendered":"<p>1. Controllo intelligente PLC Siemens<br \/>\n2. Interfaccia operativa di Windows XP<br \/>\n3. Sollevamento automatico del corpo del cilindro<br \/>\n4. Cinghia a rete per un trasporto agevole<br \/>\n5. Controllo PID per le zone di riscaldamento<br \/>\n6. Controllo trasmissione rete\/catena<br \/>\n7. Allarme di guasto e protezione dalle perdite<br \/>\n8. UPS e sistema di spegnimento ritardato<br \/>\n9. Modalit\u00e0 di riscaldamento a microcircolazione ERSA<br \/>\n10. Sistema di microcircolazione dell'aria indipendente<\/p>","protected":false},"excerpt":{"rendered":"<p>Il forno TY-Tech 8020 vanta un sistema di controllo intelligente con PLC Siemens, che garantisce una precisione di \u00b11-2\u2103 nel controllo della temperatura. Dotato di un sistema di riscaldamento a 8 zone, di un sistema di raffreddamento ad aria forzata e di un nastro a maglie da 500 mm, \u00e8 in grado di soddisfare le esigenze dei PCB pi\u00f9 grandi con un'elevata produttivit\u00e0. Le avanzate funzioni di sicurezza e l'interfaccia intuitiva ne evidenziano le solide prestazioni nel processo di saldatura.<\/p>","protected":false},"featured_media":21689,"comment_status":"open","ping_status":"closed","template":"","meta":{"iawp_total_views":47},"etheme_brands":[],"product_brand":[],"product_cat":[140],"product_tag":[],"class_list":{"0":"post-21929","1":"product","2":"type-product","3":"status-publish","4":"has-post-thumbnail","6":"product_cat-reflow-soldering","8":"first","9":"instock","10":"shipping-taxable","11":"product-type-simple"},"_links":{"self":[{"href":"https:\/\/v2smt.com\/it\/wp-json\/wp\/v2\/product\/21929","targetHints":{"allow":["GET"]}}],"collection":[{"href":"https:\/\/v2smt.com\/it\/wp-json\/wp\/v2\/product"}],"about":[{"href":"https:\/\/v2smt.com\/it\/wp-json\/wp\/v2\/types\/product"}],"replies":[{"embeddable":true,"href":"https:\/\/v2smt.com\/it\/wp-json\/wp\/v2\/comments?post=21929"}],"version-history":[{"count":0,"href":"https:\/\/v2smt.com\/it\/wp-json\/wp\/v2\/product\/21929\/revisions"}],"wp:featuredmedia":[{"embeddable":true,"href":"https:\/\/v2smt.com\/it\/wp-json\/wp\/v2\/media\/21689"}],"wp:attachment":[{"href":"https:\/\/v2smt.com\/it\/wp-json\/wp\/v2\/media?parent=21929"}],"wp:term":[{"taxonomy":"brand","embeddable":true,"href":"https:\/\/v2smt.com\/it\/wp-json\/wp\/v2\/etheme_brands?post=21929"},{"taxonomy":"product_brand","embeddable":true,"href":"https:\/\/v2smt.com\/it\/wp-json\/wp\/v2\/product_brand?post=21929"},{"taxonomy":"product_cat","embeddable":true,"href":"https:\/\/v2smt.com\/it\/wp-json\/wp\/v2\/product_cat?post=21929"},{"taxonomy":"product_tag","embeddable":true,"href":"https:\/\/v2smt.com\/it\/wp-json\/wp\/v2\/product_tag?post=21929"}],"curies":[{"name":"wp","href":"https:\/\/api.w.org\/{rel}","templated":true}]}}