{"id":21913,"date":"2024-07-23T15:48:36","date_gmt":"2024-07-23T15:48:36","guid":{"rendered":"https:\/\/v2smt.com\/?post_type=product&#038;p=21913"},"modified":"2024-08-22T17:03:58","modified_gmt":"2024-08-22T17:03:58","slug":"aoi-600-automated-optical-inspection-machine","status":"publish","type":"product","link":"https:\/\/v2smt.com\/it\/products\/aoi-600-automated-optical-inspection-machine\/","title":{"rendered":"Macchina di ispezione ottica automatizzata AOI 600"},"content":{"rendered":"<p>1. Telecamera ad alta velocit\u00e0 da 5 M: Cattura immagini dettagliate con esposizione globale.<br \/>\n2. Obiettivo telecentrico: chiarezza dei pixel di 5M, profondit\u00e0 di campo di 8-10 mm.<br \/>\n3. Illuminazione LED RGB: Migliora la visibilit\u00e0 grazie all'illuminazione multiangolare.<br \/>\n4. Sistema di controllo digitale: Gestisce la luce e i parametri di rilevamento.<br \/>\n5. Algoritmi di rilevamento avanzati: Include la corrispondenza dei modelli e il rilevamento intelligente.<br \/>\n6. Tecnologia IPE: Elaborazione delle immagini personalizzabile per una maggiore precisione.<br \/>\n7. Velocit\u00e0 di elaborazione: meno di 170 ms per FOV.<br \/>\n8. Velocit\u00e0 di rilevamento efficiente: 3500 mm\u00b2\/s per il controllo della qualit\u00e0.<br \/>\n9. Programmazione offline: Interfaccia grafica per il debug remoto.<br \/>\n10. Punti di marcatura multipli: Supporta la selezione di un massimo di due o pi\u00f9 comuni.<br \/>\n11. Rilevamento completo dei difetti: Copre pasta saldante, SMT, saldatura a riflusso e a onda.<br \/>\n12. Misure antistatiche: Dotato di presa e anello antistatico.<br \/>\n13. Gestione flessibile dei PCB: Regolabile per dimensioni da 50\u00d750 mm a 500\u00d7325 mm.<br \/>\n14. Posizionamento preciso: precisione \u22648um con sistema di servomotori.<br \/>\n15. Hardware potente: CPU I3, GPU da 8 GB, RAM da 16 GB per un funzionamento affidabile.<\/p>","protected":false},"excerpt":{"rendered":"<p>L'AOI 600 \u00e8 una sofisticata macchina di ispezione ottica automatizzata dotata di una telecamera industriale intelligente digitale ad alta velocit\u00e0 da 5M e di un obiettivo telecentrico. Offre algoritmi di rilevamento avanzati, tecnologia IPE per l'elaborazione personalizzata delle immagini e un robusto sistema meccanico. In grado di gestire PCB fino a 500\u00d7325 mm, garantisce ispezioni precise e ad alta velocit\u00e0 con una velocit\u00e0 di elaborazione inferiore a 170 ms per FOV e una velocit\u00e0 di rilevamento di 3500 mm\u00b2\/s.<\/p>","protected":false},"featured_media":21674,"comment_status":"open","ping_status":"closed","template":"","meta":{"iawp_total_views":66},"etheme_brands":[],"product_brand":[],"product_cat":[136],"product_tag":[],"class_list":{"0":"post-21913","1":"product","2":"type-product","3":"status-publish","4":"has-post-thumbnail","6":"product_cat-automated-optical-inspection","8":"first","9":"instock","10":"shipping-taxable","11":"product-type-simple"},"_links":{"self":[{"href":"https:\/\/v2smt.com\/it\/wp-json\/wp\/v2\/product\/21913","targetHints":{"allow":["GET"]}}],"collection":[{"href":"https:\/\/v2smt.com\/it\/wp-json\/wp\/v2\/product"}],"about":[{"href":"https:\/\/v2smt.com\/it\/wp-json\/wp\/v2\/types\/product"}],"replies":[{"embeddable":true,"href":"https:\/\/v2smt.com\/it\/wp-json\/wp\/v2\/comments?post=21913"}],"version-history":[{"count":0,"href":"https:\/\/v2smt.com\/it\/wp-json\/wp\/v2\/product\/21913\/revisions"}],"wp:featuredmedia":[{"embeddable":true,"href":"https:\/\/v2smt.com\/it\/wp-json\/wp\/v2\/media\/21674"}],"wp:attachment":[{"href":"https:\/\/v2smt.com\/it\/wp-json\/wp\/v2\/media?parent=21913"}],"wp:term":[{"taxonomy":"brand","embeddable":true,"href":"https:\/\/v2smt.com\/it\/wp-json\/wp\/v2\/etheme_brands?post=21913"},{"taxonomy":"product_brand","embeddable":true,"href":"https:\/\/v2smt.com\/it\/wp-json\/wp\/v2\/product_brand?post=21913"},{"taxonomy":"product_cat","embeddable":true,"href":"https:\/\/v2smt.com\/it\/wp-json\/wp\/v2\/product_cat?post=21913"},{"taxonomy":"product_tag","embeddable":true,"href":"https:\/\/v2smt.com\/it\/wp-json\/wp\/v2\/product_tag?post=21913"}],"curies":[{"name":"wp","href":"https:\/\/api.w.org\/{rel}","templated":true}]}}