{"id":21911,"date":"2024-07-23T15:46:57","date_gmt":"2024-07-23T15:46:57","guid":{"rendered":"https:\/\/v2smt.com\/?post_type=product&#038;p=21911"},"modified":"2024-08-22T17:03:58","modified_gmt":"2024-08-22T17:03:58","slug":"aoi-500-automated-optical-inspection-machine","status":"publish","type":"product","link":"https:\/\/v2smt.com\/it\/products\/aoi-500-automated-optical-inspection-machine\/","title":{"rendered":"Macchina di ispezione ottica automatizzata AOI 500"},"content":{"rendered":"<p>1. Telecamera ad alta velocit\u00e0: Telecamera intelligente da 5M pixel per ispezioni dettagliate.<br \/>\n2. Obiettivo telecentrico: Fornisce una nitidezza di 5M pixel con una profondit\u00e0 di campo di 8-10 mm.<br \/>\n3. Illuminazione LED RGB: Illuminazione multiangolare per una visibilit\u00e0 costante.<br \/>\n4. Sistema di controllo digitale: Gestione avanzata dei parametri di luce e rilevamento.<br \/>\n5. Algoritmi di rilevamento: Corrispondenza dei modelli, rilevamento intelligente e rilevamento dei cerchi.<br \/>\n6. Tecnologia IPE: Elaborazione delle immagini personalizzabile per migliorare il rilevamento.<br \/>\n7. Alta velocit\u00e0 di elaborazione: meno di 170 ms per FOV per un'analisi rapida.<br \/>\n8. Velocit\u00e0 di rilevamento accurata: 3500 mm\u00b2\/s per un efficiente controllo della qualit\u00e0.<br \/>\n9. Programmazione offline: Interfaccia grafica per un debug preciso e remoto.<br \/>\n10. Selezione del punto di riferimento: Scegliere pi\u00f9 punti di riferimento per la precisione.<br \/>\n11. Copertura di test completa: Rileva i difetti nella pasta saldante, SMT, reflow, saldatura a onda.<br \/>\n12. Misure antistatiche: Dotato di presa e anello antistatico.<br \/>\n13. Gestione flessibile dei PCB: Regolabile per dimensioni da 35\u00d735 mm a 450\u00d7330 mm.<br \/>\n14. Design meccanico robusto: Il sistema di servomotori garantisce una precisione \u22648um.<br \/>\n15. Hardware potente: CPU I3, GPU da 8 GB, RAM da 16 GB per un funzionamento affidabile.<\/p>","protected":false},"excerpt":{"rendered":"<p>L'AOI 500 \u00e8 una macchina di ispezione ottica automatizzata avanzata, progettata per il controllo di qualit\u00e0 ad alta velocit\u00e0 e precisione nella produzione. \u00c8 dotata di una telecamera industriale intelligente digitale ad alta velocit\u00e0 da 5M con risoluzione di 15 micron, obiettivo telecentrico e illuminazione LED RGB. Il sistema supporta diversi algoritmi di rilevamento, tra cui la corrispondenza dei modelli, il rilevamento intelligente, il rilevamento dei cerchi e il riconoscimento dei caratteri. Con una velocit\u00e0 di elaborazione delle immagini inferiore a 170 ms per FOV e una velocit\u00e0 di rilevamento di 3500 mm\u00b2\/s, AOI 500 garantisce ispezioni efficienti e accurate. Offre inoltre IPE per l'elaborazione personalizzata delle immagini e funziona su Windows 10-64Bit con una robusta configurazione hardware.<\/p>","protected":false},"featured_media":21673,"comment_status":"open","ping_status":"closed","template":"","meta":{"iawp_total_views":134},"etheme_brands":[],"product_brand":[],"product_cat":[136],"product_tag":[],"class_list":{"0":"post-21911","1":"product","2":"type-product","3":"status-publish","4":"has-post-thumbnail","6":"product_cat-automated-optical-inspection","8":"first","9":"instock","10":"shipping-taxable","11":"product-type-simple"},"_links":{"self":[{"href":"https:\/\/v2smt.com\/it\/wp-json\/wp\/v2\/product\/21911","targetHints":{"allow":["GET"]}}],"collection":[{"href":"https:\/\/v2smt.com\/it\/wp-json\/wp\/v2\/product"}],"about":[{"href":"https:\/\/v2smt.com\/it\/wp-json\/wp\/v2\/types\/product"}],"replies":[{"embeddable":true,"href":"https:\/\/v2smt.com\/it\/wp-json\/wp\/v2\/comments?post=21911"}],"version-history":[{"count":0,"href":"https:\/\/v2smt.com\/it\/wp-json\/wp\/v2\/product\/21911\/revisions"}],"wp:featuredmedia":[{"embeddable":true,"href":"https:\/\/v2smt.com\/it\/wp-json\/wp\/v2\/media\/21673"}],"wp:attachment":[{"href":"https:\/\/v2smt.com\/it\/wp-json\/wp\/v2\/media?parent=21911"}],"wp:term":[{"taxonomy":"brand","embeddable":true,"href":"https:\/\/v2smt.com\/it\/wp-json\/wp\/v2\/etheme_brands?post=21911"},{"taxonomy":"product_brand","embeddable":true,"href":"https:\/\/v2smt.com\/it\/wp-json\/wp\/v2\/product_brand?post=21911"},{"taxonomy":"product_cat","embeddable":true,"href":"https:\/\/v2smt.com\/it\/wp-json\/wp\/v2\/product_cat?post=21911"},{"taxonomy":"product_tag","embeddable":true,"href":"https:\/\/v2smt.com\/it\/wp-json\/wp\/v2\/product_tag?post=21911"}],"curies":[{"name":"wp","href":"https:\/\/api.w.org\/{rel}","templated":true}]}}