{"id":21909,"date":"2024-07-23T15:44:20","date_gmt":"2024-07-23T15:44:20","guid":{"rendered":"https:\/\/v2smt.com\/?post_type=product&#038;p=21909"},"modified":"2024-08-22T17:03:58","modified_gmt":"2024-08-22T17:03:58","slug":"yrh10-hybrid-mounting-machine","status":"publish","type":"product","link":"https:\/\/v2smt.com\/it\/products\/yrh10-hybrid-mounting-machine\/","title":{"rendered":"Macchina di montaggio ibrida YRH10"},"content":{"rendered":"<p>Capacit\u00e0 di montaggio ibrido: Combina il posizionamento di componenti a semiconduttore e SMD in un unico processo.<br \/>\nAlta velocit\u00e0 di posizionamento: Raggiunge fino a 10.800 CPH in condizioni ottimali.<br \/>\nPosizionamento di precisione: Assicura una precisione di posizionamento di \u00b115\u03bcm con un valore Cpk di 1,0 o superiore.<br \/>\nSistema di telecamere avanzato: Dotata di una telecamera multifunzionale per il riconoscimento di alta precisione dei componenti.<br \/>\nOpzioni di alimentazione flessibili: Supporta un'ampia gamma di alimentatori per diversi tipi e dimensioni di componenti.<br \/>\nSupporto per alimentatori elettrici: Compatibile con gli alimentatori elettrici intelligenti per una maggiore efficienza.<br \/>\nLayout personalizzabile: Adattabile a vari processi produttivi grazie a una struttura di layout personalizzabile.<br \/>\nIspezione postmontaggio: Funzione standard per il controllo della qualit\u00e0 dopo il posizionamento dei componenti. 9 Requisiti di alimentazione robusti: Compatibile con un'ampia gamma di tensioni e frequenze per un uso globale.<br \/>\nDesign compatto: Offre una soluzione efficiente in termini di spazio con un ingombro ridotto nella linea di produzione.<\/p>","protected":false},"excerpt":{"rendered":"<p>L'YRH10, un'apparecchiatura di montaggio ibrida di YAMAHA MOTOR, \u00e8 progettata per soddisfare le esigenze di posizionamento di semiconduttori e componenti SMD ad alta precisione. Grazie al suo design versatile ed efficiente, l'YRH10 \u00e8 in grado di gestire una variet\u00e0 di dimensioni e tipi di componenti, diventando cos\u00ec la soluzione ideale per la moderna produzione elettronica.<\/p>","protected":false},"featured_media":21964,"comment_status":"open","ping_status":"closed","template":"","meta":{"iawp_total_views":116},"etheme_brands":[],"product_brand":[],"product_cat":[131],"product_tag":[],"class_list":{"0":"post-21909","1":"product","2":"type-product","3":"status-publish","4":"has-post-thumbnail","6":"product_cat-pick-and-place","8":"first","9":"instock","10":"shipping-taxable","11":"product-type-simple"},"_links":{"self":[{"href":"https:\/\/v2smt.com\/it\/wp-json\/wp\/v2\/product\/21909","targetHints":{"allow":["GET"]}}],"collection":[{"href":"https:\/\/v2smt.com\/it\/wp-json\/wp\/v2\/product"}],"about":[{"href":"https:\/\/v2smt.com\/it\/wp-json\/wp\/v2\/types\/product"}],"replies":[{"embeddable":true,"href":"https:\/\/v2smt.com\/it\/wp-json\/wp\/v2\/comments?post=21909"}],"version-history":[{"count":0,"href":"https:\/\/v2smt.com\/it\/wp-json\/wp\/v2\/product\/21909\/revisions"}],"wp:featuredmedia":[{"embeddable":true,"href":"https:\/\/v2smt.com\/it\/wp-json\/wp\/v2\/media\/21964"}],"wp:attachment":[{"href":"https:\/\/v2smt.com\/it\/wp-json\/wp\/v2\/media?parent=21909"}],"wp:term":[{"taxonomy":"brand","embeddable":true,"href":"https:\/\/v2smt.com\/it\/wp-json\/wp\/v2\/etheme_brands?post=21909"},{"taxonomy":"product_brand","embeddable":true,"href":"https:\/\/v2smt.com\/it\/wp-json\/wp\/v2\/product_brand?post=21909"},{"taxonomy":"product_cat","embeddable":true,"href":"https:\/\/v2smt.com\/it\/wp-json\/wp\/v2\/product_cat?post=21909"},{"taxonomy":"product_tag","embeddable":true,"href":"https:\/\/v2smt.com\/it\/wp-json\/wp\/v2\/product_tag?post=21909"}],"curies":[{"name":"wp","href":"https:\/\/api.w.org\/{rel}","templated":true}]}}