{"id":21901,"date":"2024-07-23T15:33:53","date_gmt":"2024-07-23T15:33:53","guid":{"rendered":"https:\/\/v2smt.com\/?post_type=product&#038;p=21901"},"modified":"2024-08-22T17:03:57","modified_gmt":"2024-08-22T17:03:57","slug":"mso-600-heavy-duty-offline-selective-soldering-machine","status":"publish","type":"product","link":"https:\/\/v2smt.com\/it\/products\/mso-600-heavy-duty-offline-selective-soldering-machine\/","title":{"rendered":"Saldatrice selettiva offline per impieghi gravosi MSO-600"},"content":{"rendered":"<p>Piattaforma di movimento integrata: Combina spruzzatura e saldatura in uno spazio compatto.<\/p>\n<p>Piastra PCB Posizione fissa: Garantisce la stabilit\u00e0 mentre lo spray e la piattaforma di saldatura si muovono.<\/p>\n<p>Alta qualit\u00e0 di saldatura: Migliora la percentuale di passaggio della saldatura con un controllo di precisione.<\/p>\n<p>Design modulare: Facilita la formazione di linee flessibili e il trasporto offline.<\/p>\n<p>Controllo completo su PC: I parametri vengono impostati e salvati su un PC per facilitare la tracciabilit\u00e0.<\/p>\n<p>Sistema software avanzato: Basato su Windows 10 per un funzionamento semplice.<\/p>\n<p>Tavola di movimento XYZ: Dotato di viti a sfera, guide lineari e servomotori per un movimento preciso.<\/p>\n<p>Valvola di flussaggio importata: Assicura un'applicazione efficiente e precisa del flussante.<\/p>\n<p>Sistema di preriscaldamento a infrarossi: Prepara il PCB per condizioni di saldatura ottimali.<\/p>\n<p>Pentola di saldatura da 15 kg: con servomotore e girante per un flusso di saldatura e un controllo della temperatura costanti.<\/p>","protected":false},"excerpt":{"rendered":"<p>La MSO-600 \u00e8 una saldatrice selettiva offline per impieghi gravosi, progettata per saldature di alta qualit\u00e0 con un sistema compatto e modulare. Integra una gamma completa di funzionalit\u00e0, tra cui una piattaforma di movimento con spruzzatura e saldatura integrate, garantendo un'elevata percentuale di saldatura e una formazione flessibile della linea di produzione. La macchina \u00e8 completamente controllata da un PC, che consente l'impostazione e il salvataggio di tutti i parametri, migliorando la tracciabilit\u00e0 e la ripetibilit\u00e0 della qualit\u00e0 della saldatura.<\/p>","protected":false},"featured_media":21700,"comment_status":"open","ping_status":"closed","template":"","meta":{"iawp_total_views":55},"etheme_brands":[],"product_brand":[],"product_cat":[139,138],"product_tag":[],"class_list":{"0":"post-21901","1":"product","2":"type-product","3":"status-publish","4":"has-post-thumbnail","6":"product_cat-selective-wave-soldering","7":"product_cat-wave-soldering","9":"first","10":"instock","11":"shipping-taxable","12":"product-type-simple"},"_links":{"self":[{"href":"https:\/\/v2smt.com\/it\/wp-json\/wp\/v2\/product\/21901","targetHints":{"allow":["GET"]}}],"collection":[{"href":"https:\/\/v2smt.com\/it\/wp-json\/wp\/v2\/product"}],"about":[{"href":"https:\/\/v2smt.com\/it\/wp-json\/wp\/v2\/types\/product"}],"replies":[{"embeddable":true,"href":"https:\/\/v2smt.com\/it\/wp-json\/wp\/v2\/comments?post=21901"}],"version-history":[{"count":0,"href":"https:\/\/v2smt.com\/it\/wp-json\/wp\/v2\/product\/21901\/revisions"}],"wp:featuredmedia":[{"embeddable":true,"href":"https:\/\/v2smt.com\/it\/wp-json\/wp\/v2\/media\/21700"}],"wp:attachment":[{"href":"https:\/\/v2smt.com\/it\/wp-json\/wp\/v2\/media?parent=21901"}],"wp:term":[{"taxonomy":"brand","embeddable":true,"href":"https:\/\/v2smt.com\/it\/wp-json\/wp\/v2\/etheme_brands?post=21901"},{"taxonomy":"product_brand","embeddable":true,"href":"https:\/\/v2smt.com\/it\/wp-json\/wp\/v2\/product_brand?post=21901"},{"taxonomy":"product_cat","embeddable":true,"href":"https:\/\/v2smt.com\/it\/wp-json\/wp\/v2\/product_cat?post=21901"},{"taxonomy":"product_tag","embeddable":true,"href":"https:\/\/v2smt.com\/it\/wp-json\/wp\/v2\/product_tag?post=21901"}],"curies":[{"name":"wp","href":"https:\/\/api.w.org\/{rel}","templated":true}]}}