{"id":21899,"date":"2024-07-23T15:33:53","date_gmt":"2024-07-23T15:33:53","guid":{"rendered":"https:\/\/v2smt.com\/?post_type=product&#038;p=21899"},"modified":"2024-08-22T17:03:57","modified_gmt":"2024-08-22T17:03:57","slug":"mso-450-offline-selective-soldering-machine","status":"publish","type":"product","link":"https:\/\/v2smt.com\/it\/products\/mso-450-offline-selective-soldering-machine\/","title":{"rendered":"MSO-450 saldatrice selettiva offline"},"content":{"rendered":"<p>Design compatto offline: Efficiente dal punto di vista dello spazio per una facile integrazione nelle linee di produzione.<\/p>\n<p>Movimento di PCB con piattaforme fisse: Migliora la precisione della saldatura con una piattaforma fissa di spruzzatura, preriscaldamento e saldatura.<\/p>\n<p>Saldatura di alta qualit\u00e0: Assicura risultati di saldatura superiori grazie a sistemi di controllo avanzati.<\/p>\n<p>Formazione flessibile della linea: Adattabile a varie configurazioni di linea di produzione.<\/p>\n<p>Controllo completo da parte del computer: I parametri vengono impostati e salvati su un computer per garantire la ripetibilit\u00e0.<\/p>\n<p>Software di facile utilizzo: basato su Windows 10 per facilitare il funzionamento e la tracciabilit\u00e0.<\/p>\n<p>Piattaforma di movimento XYZ: Dotata di viti a sfera, guide lineari e servomotori per un movimento preciso del PCB.<\/p>\n<p>Sistema di spruzzatura selettiva: Utilizza una valvola piezoelettrica di fabbricazione tedesca per un'applicazione precisa del flusso.<\/p>\n<p>Sistema di preriscaldamento: Dispone di lampade a infrarossi per il preriscaldamento superiore e inferiore, regolabili tramite computer.<\/p>\n<p>Pentola per saldatura selettiva: interno in lega di titanio con riscaldamento esterno per una distribuzione uniforme del calore e nessuna perdita.<\/p>","protected":false},"excerpt":{"rendered":"<p>L'MSO-450 \u00e8 una saldatrice selettiva offline progettata per saldature di alta qualit\u00e0 con un sistema compatto e flessibile. \u00c8 dotata di un sistema di controllo computerizzato completo che consente l'impostazione e il salvataggio dei parametri, garantendo la tracciabilit\u00e0 e la ripetibilit\u00e0 del processo di saldatura. La macchina comprende una piattaforma di movimento a tre assi per la movimentazione dei PCB, un sistema di spruzzatura selettiva, un sistema di preriscaldamento e una pentola per la saldatura selettiva, il tutto integrato in una robusta struttura in acciaio che garantisce stabilit\u00e0 e precisione.<\/p>","protected":false},"featured_media":21699,"comment_status":"open","ping_status":"closed","template":"","meta":{"iawp_total_views":48},"etheme_brands":[],"product_brand":[],"product_cat":[139,138],"product_tag":[],"class_list":{"0":"post-21899","1":"product","2":"type-product","3":"status-publish","4":"has-post-thumbnail","6":"product_cat-selective-wave-soldering","7":"product_cat-wave-soldering","9":"first","10":"instock","11":"shipping-taxable","12":"product-type-simple"},"_links":{"self":[{"href":"https:\/\/v2smt.com\/it\/wp-json\/wp\/v2\/product\/21899","targetHints":{"allow":["GET"]}}],"collection":[{"href":"https:\/\/v2smt.com\/it\/wp-json\/wp\/v2\/product"}],"about":[{"href":"https:\/\/v2smt.com\/it\/wp-json\/wp\/v2\/types\/product"}],"replies":[{"embeddable":true,"href":"https:\/\/v2smt.com\/it\/wp-json\/wp\/v2\/comments?post=21899"}],"version-history":[{"count":0,"href":"https:\/\/v2smt.com\/it\/wp-json\/wp\/v2\/product\/21899\/revisions"}],"wp:featuredmedia":[{"embeddable":true,"href":"https:\/\/v2smt.com\/it\/wp-json\/wp\/v2\/media\/21699"}],"wp:attachment":[{"href":"https:\/\/v2smt.com\/it\/wp-json\/wp\/v2\/media?parent=21899"}],"wp:term":[{"taxonomy":"brand","embeddable":true,"href":"https:\/\/v2smt.com\/it\/wp-json\/wp\/v2\/etheme_brands?post=21899"},{"taxonomy":"product_brand","embeddable":true,"href":"https:\/\/v2smt.com\/it\/wp-json\/wp\/v2\/product_brand?post=21899"},{"taxonomy":"product_cat","embeddable":true,"href":"https:\/\/v2smt.com\/it\/wp-json\/wp\/v2\/product_cat?post=21899"},{"taxonomy":"product_tag","embeddable":true,"href":"https:\/\/v2smt.com\/it\/wp-json\/wp\/v2\/product_tag?post=21899"}],"curies":[{"name":"wp","href":"https:\/\/api.w.org\/{rel}","templated":true}]}}