{"id":21895,"date":"2024-07-23T15:33:52","date_gmt":"2024-07-23T15:33:52","guid":{"rendered":"https:\/\/v2smt.com\/?post_type=product&#038;p=21895"},"modified":"2024-08-22T17:03:57","modified_gmt":"2024-08-22T17:03:57","slug":"msi-400-selective-soldering-machine","status":"publish","type":"product","link":"https:\/\/v2smt.com\/it\/products\/msi-400-selective-soldering-machine\/","title":{"rendered":"Macchina per saldatura selettiva MSI-400"},"content":{"rendered":"<p>Piattaforma di movimento integrata: Design compatto con capacit\u00e0 combinate di spruzzatura e saldatura.<\/p>\n<p>Piastra fissa per PCB: Offre stabilit\u00e0 per operazioni di saldatura accurate.<\/p>\n<p>Saldatura di alta qualit\u00e0: Migliora la velocit\u00e0 di saldatura grazie a un controllo preciso.<\/p>\n<p>Modulare e flessibile: Facilita l'integrazione in varie linee di produzione grazie alla compatibilit\u00e0 SMEMA.<\/p>\n<p>Controllo completo da parte del computer: I parametri possono essere facilmente impostati e salvati su un PC per ottenere risultati costanti.<\/p>\n<p>Software di facile utilizzo: basato su Windows 10 per un funzionamento e una tracciabilit\u00e0 intuitivi.<\/p>\n<p>Tavola di movimento XYZ: Dotato di viti a sfera, guide lineari e servomotori per un movimento di alta precisione.<\/p>\n<p>Sistema di flussaggio avanzato: Dispone di una valvola a getto importata per un'applicazione precisa del flussante.<\/p>\n<p>Preriscaldamento a infrarossi: Preriscaldamento del fondo per condizioni di saldatura ottimali.<\/p>\n<p>Pentola per saldatura con sistema servo: Pentola per saldatura con capacit\u00e0 di 15 kg e servomotore per il controllo del flusso di saldatura.<\/p>","protected":false},"excerpt":{"rendered":"<p>MSI-400 \u00e8 una saldatrice selettiva avanzata progettata per garantire precisione ed efficienza nella produzione elettronica. Questo sistema integrato combina una gamma completa di funzionalit\u00e0 su un'unica piattaforma di movimento, offrendo una soluzione compatta per ambienti con limiti di spazio. Grazie alla piastra fissa per PCB e alle piattaforme mobili di spruzzatura e saldatura, garantisce un'elevata qualit\u00e0 di saldatura e un significativo miglioramento della percentuale di passaggio della saldatura. La macchina \u00e8 caratterizzata da un design modulare, dal trasporto online SMEMA e dal controllo computerizzato completo per l'impostazione e il salvataggio dei parametri, garantendo la migliore tracciabilit\u00e0 e ripetibilit\u00e0 della qualit\u00e0 di saldatura.<\/p>","protected":false},"featured_media":21694,"comment_status":"open","ping_status":"closed","template":"","meta":{"iawp_total_views":97},"etheme_brands":[],"product_brand":[],"product_cat":[139,138],"product_tag":[],"class_list":{"0":"post-21895","1":"product","2":"type-product","3":"status-publish","4":"has-post-thumbnail","6":"product_cat-selective-wave-soldering","7":"product_cat-wave-soldering","9":"first","10":"instock","11":"shipping-taxable","12":"product-type-simple"},"_links":{"self":[{"href":"https:\/\/v2smt.com\/it\/wp-json\/wp\/v2\/product\/21895","targetHints":{"allow":["GET"]}}],"collection":[{"href":"https:\/\/v2smt.com\/it\/wp-json\/wp\/v2\/product"}],"about":[{"href":"https:\/\/v2smt.com\/it\/wp-json\/wp\/v2\/types\/product"}],"replies":[{"embeddable":true,"href":"https:\/\/v2smt.com\/it\/wp-json\/wp\/v2\/comments?post=21895"}],"version-history":[{"count":0,"href":"https:\/\/v2smt.com\/it\/wp-json\/wp\/v2\/product\/21895\/revisions"}],"wp:featuredmedia":[{"embeddable":true,"href":"https:\/\/v2smt.com\/it\/wp-json\/wp\/v2\/media\/21694"}],"wp:attachment":[{"href":"https:\/\/v2smt.com\/it\/wp-json\/wp\/v2\/media?parent=21895"}],"wp:term":[{"taxonomy":"brand","embeddable":true,"href":"https:\/\/v2smt.com\/it\/wp-json\/wp\/v2\/etheme_brands?post=21895"},{"taxonomy":"product_brand","embeddable":true,"href":"https:\/\/v2smt.com\/it\/wp-json\/wp\/v2\/product_brand?post=21895"},{"taxonomy":"product_cat","embeddable":true,"href":"https:\/\/v2smt.com\/it\/wp-json\/wp\/v2\/product_cat?post=21895"},{"taxonomy":"product_tag","embeddable":true,"href":"https:\/\/v2smt.com\/it\/wp-json\/wp\/v2\/product_tag?post=21895"}],"curies":[{"name":"wp","href":"https:\/\/api.w.org\/{rel}","templated":true}]}}