{"id":21893,"date":"2024-07-23T15:33:52","date_gmt":"2024-07-23T15:33:52","guid":{"rendered":"https:\/\/v2smt.com\/?post_type=product&#038;p=21893"},"modified":"2024-08-22T17:03:57","modified_gmt":"2024-08-22T17:03:57","slug":"mso-300b-offline-selective-soldering-machine","status":"publish","type":"product","link":"https:\/\/v2smt.com\/it\/products\/mso-300b-offline-selective-soldering-machine\/","title":{"rendered":"Macchina per saldatura selettiva offline MSO-300B"},"content":{"rendered":"<p>Design della macchina all-in-one: Compatto e completamente funzionale per operazioni efficienti dal punto di vista dello spazio.<\/p>\n<p>Movimento PCB con ugelli fissi: Assicura la precisione della saldatura con un flussante e una pentola di saldatura fissi.<\/p>\n<p>Saldatura di alta qualit\u00e0: Offre risultati di saldatura eccellenti grazie a sistemi di controllo avanzati.<\/p>\n<p>Integrazione flessibile della linea di produzione: Pu\u00f2 essere facilmente posizionato accanto alla linea di produzione per un comodo utilizzo.<\/p>\n<p>Controllo completo da PC: I parametri vengono impostati e salvati su un computer per facilitare la tracciabilit\u00e0 e la ripetibilit\u00e0.<\/p>\n<p>Software basato su Windows 10: Offre un funzionamento semplice e una buona tracciabilit\u00e0.<\/p>\n<p>Tavola di movimento XYZ: Dotato di servomotori e motori passo-passo per un movimento preciso del PCB.<\/p>\n<p>Valvola di flussaggio importata: Si adatta a vari tipi di flusso per garantire prestazioni affidabili.<\/p>\n<p>Pentola di saldatura in acciaio inossidabile in lega di titanio: garantisce l'assenza di perdite e il trasferimento uniforme del calore.<\/p>\n<p>Sistema di riscaldamento online N2: Riduce le scorie di saldatura e migliora la perfezione della bagnatura.<\/p>","protected":false},"excerpt":{"rendered":"<p>MSO-300B \u00e8 una saldatrice selettiva offline che combina funzionalit\u00e0 complete con un design compatto, ideale per applicazioni di saldatura di alta qualit\u00e0. \u00c8 dotata di una tavola di movimento per la movimentazione dei circuiti stampati, di un ugello fisso per il flussante e di un crogiolo per la saldatura, tutti controllati da un sistema computerizzato per l'impostazione e il salvataggio preciso dei parametri. La macchina garantisce flessibilit\u00e0 nella formazione delle linee di produzione e facilita la tracciabilit\u00e0 grazie alla generazione di file di configurazione.<\/p>","protected":false},"featured_media":21697,"comment_status":"open","ping_status":"closed","template":"","meta":{"iawp_total_views":122},"etheme_brands":[],"product_brand":[],"product_cat":[139,138],"product_tag":[],"class_list":{"0":"post-21893","1":"product","2":"type-product","3":"status-publish","4":"has-post-thumbnail","6":"product_cat-selective-wave-soldering","7":"product_cat-wave-soldering","9":"first","10":"instock","11":"shipping-taxable","12":"product-type-simple"},"_links":{"self":[{"href":"https:\/\/v2smt.com\/it\/wp-json\/wp\/v2\/product\/21893","targetHints":{"allow":["GET"]}}],"collection":[{"href":"https:\/\/v2smt.com\/it\/wp-json\/wp\/v2\/product"}],"about":[{"href":"https:\/\/v2smt.com\/it\/wp-json\/wp\/v2\/types\/product"}],"replies":[{"embeddable":true,"href":"https:\/\/v2smt.com\/it\/wp-json\/wp\/v2\/comments?post=21893"}],"version-history":[{"count":0,"href":"https:\/\/v2smt.com\/it\/wp-json\/wp\/v2\/product\/21893\/revisions"}],"wp:featuredmedia":[{"embeddable":true,"href":"https:\/\/v2smt.com\/it\/wp-json\/wp\/v2\/media\/21697"}],"wp:attachment":[{"href":"https:\/\/v2smt.com\/it\/wp-json\/wp\/v2\/media?parent=21893"}],"wp:term":[{"taxonomy":"brand","embeddable":true,"href":"https:\/\/v2smt.com\/it\/wp-json\/wp\/v2\/etheme_brands?post=21893"},{"taxonomy":"product_brand","embeddable":true,"href":"https:\/\/v2smt.com\/it\/wp-json\/wp\/v2\/product_brand?post=21893"},{"taxonomy":"product_cat","embeddable":true,"href":"https:\/\/v2smt.com\/it\/wp-json\/wp\/v2\/product_cat?post=21893"},{"taxonomy":"product_tag","embeddable":true,"href":"https:\/\/v2smt.com\/it\/wp-json\/wp\/v2\/product_tag?post=21893"}],"curies":[{"name":"wp","href":"https:\/\/api.w.org\/{rel}","templated":true}]}}