{"id":21881,"date":"2024-07-23T15:33:52","date_gmt":"2024-07-23T15:33:52","guid":{"rendered":"https:\/\/v2smt.com\/?post_type=product&#038;p=21881"},"modified":"2024-08-22T17:03:57","modified_gmt":"2024-08-22T17:03:57","slug":"ms-360cl-inline-aqueous-cleaner","status":"publish","type":"product","link":"https:\/\/v2smt.com\/it\/products\/ms-360cl-inline-aqueous-cleaner\/","title":{"rendered":"MS-360CL Detergente acquoso in linea"},"content":{"rendered":"<p>1. Funzionamento in linea: Semplifica il processo di pulizia con una modalit\u00e0 di produzione in linea per un'elevata efficienza e una qualit\u00e0 costante del prodotto.<br \/>\n2. Sezioni di pulizia avanzate: Presenta sezioni di lavaggio chimico, risciacquo con acqua DI e forte asciugatura ad aria per una pulizia completa.<br \/>\n3. Design modulare: Offre elevata scalabilit\u00e0 e flessibilit\u00e0 per soddisfare i vari requisiti di capacit\u00e0 dei clienti.<br \/>\n4. Pulizia economica: Utilizza un principio di bassa tensione e grande portata per risparmiare detergenti e ridurre i costi di produzione.<br \/>\n5. Materiale resistente alla corrosione: Costruito con materiale PP durevole e resistente alla corrosione per una maggiore durata.<br \/>\n6. Interfaccia facile da usare: Il PLC e il touch screen offrono una piattaforma uomo-macchina intuitiva e amichevole.<br \/>\n7. Sistema di ugelli efficiente: Dotato di lame d'aria ad alta efficienza e bassa rumorosit\u00e0 e di ugelli regolabili per una pulizia precisa.<br \/>\n8. Protezione ambientale: Include una porta di regolazione degli scarichi e un sistema di recupero dei detergenti, per ridurre l'impatto ambientale.<br \/>\n9. Personalizzabile: In grado di gestire una gamma di dimensioni di prodotti con opzioni personalizzabili per soddisfare esigenze specifiche.<br \/>\n10. Servizio completo: Viene fornito con una garanzia di 12 mesi, servizi di manutenzione a vita e una pronta assistenza post-vendita.<\/p>","protected":false},"excerpt":{"rendered":"<p>Migliorate le operazioni di pulizia delle PCBA con il pulitore acquoso in linea MS-360CL. Questo sistema avanzato offre un'esperienza di pulizia senza precedenti grazie al suo design in linea ad alta efficienza, garantendo una qualit\u00e0 e un'affidabilit\u00e0 costanti nei processi di produzione elettronica.<\/p>","protected":false},"featured_media":21693,"comment_status":"open","ping_status":"closed","template":"","meta":{"iawp_total_views":44},"etheme_brands":[],"product_brand":[],"product_cat":[150],"product_tag":[],"class_list":{"0":"post-21881","1":"product","2":"type-product","3":"status-publish","4":"has-post-thumbnail","6":"product_cat-pcba-cleaning-machine","8":"first","9":"instock","10":"shipping-taxable","11":"product-type-simple"},"_links":{"self":[{"href":"https:\/\/v2smt.com\/it\/wp-json\/wp\/v2\/product\/21881","targetHints":{"allow":["GET"]}}],"collection":[{"href":"https:\/\/v2smt.com\/it\/wp-json\/wp\/v2\/product"}],"about":[{"href":"https:\/\/v2smt.com\/it\/wp-json\/wp\/v2\/types\/product"}],"replies":[{"embeddable":true,"href":"https:\/\/v2smt.com\/it\/wp-json\/wp\/v2\/comments?post=21881"}],"version-history":[{"count":0,"href":"https:\/\/v2smt.com\/it\/wp-json\/wp\/v2\/product\/21881\/revisions"}],"wp:featuredmedia":[{"embeddable":true,"href":"https:\/\/v2smt.com\/it\/wp-json\/wp\/v2\/media\/21693"}],"wp:attachment":[{"href":"https:\/\/v2smt.com\/it\/wp-json\/wp\/v2\/media?parent=21881"}],"wp:term":[{"taxonomy":"brand","embeddable":true,"href":"https:\/\/v2smt.com\/it\/wp-json\/wp\/v2\/etheme_brands?post=21881"},{"taxonomy":"product_brand","embeddable":true,"href":"https:\/\/v2smt.com\/it\/wp-json\/wp\/v2\/product_brand?post=21881"},{"taxonomy":"product_cat","embeddable":true,"href":"https:\/\/v2smt.com\/it\/wp-json\/wp\/v2\/product_cat?post=21881"},{"taxonomy":"product_tag","embeddable":true,"href":"https:\/\/v2smt.com\/it\/wp-json\/wp\/v2\/product_tag?post=21881"}],"curies":[{"name":"wp","href":"https:\/\/api.w.org\/{rel}","templated":true}]}}