{"id":21859,"date":"2024-07-23T15:33:50","date_gmt":"2024-07-23T15:33:50","guid":{"rendered":"https:\/\/v2smt.com\/?post_type=product&#038;p=21859"},"modified":"2024-08-22T17:03:56","modified_gmt":"2024-08-22T17:03:56","slug":"q-600d-high-speed-dispenser-machine","status":"publish","type":"product","link":"https:\/\/v2smt.com\/it\/products\/q-600d-high-speed-dispenser-machine\/","title":{"rendered":"Macchina erogatrice ad alta velocit\u00e0 Q-600D"},"content":{"rendered":"<p>Caratteristiche principali:<br \/>\n1. Controllo a computer con sistema operativo Windows per un funzionamento intuitivo.<br \/>\n2. Servomotori e viti a ricircolo di sfere per movimenti e posizionamenti precisi.<br \/>\n3. Sistema di posizionamento visivo CCD per un'erogazione accurata.<br \/>\n4. Calibrazione automatica per mantenere la precisione di erogazione.<br \/>\n5. Valvole pneumatiche a spruzzo, valvole piezoelettriche e valvole a vite per varie esigenze di dosaggio.<br \/>\n6. Sistema di riscaldamento del corpo valvola per un flusso costante di adesivo.<br \/>\n7. Opzioni di programmazione visiva online e programmazione offline.<br \/>\n8. Sistema di misurazione laser dell'altezza opzionale per la regolazione automatica dell'asse Z.<br \/>\n9. Moduli di preriscaldamento e riscaldamento del fondo per una maggiore fluidit\u00e0 dell'adesivo.<br \/>\n10. Sistema di pesatura di precisione per un controllo accurato dell'erogazione.<br \/>\n11. Sistema ad alta pressione per aumentare la pressione dell'aria in ingresso.<br \/>\n12. Conformit\u00e0 agli standard di sicurezza, compresa la certificazione CE.<br \/>\n13. Interfacce di comunicazione per la connettivit\u00e0 e lo scambio di dati.<br \/>\n14. Sistema di nastri trasportatori ad alta temperatura per una movimentazione efficiente dei pezzi.<br \/>\n15. Allarme di guasto e display di menu per il monitoraggio e il controllo operativo.<\/p>\n<p>&nbsp;<\/p>","protected":false},"excerpt":{"rendered":"<p>DESEN Precision Q600D \u00e8 una macchina dosatrice ad alta velocit\u00e0 progettata per applicazioni di precisione nell'industria elettronica. Vanta una struttura robusta ed \u00e8 dotata di funzioni avanzate come un sistema controllato da computer con funzionamento in Windows, un sistema di posizionamento visivo CCD per un allineamento accurato e servomotori per un movimento preciso. La macchina offre una serie di capacit\u00e0 di dosaggio ed \u00e8 in grado di gestire diversi tipi di valvole e adesivi.<\/p>","protected":false},"featured_media":21706,"comment_status":"open","ping_status":"closed","template":"","meta":{"iawp_total_views":87},"etheme_brands":[],"product_brand":[],"product_cat":[147],"product_tag":[],"class_list":{"0":"post-21859","1":"product","2":"type-product","3":"status-publish","4":"has-post-thumbnail","6":"product_cat-automatic-dispensing-machine","8":"first","9":"instock","10":"shipping-taxable","11":"product-type-simple"},"_links":{"self":[{"href":"https:\/\/v2smt.com\/it\/wp-json\/wp\/v2\/product\/21859","targetHints":{"allow":["GET"]}}],"collection":[{"href":"https:\/\/v2smt.com\/it\/wp-json\/wp\/v2\/product"}],"about":[{"href":"https:\/\/v2smt.com\/it\/wp-json\/wp\/v2\/types\/product"}],"replies":[{"embeddable":true,"href":"https:\/\/v2smt.com\/it\/wp-json\/wp\/v2\/comments?post=21859"}],"version-history":[{"count":0,"href":"https:\/\/v2smt.com\/it\/wp-json\/wp\/v2\/product\/21859\/revisions"}],"wp:featuredmedia":[{"embeddable":true,"href":"https:\/\/v2smt.com\/it\/wp-json\/wp\/v2\/media\/21706"}],"wp:attachment":[{"href":"https:\/\/v2smt.com\/it\/wp-json\/wp\/v2\/media?parent=21859"}],"wp:term":[{"taxonomy":"brand","embeddable":true,"href":"https:\/\/v2smt.com\/it\/wp-json\/wp\/v2\/etheme_brands?post=21859"},{"taxonomy":"product_brand","embeddable":true,"href":"https:\/\/v2smt.com\/it\/wp-json\/wp\/v2\/product_brand?post=21859"},{"taxonomy":"product_cat","embeddable":true,"href":"https:\/\/v2smt.com\/it\/wp-json\/wp\/v2\/product_cat?post=21859"},{"taxonomy":"product_tag","embeddable":true,"href":"https:\/\/v2smt.com\/it\/wp-json\/wp\/v2\/product_tag?post=21859"}],"curies":[{"name":"wp","href":"https:\/\/api.w.org\/{rel}","templated":true}]}}