{"id":23350,"date":"2025-12-29T03:57:01","date_gmt":"2025-12-29T03:57:01","guid":{"rendered":"https:\/\/v2smt.com\/?post_type=product&#038;p=23350"},"modified":"2025-12-29T03:57:40","modified_gmt":"2025-12-29T03:57:40","slug":"vt-680-economic-offline-aoi-system","status":"publish","type":"product","link":"https:\/\/v2smt.com\/fr\/products\/vt-680-economic-offline-aoi-system\/","title":{"rendered":"Syst\u00e8me AOI \u00e9conomique hors ligne VT-680"},"content":{"rendered":"<h1>Syst\u00e8me AOI \u00e9conomique hors ligne VT-680<\/h1>\n<h3><strong>Syst\u00e8me AOI hors ligne VT-680<\/strong><\/h3>\n<p><strong>Inspection de pr\u00e9cision pour les lignes de production SMT et DIP<\/strong><\/p>\n<p>\ud83d\udd0d\u00a0<strong>Capacit\u00e9s de base<\/strong>:<\/p>\n<ol>\n<li><strong>Manipulation polyvalente des circuits imprim\u00e9s<\/strong>\n<ul>\n<li>S'adapte aux planches de\u00a0<strong>20\u00d720mm \u00e0 450\u00d7350mm<\/strong>\u00a0(\u00e9paisseur : 0,3-5,0 mm), supportant un, plusieurs ou plusieurs\u00a0<strong>inspection double face<\/strong>\u00a0en un cycle\u00a0<a class=\"citation-link\" href=\"https:\/\/yangcui319.cn.b2b168.com\/m\/supply\/v42012586.html\" rel=\"nofollow noopener\" target=\"_blank\"><img decoding=\"async\" class=\"citation-icon\" src=\"http:\/\/127.0.0.1:45001\/api\/images\/lu.png\" \/><\/a>\u00a0<a class=\"citation-link\" href=\"http:\/\/china.makepolo.com\/product-detail\/100342333146.html\" rel=\"nofollow noopener\" target=\"_blank\"><img decoding=\"async\" class=\"citation-icon\" src=\"http:\/\/127.0.0.1:45001\/api\/images\/lu.png\" \/><\/a>\u00a0<a class=\"citation-link\" href=\"https:\/\/www.hi1718.com\/product\/2013121713529147.html\" rel=\"nofollow noopener\" target=\"_blank\"><img decoding=\"async\" class=\"citation-icon\" src=\"http:\/\/127.0.0.1:45001\/api\/images\/lu.png\" \/><\/a>\u00a0.<\/li>\n<\/ul>\n<\/li>\n<li><strong>D\u00e9tection compl\u00e8te des d\u00e9fauts<\/strong>\n<ul>\n<li>Identifie\u00a0<strong>18+ d\u00e9fauts critiques<\/strong>les \u00e9l\u00e9ments manquants\/composants, le tombstoning, le bridging, le d\u00e9salignement, les vides de soudure, la courbure des broches des circuits int\u00e9gr\u00e9s et les erreurs de polarit\u00e9.\u00a0<a class=\"citation-link\" href=\"https:\/\/www.hi1718.com\/product\/2013121713529147.html\" rel=\"nofollow noopener\" target=\"_blank\"><img decoding=\"async\" class=\"citation-icon\" src=\"http:\/\/127.0.0.1:45001\/api\/images\/lu.png\" \/><\/a>\u00a0.<\/li>\n<\/ul>\n<\/li>\n<li><strong>Pr\u00e9cision \u00e0 grande vitesse<\/strong>\n<ul>\n<li><strong>3MP<\/strong>\u00a0(1600\u00d71200) avec\u00a0<strong>R\u00e9solution de 18\u03bcm<\/strong>\u00a0et l'\u00e9clairage LED multicanal\u00a0<a class=\"citation-link\" href=\"https:\/\/www.hi1718.com\/product\/2013121713529147.html\" rel=\"nofollow noopener\" target=\"_blank\"><img decoding=\"async\" class=\"citation-icon\" src=\"http:\/\/127.0.0.1:45001\/api\/images\/lu.png\" \/><\/a>\u00a0.<\/li>\n<li><strong>800mm\/s vitesse de balayage<\/strong>\u00a0et\u00a0<strong>Pr\u00e9cision de positionnement &lt;8\u03bcm<\/strong>\u00a0avec m\u00e9canique \u00e0 servomoteur\u00a0<a class=\"citation-link\" href=\"https:\/\/www.hi1718.com\/product\/2013121713529147.html\" rel=\"nofollow noopener\" target=\"_blank\"><img decoding=\"async\" class=\"citation-icon\" src=\"http:\/\/127.0.0.1:45001\/api\/images\/lu.png\" \/><\/a>\u00a0.<\/li>\n<\/ul>\n<\/li>\n<\/ol>\n<p>\u2699\ufe0f\u00a0<strong>Principaux avantages<\/strong>:<\/p>\n<ul>\n<li><strong>Inspection double face et multi-CPB<\/strong>: Contr\u00f4le simultan\u00e9 des deux c\u00f4t\u00e9s des cartes ou de plusieurs panneaux, ce qui permet d'augmenter le rendement.\u00a0<a class=\"citation-link\" href=\"https:\/\/yangcui319.cn.b2b168.com\/m\/supply\/v42012586.html\" rel=\"nofollow noopener\" target=\"_blank\"><img decoding=\"async\" class=\"citation-icon\" src=\"http:\/\/127.0.0.1:45001\/api\/images\/lu.png\" \/><\/a>\u00a0<a class=\"citation-link\" href=\"http:\/\/china.makepolo.com\/product-detail\/100342333146.html\" rel=\"nofollow noopener\" target=\"_blank\"><img decoding=\"async\" class=\"citation-icon\" src=\"http:\/\/127.0.0.1:45001\/api\/images\/lu.png\" \/><\/a>\u00a0.<\/li>\n<li><strong>Aucune complexit\u00e9 de programmation<\/strong>: Syst\u00e8me d'exploitation Windows intuitif avec\u00a0<strong>Interface anglais\/chinois<\/strong>\u00a0et le signalement automatis\u00e9 des d\u00e9fauts\u00a0<a class=\"citation-link\" href=\"https:\/\/www.hi1718.com\/product\/2013121713529147.html\" rel=\"nofollow noopener\" target=\"_blank\"><img decoding=\"async\" class=\"citation-icon\" src=\"http:\/\/127.0.0.1:45001\/api\/images\/lu.png\" \/><\/a>\u00a0.<\/li>\n<li><strong>D\u00e9ploiement flexible<\/strong>: Encombrement r\u00e9duit (900\u00d71100\u00d71300mm), fonctionnement hors ligne, et\u00a0<strong>Stabilit\u00e9 24\/7<\/strong>\u00a0(-10\u00b0C \u00e0 40\u00b0C)\u00a0<a class=\"citation-link\" href=\"https:\/\/www.hi1718.com\/product\/2013121713529147.html\" rel=\"nofollow noopener\" target=\"_blank\"><img decoding=\"async\" class=\"citation-icon\" src=\"http:\/\/127.0.0.1:45001\/api\/images\/lu.png\" \/><\/a>\u00a0<a class=\"citation-link\" href=\"https:\/\/www.ekt-tech.com\/product\/36.html\" rel=\"nofollow noopener\" target=\"_blank\"><img decoding=\"async\" class=\"citation-icon\" src=\"http:\/\/127.0.0.1:45001\/api\/images\/lu.png\" \/><\/a>\u00a0.<\/li>\n<li><strong>\u00c9prouv\u00e9 par l'industrie<\/strong>: La confiance des fabricants EMS\/automobiles avec\u00a0<strong>Garantie nationale d'un an<\/strong>\u00a0<a class=\"citation-link\" href=\"https:\/\/m.makepolo.com\/product\/100988453297.html\" rel=\"nofollow noopener\" target=\"_blank\"><img decoding=\"async\" class=\"citation-icon\" src=\"http:\/\/127.0.0.1:45001\/api\/images\/lu.png\" \/><\/a>\u00a0<a class=\"citation-link\" href=\"https:\/\/www.hi1718.com\/product\/2013121713529147.html\" rel=\"nofollow noopener\" target=\"_blank\"><img decoding=\"async\" class=\"citation-icon\" src=\"http:\/\/127.0.0.1:45001\/api\/images\/lu.png\" \/><\/a>\u00a0.<\/li>\n<\/ul>\n<blockquote><p><strong>Pourquoi VT-680 ?<\/strong><br \/>\n<em>\u201cR\u00e9duisez les taux de fuite des d\u00e9fauts avec 90% gr\u00e2ce \u00e0 un syst\u00e8me con\u00e7u pour les lignes SMT\/DIP \u00e0 forte mixit\u00e9. Id\u00e9al pour les fabricants soucieux des co\u00fbts qui ont besoin d'une inspection fiable et facile \u00e0 utiliser sans compromettre la pr\u00e9cision.\u201d<\/em><\/p><\/blockquote>\n<hr \/>\n<h3><strong>Appel \u00e0 l'action (CTA)<\/strong>:<\/h3>\n<p>\u2705\u00a0<strong>Susciter des demandes de renseignements avec<\/strong>:<\/p>\n<ul>\n<li><strong>\u00c0 la une<\/strong>:\u00a0<em>\u201c\u00c9liminez les d\u00e9fauts des circuits imprim\u00e9s : Obtenez votre devis VT-680 d\u00e8s aujourd'hui\u201d<\/em><\/li>\n<li><strong>Bouton<\/strong>:\u00a0<strong>\u201cDemander une d\u00e9monstration en direct\u201d<\/strong>\u00a0ou\u00a0<strong>\u201cT\u00e9l\u00e9charger la fiche technique\u201d<\/strong><\/li>\n<li><strong>Incitation<\/strong>:\u00a0<em>\u201c\u00c9valuation gratuite de l'application : Optimisez votre rendement\u201d<\/em><\/li>\n<\/ul>\n<p>#OfflineAOI #PCBinspection #SMTQualit\u00e9 #VT680 #AOImachine #ElectroniqueFabrication<\/p>\n<p><strong>Id\u00e9al pour<\/strong>:<\/p>\n<ul>\n<li>Assemblage SMT\/DIP de volume moyen<\/li>\n<li>Automobile, industrie et \u00e9lectronique grand public<\/li>\n<li>\u00c9tablissement de priorit\u00e9s pour les installations\u00a0<strong>facilit\u00e9 d'utilisation<\/strong>\u00a0et\u00a0<strong>un retour sur investissement rapide<\/strong><\/li>\n<\/ul>","protected":false},"excerpt":{"rendered":"<h2>Syst\u00e8me AOI \u00e9conomique hors ligne VT-680<\/h2>\n<p>Il s'agit d'une machine d'inspection optique automatis\u00e9e bon march\u00e9 con\u00e7ue pour le contr\u00f4le de qualit\u00e9 hors ligne et de pr\u00e9cision dans la fabrication. Elle est \u00e9quip\u00e9e d'une cam\u00e9ra industrielle num\u00e9rique intelligente \u00e0 grande vitesse de 3MP avec un objectif t\u00e9l\u00e9centrique et un \u00e9clairage LED RVB.<\/p>","protected":false},"featured_media":23351,"comment_status":"open","ping_status":"closed","template":"","meta":{"iawp_total_views":8},"etheme_brands":[],"product_brand":[],"product_cat":[136],"product_tag":[],"class_list":{"0":"post-23350","1":"product","2":"type-product","3":"status-publish","4":"has-post-thumbnail","6":"product_cat-automated-optical-inspection","8":"first","9":"instock","10":"shipping-taxable","11":"product-type-simple"},"_links":{"self":[{"href":"https:\/\/v2smt.com\/fr\/wp-json\/wp\/v2\/product\/23350","targetHints":{"allow":["GET"]}}],"collection":[{"href":"https:\/\/v2smt.com\/fr\/wp-json\/wp\/v2\/product"}],"about":[{"href":"https:\/\/v2smt.com\/fr\/wp-json\/wp\/v2\/types\/product"}],"replies":[{"embeddable":true,"href":"https:\/\/v2smt.com\/fr\/wp-json\/wp\/v2\/comments?post=23350"}],"version-history":[{"count":0,"href":"https:\/\/v2smt.com\/fr\/wp-json\/wp\/v2\/product\/23350\/revisions"}],"wp:featuredmedia":[{"embeddable":true,"href":"https:\/\/v2smt.com\/fr\/wp-json\/wp\/v2\/media\/23351"}],"wp:attachment":[{"href":"https:\/\/v2smt.com\/fr\/wp-json\/wp\/v2\/media?parent=23350"}],"wp:term":[{"taxonomy":"brand","embeddable":true,"href":"https:\/\/v2smt.com\/fr\/wp-json\/wp\/v2\/etheme_brands?post=23350"},{"taxonomy":"product_brand","embeddable":true,"href":"https:\/\/v2smt.com\/fr\/wp-json\/wp\/v2\/product_brand?post=23350"},{"taxonomy":"product_cat","embeddable":true,"href":"https:\/\/v2smt.com\/fr\/wp-json\/wp\/v2\/product_cat?post=23350"},{"taxonomy":"product_tag","embeddable":true,"href":"https:\/\/v2smt.com\/fr\/wp-json\/wp\/v2\/product_tag?post=23350"}],"curies":[{"name":"wp","href":"https:\/\/api.w.org\/{rel}","templated":true}]}}