{"id":23345,"date":"2025-12-29T03:08:33","date_gmt":"2025-12-29T03:08:33","guid":{"rendered":"https:\/\/v2smt.com\/?post_type=product&#038;p=23345"},"modified":"2025-12-29T03:09:31","modified_gmt":"2025-12-29T03:09:31","slug":"vt-980-ai-powered-aoi-system","status":"publish","type":"product","link":"https:\/\/v2smt.com\/fr\/products\/vt-980-ai-powered-aoi-system\/","title":{"rendered":"Syst\u00e8me AOI aliment\u00e9 par l'IA VT-980"},"content":{"rendered":"<h1>Syst\u00e8me AOI aliment\u00e9 par l'IA VT-980<\/h1>\n<p>Syst\u00e8me AOI aliment\u00e9 par l'IA VT-980<br \/>\nLa d\u00e9tection des d\u00e9fauts r\u00e9volutionn\u00e9e : pr\u00e9cision de 20MP + optimisation de l'IA<\/p>\n<p>\ud83d\udd0d Caract\u00e9ristiques principales :<br \/>\n1. Imagerie \u00e0 ultra-haute r\u00e9solution<br \/>\n- Cam\u00e9ra industrielle 20MP : D\u00e9tectez les d\u00e9fauts microscopiques jusqu'\u00e0 **10\u03bcm** (par exemple, les ponts de soudure, les composants manquants, le Tombstoning).<br \/>\n2. Une v\u00e9ritable programmation de l'IA<br \/>\n- Configuration de recette intelligente : Apprentissage automatique des sch\u00e9mas de circuits imprim\u00e9s \u2192 Programmation plus rapide de 80% par rapport \u00e0 l'AOI traditionnelle.<br \/>\n- Algorithmes auto-optimisants : R\u00e9duire les faux appels de \u226560% gr\u00e2ce \u00e0 l'apprentissage continu.<br \/>\n3. Inspection rapide comme l'\u00e9clair<br \/>\n- 0,25 sec\/composant pour les circuits imprim\u00e9s complexes HDI, FPC et rigides-flexibles.<\/p>\n<p>\u2699\ufe0f Avantages pour l'industrie :<br \/>\n- Z\u00e9ro temps d'arr\u00eat : L'IA s'adapte aux variations des composants (changements de lots\/\u00e9change de fournisseurs).<br \/>\n- \u00c0 l'\u00e9preuve du temps : Prend en charge la miniaturisation 01005 et le PoP (Package-on-Package).<br \/>\n- Plug &amp; Inspect : installation d'une recette en 5 minutes pour les nouvelles cartes.<\/p>\n<p>&gt; Pourquoi VT-980 ?<br \/>\n&gt; \u201cR\u00e9duisez les taux de fuite \u00e0 &lt;100ppm et r\u00e9duisez la d\u00e9pendance de l&#039;op\u00e9rateur de 50%. Con\u00e7u pour les fabricants de niveau 1 de l&#039;EMS, de l&#039;automobile et de l&#039;a\u00e9rospatiale qui refusent les compromis en mati\u00e8re de qualit\u00e9.\u201d<\/p>\n<p>Appel \u00e0 l'action (CTA) cibl\u00e9 :<br \/>\n\u2705 Conduisez les demandes de renseignements aupr\u00e8s de :<br \/>\n- Titre : \u201cAtteignez le z\u00e9ro d\u00e9faut : Demandez votre d\u00e9mo VT-980 d\u00e8s aujourd'hui\u201d<br \/>\n- Bouton : \u201cObtenir un devis | Voir l'IA en action\u201d<br \/>\n- Accroche cl\u00e9 : \u201cAnalyse gratuite du retour sur investissement : Calculez vos \u00e9conomies\u201d<\/p>\n<p>$#AOISyst\u00e8me #20MPAOI #AIAOI #PCBinspection #SMTQualit\u00e9 #ElectroniqueFabrication #Z\u00e9roD\u00e9faut$<\/p>\n<p>Parfait pour :<br \/>\n- Les fournisseurs de services m\u00e9dicaux d'urgence s'adaptent \u00e0 l'industrie 4.0<br \/>\n- Fabricants de circuits imprim\u00e9s pour l'industrie automobile (conformes \u00e0 la norme IATF 16949)<br \/>\n- Lignes de production \u00e0 forte mixit\u00e9 et grande complexit\u00e9<\/p>","protected":false},"excerpt":{"rendered":"<h2>Syst\u00e8me AOI aliment\u00e9 par l'IA VT-980<\/h2>\n<p>Il s'agit d'une machine d'inspection optique automatis\u00e9e avanc\u00e9e con\u00e7ue pour un contr\u00f4le de qualit\u00e9 pr\u00e9cis et \u00e0 grande vitesse dans le secteur de la fabrication. Elle est \u00e9quip\u00e9e d'une cam\u00e9ra industrielle num\u00e9rique intelligente \u00e0 grande vitesse de 20MP avec objectif t\u00e9l\u00e9centrique et \u00e9clairage LED RVB.<\/p>","protected":false},"featured_media":23346,"comment_status":"open","ping_status":"closed","template":"","meta":{"iawp_total_views":8},"etheme_brands":[],"product_brand":[],"product_cat":[136],"product_tag":[],"class_list":{"0":"post-23345","1":"product","2":"type-product","3":"status-publish","4":"has-post-thumbnail","6":"product_cat-automated-optical-inspection","8":"first","9":"instock","10":"shipping-taxable","11":"product-type-simple"},"_links":{"self":[{"href":"https:\/\/v2smt.com\/fr\/wp-json\/wp\/v2\/product\/23345","targetHints":{"allow":["GET"]}}],"collection":[{"href":"https:\/\/v2smt.com\/fr\/wp-json\/wp\/v2\/product"}],"about":[{"href":"https:\/\/v2smt.com\/fr\/wp-json\/wp\/v2\/types\/product"}],"replies":[{"embeddable":true,"href":"https:\/\/v2smt.com\/fr\/wp-json\/wp\/v2\/comments?post=23345"}],"version-history":[{"count":0,"href":"https:\/\/v2smt.com\/fr\/wp-json\/wp\/v2\/product\/23345\/revisions"}],"wp:featuredmedia":[{"embeddable":true,"href":"https:\/\/v2smt.com\/fr\/wp-json\/wp\/v2\/media\/23346"}],"wp:attachment":[{"href":"https:\/\/v2smt.com\/fr\/wp-json\/wp\/v2\/media?parent=23345"}],"wp:term":[{"taxonomy":"brand","embeddable":true,"href":"https:\/\/v2smt.com\/fr\/wp-json\/wp\/v2\/etheme_brands?post=23345"},{"taxonomy":"product_brand","embeddable":true,"href":"https:\/\/v2smt.com\/fr\/wp-json\/wp\/v2\/product_brand?post=23345"},{"taxonomy":"product_cat","embeddable":true,"href":"https:\/\/v2smt.com\/fr\/wp-json\/wp\/v2\/product_cat?post=23345"},{"taxonomy":"product_tag","embeddable":true,"href":"https:\/\/v2smt.com\/fr\/wp-json\/wp\/v2\/product_tag?post=23345"}],"curies":[{"name":"wp","href":"https:\/\/api.w.org\/{rel}","templated":true}]}}