{"id":23168,"date":"2025-08-26T08:14:38","date_gmt":"2025-08-26T08:14:38","guid":{"rendered":"https:\/\/v2smt.com\/?post_type=product&#038;p=23168"},"modified":"2025-08-26T08:35:16","modified_gmt":"2025-08-26T08:35:16","slug":"pcba-cleaning-machine-v560","status":"publish","type":"product","link":"https:\/\/v2smt.com\/fr\/products\/pcba-cleaning-machine-v560\/","title":{"rendered":"Machine de nettoyage de PCBA V560"},"content":{"rendered":"<h1>Machine de nettoyage de PCBA V560<\/h1>\n<p>Principaux avantages de l'\u00e9quipement de nettoyage par flux de PCBA V560\/de la machine de nettoyage de PCBA V560<\/p>\n<p>1. Conception de chambre tout-en-un \u25e6 Nettoyage, rin\u00e7age et s\u00e9chage dans une seule chambre ferm\u00e9e \u2192 \u00c9limine les pertes de transfert et les risques de contamination crois\u00e9e. Id\u00e9al pour les empreintes de production compactes.<\/p>\n<p>2. Compatibilit\u00e9 multimod\u00e8le avanc\u00e9e \u25e6 Utilise des processus \u00e0 la pointe de l'industrie pour offrir une propret\u00e9 100% sur divers mod\u00e8les de PCBA \u2192 Garantit une haute qualit\u00e9 constante quelle que soit la variation du produit. Prend en charge efficacement les lignes SMT mixtes.<\/p>\n<p>3. Flux de travail enti\u00e8rement automatis\u00e9 \u25e6 Apr\u00e8s le chargement manuel et la programmation par \u00e9cran tactile :<br \/>\n\u2705 Automatise l'ensemble du cycle (d\u00e9marrage\u2192arr\u00eat\u2192r\u00e9initialisation)<br \/>\n\u2705 Remise \u00e0 z\u00e9ro automatique pour les lots cons\u00e9cutifs \u2192 Minimise l'intervention de l'op\u00e9rateur, r\u00e9duit les co\u00fbts de main-d'\u0153uvre.<\/p>\n<p>4. Chimie s\u00fbre et respectueuse de l'environnement \u25e6 Utilise des fluides \u00e0 base d'eau non dangereux ou de l'eau DI comme agents de nettoyage \u2192 Pas de fum\u00e9es toxiques\/\u00e9missions de COV. S\u00fbr pour les op\u00e9rateurs avec aucune exigence en mati\u00e8re d'EPI. Faibles co\u00fbts d'\u00e9limination des d\u00e9chets par rapport aux syst\u00e8mes \u00e0 base de solvants.<\/p>\n<p>5. Architecture des syst\u00e8mes int\u00e9gr\u00e9s \u25e6 Sous-syst\u00e8mes d\u00e9di\u00e9s aux fonctions critiques :<br \/>\n\ud83d\udd27 Nettoyage de pr\u00e9cision \u2192 Rin\u00e7age minutieux \u2192 S\u00e9chage contr\u00f4l\u00e9 \u2192 Filtration active \u2192 Maximise le temps de fonctionnement et la r\u00e9p\u00e9tabilit\u00e9. L'\u00e9quilibre de puissance gaz\/\u00e9lectricit\u00e9 optimise l'efficacit\u00e9 \u00e9nerg\u00e9tique.<\/p>\n<p>6. Ergonomie centr\u00e9e sur l'utilisateur \u25e6 L'IHM intuitive \u00e0 \u00e9cran tactile contr\u00f4le les param\u00e8tres complexes sans effort \u2192 Courbes de formation courtes. L'interface de chargement manuel rationalise la manipulation des lots sans compromettre les avantages de l'automatisation.<\/p>\n<p>7. Haute performance et fiabilit\u00e9 \u25e6 Con\u00e7u pour les SML (Small-Medium Lines) : Densit\u00e9 de d\u00e9bit \u00e9lev\u00e9e + composants de qualit\u00e9 industrielle \u2192 Temps de fonctionnement durable dans les environnements exigeants. La conception de nouvelle g\u00e9n\u00e9ration combine vitesse, s\u00e9curit\u00e9 et \u00e9volutivit\u00e9.<\/p>\n<table width=\"1062\">\n<tbody>\n<tr>\n<td width=\"205\"><b>Dimensions de la chambre de nettoyage<\/b><\/td>\n<td width=\"324\">L690xL620xH715 (mm)<\/td>\n<td width=\"192\"><b>syst\u00e8me d'arrosage<\/b><\/td>\n<td width=\"340\">Nettoyage par pulv\u00e9risation rotative \u00e0 360 degr\u00e9s de haut en bas<\/td>\n<\/tr>\n<tr>\n<td width=\"205\"><b>Taille du panier de lavage<\/b><\/td>\n<td width=\"324\">L610xL560xH100(mm) conception \u00e0 double couche<\/td>\n<td width=\"192\"><b>Plage de pression du jet de nettoyage<\/b><\/td>\n<td width=\"340\">0,3~0,6(Mpa)<\/td>\n<\/tr>\n<tr>\n<td width=\"205\"><b>Capacit\u00e9 du r\u00e9servoir de concentr\u00e9<\/b><\/td>\n<td width=\"324\">30L<\/td>\n<td width=\"192\"><b>Capacit\u00e9 du r\u00e9servoir de pulv\u00e9risation<\/b><\/td>\n<td width=\"340\">17L-23L<\/td>\n<\/tr>\n<tr>\n<td width=\"205\"><b>Capacit\u00e9 du r\u00e9servoir de diluant<\/b><\/td>\n<td width=\"324\">70L<\/td>\n<td width=\"192\"><b>Chargement du panier de lavage<\/b><\/td>\n<td width=\"340\">100KG<\/td>\n<\/tr>\n<tr>\n<td width=\"205\"><b>Temps de lavage brut<\/b><\/td>\n<td width=\"324\">3~8 minutes (r\u00e9f\u00e9rence)<\/td>\n<td width=\"192\"><b>Temps de rin\u00e7age<\/b><\/td>\n<td width=\"340\">1~2 minutes\/temps, 1-10 fois (selon les besoins)<\/td>\n<\/tr>\n<tr>\n<td width=\"205\"><b>Temps de s\u00e9chage<\/b><\/td>\n<td width=\"324\">20~30 minutes (r\u00e9f\u00e9rence)<\/td>\n<td width=\"192\"><b>Temp\u00e9rature de chauffage du liquide<\/b><\/td>\n<td width=\"340\">~75P<\/td>\n<\/tr>\n<tr>\n<td width=\"205\"><b>Puissance de compensation de la temp\u00e9rature de la cavit\u00e9 int\u00e9rieure<\/b><\/td>\n<td width=\"324\">6KW<\/td>\n<td width=\"192\"><b>Temp\u00e9rature de s\u00e9chage \u00e0 l'air chaud Temp\u00e9rature ambiante<\/b><\/td>\n<td width=\"340\">~99P<\/td>\n<\/tr>\n<tr>\n<td width=\"205\"><b>Puissance du chauffage du r\u00e9servoir de solvant<\/b><\/td>\n<td width=\"324\">9KW<\/td>\n<td width=\"192\"><b>Puissance du chauffage de s\u00e9chage<\/b><\/td>\n<td width=\"340\">6KW<\/td>\n<\/tr>\n<tr>\n<td width=\"205\"><b>Puissance de la pompe de pulv\u00e9risation horizontale<\/b><\/td>\n<td width=\"324\">5.5KW<\/td>\n<td width=\"192\"><b>Gamme de surveillance des r\u00e9sistivim\u00e8tres<\/b><\/td>\n<td width=\"340\">0~ 18MQ-cm<\/td>\n<\/tr>\n<tr>\n<td width=\"205\"><b>Source d'air<\/b><\/td>\n<td width=\"324\">0,4-0,7Mpa<\/td>\n<td width=\"192\"><b>entr\u00e9e et sortie d'eau<\/b><\/td>\n<td width=\"340\">Interface \u00e0 d\u00e9gagement rapide de 1 pouce<\/td>\n<\/tr>\n<tr>\n<td width=\"205\"><b>l'alimentation \u00e9lectrique<\/b><\/td>\n<td width=\"324\">AC380V 3P,50\/60HZ 27KW<\/td>\n<td width=\"192\"><b>Poids de la machine<\/b><\/td>\n<td width=\"340\">400KG<\/td>\n<\/tr>\n<tr>\n<td width=\"205\"><b>Taille de la machine<\/b><\/td>\n<td width=\"324\">L1200xL1100xH 1780\u00b130(mm)<\/td>\n<td width=\"192\"><b>Taille de l'orifice d'\u00e9chappement<\/b><\/td>\n<td width=\"340\">\u03a6100*30H(mm)<\/td>\n<\/tr>\n<tr>\n<td width=\"205\"><b>Syst\u00e8me de filtration en 3 \u00e9tapes<\/b><\/td>\n<td colspan=\"3\" width=\"857\">Filtre de niveau 1 (filtre les impuret\u00e9s et les \u00e9tiquettes) Filtre de niveau 2 (filtre les petites particules et la p\u00e2te \u00e0 braser) Filtre de niveau 3 5um (filtre les petites particules et la colophane)<\/td>\n<\/tr>\n<tr>\n<td width=\"205\"><b>Quantit\u00e9 d'un nettoyage<\/b><\/td>\n<td colspan=\"3\" width=\"857\">Calcul\u00e9 sur la base de la taille de la carte PCBA L200\u00d7W100\u00d7H20 (mm), chaque lot peut \u00eatre lav\u00e9 \u00e0 100-160 pi\u00e8ces.<\/td>\n<\/tr>\n<\/tbody>\n<\/table>","protected":false},"excerpt":{"rendered":"<h2>Machine de nettoyage de PCBA V560<\/h2>\n<p><strong>Equipement de nettoyage par flux pour PCBA pour les lignes de production petites et moyennes.<\/strong>\u00a0Le V560 ex\u00e9cute un processus de nettoyage par lots typique, en effectuant toutes les \u00e9tapes (nettoyage, rin\u00e7age et s\u00e9chage) dans une seule chambre. Elle am\u00e9liore la qualit\u00e9 du nettoyage pour la production de PCBA multi-mod\u00e8les en utilisant les processus les plus avanc\u00e9s de l'industrie pour atteindre la propret\u00e9 100% et la protection de l'environnement. Comprenant des syst\u00e8mes de nettoyage, de rin\u00e7age, de s\u00e9chage et de filtration, la machine fonctionne \u00e0 l'\u00e9lectricit\u00e9 et au gaz. Un op\u00e9rateur charge manuellement les circuits imprim\u00e9s dans la chambre de nettoyage, puis d\u00e9finit les param\u00e8tres de chaque \u00e9tape \u00e0 l'aide de l'\u00e9cran tactile. Une fois d\u00e9marr\u00e9e, la machine effectue automatiquement le cycle complet. Une fois le cycle termin\u00e9, elle s'arr\u00eate automatiquement et se r\u00e9initialise pour le lot suivant. Cette conception conviviale am\u00e9liore consid\u00e9rablement l'efficacit\u00e9 de la production et la qualit\u00e9 des produits. Solution nouvelle, performante et enti\u00e8rement automatique, l'\u00e9quipement utilise un liquide \u00e0 base d'eau ou de l'eau DI comme agent de nettoyage non dangereux et sans danger pour le personnel.<\/p>","protected":false},"featured_media":23162,"comment_status":"closed","ping_status":"closed","template":"","meta":{"iawp_total_views":6},"etheme_brands":[],"product_brand":[],"product_cat":[182],"product_tag":[],"class_list":{"0":"post-23168","1":"product","2":"type-product","3":"status-publish","4":"has-post-thumbnail","6":"product_cat-pcb-cleaning-machine","8":"first","9":"instock","10":"shipping-taxable","11":"product-type-simple"},"_links":{"self":[{"href":"https:\/\/v2smt.com\/fr\/wp-json\/wp\/v2\/product\/23168","targetHints":{"allow":["GET"]}}],"collection":[{"href":"https:\/\/v2smt.com\/fr\/wp-json\/wp\/v2\/product"}],"about":[{"href":"https:\/\/v2smt.com\/fr\/wp-json\/wp\/v2\/types\/product"}],"replies":[{"embeddable":true,"href":"https:\/\/v2smt.com\/fr\/wp-json\/wp\/v2\/comments?post=23168"}],"version-history":[{"count":0,"href":"https:\/\/v2smt.com\/fr\/wp-json\/wp\/v2\/product\/23168\/revisions"}],"wp:featuredmedia":[{"embeddable":true,"href":"https:\/\/v2smt.com\/fr\/wp-json\/wp\/v2\/media\/23162"}],"wp:attachment":[{"href":"https:\/\/v2smt.com\/fr\/wp-json\/wp\/v2\/media?parent=23168"}],"wp:term":[{"taxonomy":"brand","embeddable":true,"href":"https:\/\/v2smt.com\/fr\/wp-json\/wp\/v2\/etheme_brands?post=23168"},{"taxonomy":"product_brand","embeddable":true,"href":"https:\/\/v2smt.com\/fr\/wp-json\/wp\/v2\/product_brand?post=23168"},{"taxonomy":"product_cat","embeddable":true,"href":"https:\/\/v2smt.com\/fr\/wp-json\/wp\/v2\/product_cat?post=23168"},{"taxonomy":"product_tag","embeddable":true,"href":"https:\/\/v2smt.com\/fr\/wp-json\/wp\/v2\/product_tag?post=23168"}],"curies":[{"name":"wp","href":"https:\/\/api.w.org\/{rel}","templated":true}]}}