{"id":23163,"date":"2025-08-26T07:55:13","date_gmt":"2025-08-26T07:55:13","guid":{"rendered":"https:\/\/v2smt.com\/?post_type=product&#038;p=23163"},"modified":"2025-08-26T08:12:01","modified_gmt":"2025-08-26T08:12:01","slug":"fully-automatic-pcb-cleaning-machine-v1400","status":"publish","type":"product","link":"https:\/\/v2smt.com\/fr\/products\/fully-automatic-pcb-cleaning-machine-v1400\/","title":{"rendered":"Machine de nettoyage de circuits imprim\u00e9s enti\u00e8rement automatique V1400"},"content":{"rendered":"<h1>Machine de nettoyage de circuits imprim\u00e9s enti\u00e8rement automatique V1400<\/h1>\n<p><strong>Syst\u00e8me de nettoyage de pr\u00e9cision des circuits imprim\u00e9s : Ultrasons + technologie de pulv\u00e9risation <\/strong><\/p>\n<p><strong>- Gestion automatis\u00e9e des fluides <\/strong><\/p>\n<p><strong>- Filtration en circuit ferm\u00e9 (contenant des billes d'\u00e9tain) <\/strong><\/p>\n<p><strong>- Recyclage des d\u00e9tergents <\/strong><\/p>\n<p><strong>- Supervision visuelle simple <\/strong><\/p>\n<p><strong>- Contr\u00f4le PLC enti\u00e8rement automatis\u00e9 <\/strong><\/p>\n<p><strong>- Fonctionnement \u00e9conome en \u00e9nergie <\/strong><\/p>\n<p><strong>- Construction robuste en acier inoxydable <\/strong><\/p>\n<p><strong>- Conception s\u00e9curis\u00e9e du grattoir<\/strong><\/p>\n<table width=\"1112\">\n<tbody>\n<tr>\n<td width=\"231\"><b>Diam\u00e8tre du panier de nettoyage<\/b><\/td>\n<td width=\"280\"><b>210 mm, des sp\u00e9cifications particuli\u00e8res peuvent \u00eatre adapt\u00e9es<\/b><\/td>\n<td width=\"246\"><b>Principe de nettoyage<\/b><\/td>\n<td width=\"354\"><b>Nettoyage par pulv\u00e9risation \u00e0 haute pression + nettoyage par ultrasons \u00e0 immersion rotative \u00e0 basse vitesse<\/b><\/td>\n<\/tr>\n<tr>\n<td width=\"231\">Capacit\u00e9 du r\u00e9servoir de liquide de nettoyage et de rin\u00e7age<\/td>\n<td width=\"280\">60L<\/td>\n<td width=\"246\">Capacit\u00e9 optimale du r\u00e9servoir de liquide de nettoyage et de rin\u00e7age<\/td>\n<td width=\"354\">45L<\/td>\n<\/tr>\n<tr>\n<td width=\"231\">Temps de lavage grossier<\/td>\n<td width=\"280\">1-3 minutes (\u00e0 titre indicatif)<\/td>\n<td width=\"246\">Dur\u00e9e du nettoyage par ultrasons<\/td>\n<td width=\"354\">3-8 minutes (\u00e0 titre indicatif)<\/td>\n<\/tr>\n<tr>\n<td width=\"231\">Temps de nettoyage du spray secondaire<\/td>\n<td width=\"280\">1-3 minutes (\u00e0 titre indicatif)<\/td>\n<td width=\"246\">Temps de rin\u00e7age et de lavage<\/td>\n<td width=\"354\">1-3 minutes (\u00e0 titre indicatif)<\/td>\n<\/tr>\n<tr>\n<td width=\"231\">Temps de s\u00e9chage<\/td>\n<td width=\"280\">3-7 minutes (\u00e0 titre indicatif)<\/td>\n<td width=\"246\">Temp\u00e9rature de chauffage du liquide<\/td>\n<td width=\"354\">Temp\u00e9rature ambiante - 80P (\u00e0 r\u00e9gler selon les besoins)<\/td>\n<\/tr>\n<tr>\n<td width=\"231\">Puissance des ultrasons<\/td>\n<td width=\"280\">1,5KW<\/td>\n<td width=\"246\">Temp\u00e9rature de s\u00e9chage \u00e0 l'air chaud<\/td>\n<td width=\"354\">Temp\u00e9rature ambiante - 80P (\u00e0 r\u00e9gler selon les besoins)<\/td>\n<\/tr>\n<tr>\n<td width=\"231\">Puissance de chauffage du r\u00e9servoir de solvant<\/td>\n<td width=\"280\">7KW<\/td>\n<td width=\"246\">Puissance du chauffage \u00e0 sec<\/td>\n<td width=\"354\">6KW<\/td>\n<\/tr>\n<tr>\n<td width=\"231\">Source de gaz<\/td>\n<td width=\"280\">0,4-0,7(Mpa)<\/td>\n<td width=\"246\">Entr\u00e9e et sortie d'eau<\/td>\n<td width=\"354\">Interface de connexion rapide de 1 pouce<\/td>\n<\/tr>\n<tr>\n<td width=\"231\">l'alimentation \u00e9lectrique<\/td>\n<td width=\"280\">AC380V 3P, 50\/60HZ 16.5KW<\/td>\n<td width=\"246\">Poids de la machine<\/td>\n<td width=\"354\">320KG<\/td>\n<\/tr>\n<tr>\n<td width=\"231\">Taille de la machine<\/td>\n<td width=\"280\">L1400xW950xH1350\u00b130mm<\/td>\n<td width=\"246\">Taille de l'orifice d'\u00e9chappement<\/td>\n<td width=\"354\">\u03a6120*25H(mm)<\/td>\n<\/tr>\n<tr>\n<td width=\"231\">Syst\u00e8me de filtration de niveau 3<\/td>\n<td colspan=\"3\" width=\"881\">Niveau 1 filtre \u00e0 mailles (filtre les impuret\u00e9s et les \u00e9tiquettes) Niveau 2 sac filtrant (filtre les petites particules et la p\u00e2te \u00e0 braser) Niveau 3 \u00e9l\u00e9ment filtrant 5um (filtre les microparticules et la p\u00e2te \u00e0 braser)<\/td>\n<\/tr>\n<tr>\n<td width=\"231\">Nombre de nettoyages en une seule fois<\/td>\n<td colspan=\"3\" width=\"881\">Longueur de 200 \u00e0 600 mm, nettoyage de 12 \u00e0 6 pi\u00e8ces respectivement<\/td>\n<\/tr>\n<\/tbody>\n<\/table>","protected":false},"excerpt":{"rendered":"<h2>Machine de nettoyage de circuits imprim\u00e9s enti\u00e8rement automatique V1400<\/h2>\n<p>Un syst\u00e8me innovant d'ultrasons rotatifs associ\u00e9 \u00e0 une pulv\u00e9risation secondaire assure un nettoyage en profondeur des circuits imprim\u00e9s. Les caract\u00e9ristiques comprennent la distribution\/\u00e9vacuation automatique du liquide via une pompe pneumatique, un rin\u00e7age filtr\u00e9 en temps r\u00e9el qui emp\u00eache les perles d'\u00e9tain d'atteindre les surfaces des racleurs, l'extraction de la p\u00e2te \u00e0 souder pour le recyclage des produits de nettoyage et une fen\u00eatre de visualisation pour le contr\u00f4le du processus. Fonctionnement par automate programmable avec plusieurs modes programmables pour plus de simplicit\u00e9. Son ch\u00e2ssis en acier inoxydable 304 durable permet une faible consommation de liquide et d'\u00e9nergie, ainsi qu'une absence de pollution, tandis que l'installation unique de racleurs antid\u00e9rapants am\u00e9liore la s\u00e9curit\u00e9.<\/p>","protected":false},"featured_media":23162,"comment_status":"closed","ping_status":"closed","template":"","meta":{"iawp_total_views":50},"etheme_brands":[],"product_brand":[],"product_cat":[182],"product_tag":[],"class_list":{"0":"post-23163","1":"product","2":"type-product","3":"status-publish","4":"has-post-thumbnail","6":"product_cat-pcb-cleaning-machine","8":"first","9":"instock","10":"shipping-taxable","11":"product-type-simple"},"_links":{"self":[{"href":"https:\/\/v2smt.com\/fr\/wp-json\/wp\/v2\/product\/23163","targetHints":{"allow":["GET"]}}],"collection":[{"href":"https:\/\/v2smt.com\/fr\/wp-json\/wp\/v2\/product"}],"about":[{"href":"https:\/\/v2smt.com\/fr\/wp-json\/wp\/v2\/types\/product"}],"replies":[{"embeddable":true,"href":"https:\/\/v2smt.com\/fr\/wp-json\/wp\/v2\/comments?post=23163"}],"version-history":[{"count":0,"href":"https:\/\/v2smt.com\/fr\/wp-json\/wp\/v2\/product\/23163\/revisions"}],"wp:featuredmedia":[{"embeddable":true,"href":"https:\/\/v2smt.com\/fr\/wp-json\/wp\/v2\/media\/23162"}],"wp:attachment":[{"href":"https:\/\/v2smt.com\/fr\/wp-json\/wp\/v2\/media?parent=23163"}],"wp:term":[{"taxonomy":"brand","embeddable":true,"href":"https:\/\/v2smt.com\/fr\/wp-json\/wp\/v2\/etheme_brands?post=23163"},{"taxonomy":"product_brand","embeddable":true,"href":"https:\/\/v2smt.com\/fr\/wp-json\/wp\/v2\/product_brand?post=23163"},{"taxonomy":"product_cat","embeddable":true,"href":"https:\/\/v2smt.com\/fr\/wp-json\/wp\/v2\/product_cat?post=23163"},{"taxonomy":"product_tag","embeddable":true,"href":"https:\/\/v2smt.com\/fr\/wp-json\/wp\/v2\/product_tag?post=23163"}],"curies":[{"name":"wp","href":"https:\/\/api.w.org\/{rel}","templated":true}]}}