{"id":23002,"date":"2025-05-09T07:20:30","date_gmt":"2025-05-09T07:20:30","guid":{"rendered":"https:\/\/v2smt.com\/?post_type=product&#038;p=23002"},"modified":"2025-05-09T07:21:20","modified_gmt":"2025-05-09T07:21:20","slug":"hamamatsu-industrial-microfocus-x-ray-tubes","status":"publish","type":"product","link":"https:\/\/v2smt.com\/fr\/products\/hamamatsu-industrial-microfocus-x-ray-tubes\/","title":{"rendered":"Tubes \u00e0 rayons X Microfocus Hamamatsu Industrial"},"content":{"rendered":"<p>Tubes \u00e0 rayons X Microfocus Hamamatsu Industrial<br \/>\nTubes \u00e0 rayons X industriels microfoyer Hamamatsu Photonics, leader mondial de la technologie opto\u00e9lectronique, propose des tubes \u00e0 rayons X industriels microfoyer de pointe con\u00e7us pour l'imagerie de pr\u00e9cision et les essais non destructifs (END). Ces tubes haute performance offrent des points focaux exceptionnellement fins (de l'ordre de 1 micron), permettant une imagerie \u00e0 ultra-haute r\u00e9solution pour des applications d'inspection \u00e9lectronique, d'analyse des mat\u00e9riaux composites et d'\u00e9valuation des composants a\u00e9rospatiaux. Con\u00e7us avec une gestion thermique avanc\u00e9e et un contr\u00f4le stable du faisceau d'\u00e9lectrons, ils garantissent une fiabilit\u00e9 op\u00e9rationnelle prolong\u00e9e dans des conditions industrielles exigeantes. Avec des plages de tension personnalisables (30-225 kV) et un courant de faisceau optimis\u00e9, les tubes d'Hamamatsu prennent en charge divers flux de travail, de la d\u00e9tection des d\u00e9fauts des circuits imprim\u00e9s au contr\u00f4le de la qualit\u00e9 des batteries. Leur conception compacte, leurs faibles besoins de maintenance et leur conformit\u00e9 aux normes internationales de radioprotection en font un outil id\u00e9al pour l'int\u00e9gration dans les cha\u00eenes de production automatis\u00e9es et les syst\u00e8mes de laboratoire. Ces solutions \u00e0 rayons X, auxquelles font confiance les fabricants et les instituts de recherche du monde entier, red\u00e9finissent la pr\u00e9cision des diagnostics industriels. <\/p>\n<p>Tubes \u00e0 rayons X microfoyer Hamamatsu Industrial Points forts :<br \/>\n- R\u00e9solution submicronique pour la d\u00e9tection des d\u00e9fauts critiques - Dissipation thermique robuste pour un fonctionnement 24\/7<br \/>\n- Configurations personnalis\u00e9es pour des applications sp\u00e9cialis\u00e9es - Stabilit\u00e9 du faisceau \u00e0 la pointe de l'industrie (\u00b10,05%)<br \/>\n- Certification CE\/RoHS, fabrication conforme \u00e0 la norme ISO<\/p>","protected":false},"excerpt":{"rendered":"<p>Hamamatsu Industrial Microfocus X-Ray Tubes FEATURES APPLICATIONS<br \/>\n\u26ab Focal Spot Size: 1-5 um<br \/>\nThe focal spot of 1-5 um of the sealed type X-ray tube enables sharp and clear X-ray images even at a high magnification.<br \/>\nEasy Handling<br \/>\nFully operable from an external PC.<br \/>\nSerial Port Control (RS-232C)<br \/>\nOne package of a sealed type X-ray tube, a high-voltage power supply and a control function.<br \/>\nNon-destructive Inspection<br \/>\nX-ray CT<br \/>\nIn-line X-ray Inspection<br \/>\n[Applicable Objects]<br \/>\n\u2022 Electronic, component<br \/>\n\u2022 Printed circuit board<br \/>\n\u2022 Plastic component<br \/>\n\u2022 Metal component<br \/>\n90KV Hamamatsu Microfocus X-ray Tube\uff0890Kv\uff0c110KV,130KV optional\uff09<br \/>\nThe Hamamatsu Microfocus X-ray sources were developed specifically for X-ray non-destructive inspection. These X-ray sources use an X-ray tube with a small focal spot of several micro-meters to 10 micro-meters, capable of producing a clear X-ray image even at a high magnification. The RS-232C interface is provided as a standard feature, allowing automatic operation by external control.<\/p>\n<p>The X-ray tube has an air-cooled and hermetically sealed structure, and is integrated with its high voltage power supply for easy handling. (High voltage cables are not required.)<\/p>\n<p>Hamamatsu Industrial Microfocus X-Ray Tubes Model list<br \/>\nHamamatsu L11831-01<br \/>\nHamamatsu L9631<br \/>\nHamamatsu L9181-02<br \/>\nHamamatsu L9181-05<br \/>\nHamamatsu L12161-07<br \/>\nHamamatsu L11831<br \/>\nHamamatsu L9181<br \/>\nHamamatsu L10941<br \/>\nHamamatsu L10941-01<br \/>\nHamamatsu L10941-05<br \/>\nHamamatsu L12531<br \/>\nHamamatsu L14351-02<br \/>\nHamamatsu V10905P<br \/>\nHamamatsu V10905P-01<br \/>\nHamamatsu V7227P-03<\/p>\n","protected":false},"featured_media":23004,"comment_status":"closed","ping_status":"closed","template":"","meta":{"iawp_total_views":85},"etheme_brands":[],"product_brand":[],"product_cat":[137],"product_tag":[],"class_list":{"0":"post-23002","1":"product","2":"type-product","3":"status-publish","4":"has-post-thumbnail","6":"product_cat-x-ray-inspection","8":"first","9":"instock","10":"shipping-taxable","11":"product-type-simple"},"_links":{"self":[{"href":"https:\/\/v2smt.com\/fr\/wp-json\/wp\/v2\/product\/23002","targetHints":{"allow":["GET"]}}],"collection":[{"href":"https:\/\/v2smt.com\/fr\/wp-json\/wp\/v2\/product"}],"about":[{"href":"https:\/\/v2smt.com\/fr\/wp-json\/wp\/v2\/types\/product"}],"replies":[{"embeddable":true,"href":"https:\/\/v2smt.com\/fr\/wp-json\/wp\/v2\/comments?post=23002"}],"version-history":[{"count":0,"href":"https:\/\/v2smt.com\/fr\/wp-json\/wp\/v2\/product\/23002\/revisions"}],"wp:featuredmedia":[{"embeddable":true,"href":"https:\/\/v2smt.com\/fr\/wp-json\/wp\/v2\/media\/23004"}],"wp:attachment":[{"href":"https:\/\/v2smt.com\/fr\/wp-json\/wp\/v2\/media?parent=23002"}],"wp:term":[{"taxonomy":"brand","embeddable":true,"href":"https:\/\/v2smt.com\/fr\/wp-json\/wp\/v2\/etheme_brands?post=23002"},{"taxonomy":"product_brand","embeddable":true,"href":"https:\/\/v2smt.com\/fr\/wp-json\/wp\/v2\/product_brand?post=23002"},{"taxonomy":"product_cat","embeddable":true,"href":"https:\/\/v2smt.com\/fr\/wp-json\/wp\/v2\/product_cat?post=23002"},{"taxonomy":"product_tag","embeddable":true,"href":"https:\/\/v2smt.com\/fr\/wp-json\/wp\/v2\/product_tag?post=23002"}],"curies":[{"name":"wp","href":"https:\/\/api.w.org\/{rel}","templated":true}]}}