{"id":22986,"date":"2025-05-08T07:54:04","date_gmt":"2025-05-08T07:54:04","guid":{"rendered":"https:\/\/v2smt.com\/?post_type=product&#038;p=22986"},"modified":"2025-05-08T07:54:04","modified_gmt":"2025-05-08T07:54:04","slug":"xrf-x-ray-fluorescence-8000","status":"publish","type":"product","link":"https:\/\/v2smt.com\/fr\/products\/xrf-x-ray-fluorescence-8000\/","title":{"rendered":"XRF Fluorescence des rayons X 8000"},"content":{"rendered":"<p>XRF Fluorescence des rayons X 8000 Applications<br \/>\nIl est principalement utilis\u00e9 pour la d\u00e9tection d'\u00e9l\u00e9ments tels que le plomb (Pb), le mercure (Hg), le cadmium (Cd), le chrome total (Cr) et le brome total (Br) contenus dans les produits \u00e9lectroniques et \u00e9lectriques contr\u00f4l\u00e9s par des r\u00e9glementations. Il est utilis\u00e9 pour la d\u00e9tection du chlore (Cl) et du brome (Br) dans les produits contr\u00f4l\u00e9s par les halog\u00e8nes.<\/p>\n<p>Conforme aux r\u00e9glementations mondiales sur les substances dangereuses et aux m\u00e9thodes d'essai<br \/>\nL'analyseur XRF X-ray Fluorescence 8000 a \u00e9t\u00e9 approuv\u00e9 comme outil de d\u00e9pistage dans les essais de produits de consommation afin de d\u00e9terminer si le produit est conforme aux r\u00e9glementations et m\u00e9thodes d'essai mondiales sur les substances dangereuses suivantes :<br \/>\n- Directive europ\u00e9enne RoHS (2011\/65\/EU)<br \/>\n- Directive RoHS de la Chine (ACPEIP)<br \/>\n- Japon RoHS<br \/>\n- Directive cor\u00e9enne RoHS<br \/>\n- Loi am\u00e9ricaine sur l'am\u00e9lioration de la s\u00e9curit\u00e9 des produits de consommation (CPSIA) (HR4040)<br \/>\n- Directive am\u00e9ricaine sur la restriction des substances sans halog\u00e8ne<br \/>\n- Proposition 65 de la Californie<br \/>\n- US CPSC-CH-E1002-08 SOP proc\u00e9dure op\u00e9rationnelle standard<\/p>\n<p>XRF Fluorescence des rayons X 8000 Introduction <\/p>\n<p>XRF X-ray Fluorescence 8000 est un mod\u00e8le haut de gamme dot\u00e9 d'un double syst\u00e8me de protection contre les radiations, d'une interface de fonctionnement humanis\u00e9e, d'une application compl\u00e8te de la m\u00e9thode du coefficient empirique et du logiciel d'analyse V1.0 de la m\u00e9thode des param\u00e8tres de base. Les analyses \u00e9l\u00e9mentaires vont de S \u00e0 U. Il peut d\u00e9tecter le plomb (Pb), le mercure (Hg), le cadmium (Cd), le brome total (Br) et le chrome total (Cr) dans les r\u00e9glementations, et peut \u00e9galement d\u00e9tecter le chlore (Cl) et le brome (Br) dans l'\u00e9l\u00e9ment de la directive sans halog\u00e8ne. La fonction de courbe de travail ouverte bien con\u00e7ue est particuli\u00e8rement adapt\u00e9e au contr\u00f4le des processus de fabrication de divers mat\u00e9riaux. Compar\u00e9 aux instruments traditionnels courants dans l'industrie, ce mod\u00e8le pr\u00e9sente les avantages d'une analyse et d'une identification rapides des anomalies des mat\u00e9riaux dans l'industrie actuelle. Il est bas\u00e9 sur une solution syst\u00e8me efficace et pr\u00e9cise qui r\u00e9pond parfaitement aux exigences des clients en mati\u00e8re de contr\u00f4le HSF. Le principe de cette solution est clair, la m\u00e9thode est r\u00e9alisable et l'effet est remarquable.<\/p>\n<p>Mat\u00e9riaux anormaux : la fonction originale de comparaison de l'ensemble du spectre, le suivi en temps r\u00e9el des anomalies des mat\u00e9riaux du fournisseur et l'avertissement en temps utile, pr\u00e9sentent des avantages in\u00e9gal\u00e9s en mati\u00e8re de contr\u00f4le des fournisseurs et des produits sans halog\u00e8ne.<\/p>\n<p>XRF Fluorescence X 8000 conditions de travail\uff1a<\/p>\n<p>Temp\u00e9rature de fonctionnement\uff1a15-30\u2103<br \/>\nHumidit\u00e9 relative\uff1a40%\uff5e50%<br \/>\nAlimentation\uff1aAC :220V \u00b15V<br \/>\nPoids net\uff1a42Kg<br \/>\nTaille de l'\u00e9quipement\uff1a525mm\uff08W)\uff0a390mm(D)\uff0a360mm(H)<br \/>\nTaille de la chambre \u00e0 \u00e9chantillon\uff1a439*300*50mm<\/p>\n<p>XRF Fluorescence X 8000 Performances techniques et indicateurs :<br \/>\n\uf06cThe La gamme d'analyses \u00e9l\u00e9mentaires s'\u00e9tend du magn\u00e9sium (Mg) \u00e0 l'uranium (U).<br \/>\n\uf06cThe La plage d'analyse de la teneur en \u00e9l\u00e9ments est comprise entre 1 PPm et 99,99%.<br \/>\n\uf06cMeasurement dur\u00e9e : 100-300 secondes.<br \/>\n\uf06cThe La limite de d\u00e9tection des \u00e9l\u00e9ments nocifs sp\u00e9cifi\u00e9s dans la directive RoHS (limit\u00e9e \u00e0 Cd\/Pb\/Cr\/Hg\/Br) peut atteindre jusqu'\u00e0 1PPM.<br \/>\n\uf06cAt en m\u00eame temps, il peut analyser des dizaines d'\u00e9l\u00e9ments ou plus et cinq couches de rev\u00eatements<br \/>\n\uf06cThe La limite de d\u00e9tection de l'analyse peut atteindre 2ppm, et l'analyse de placage peut analyser des \u00e9chantillons d'une \u00e9paisseur de 0,005um.<br \/>\n\uf06cPower alimentation : AC 220V \u00b1 5V. (Il est recommand\u00e9 de configurer une alimentation stabilis\u00e9e pour la purification du courant alternatif).<br \/>\n\uf06cThe L'\u00e9paisseur du rev\u00eatement est g\u00e9n\u00e9ralement de 30 \u03bc \u00e0 l'int\u00e9rieur du m\u00e8tre (diff\u00e9rente pour chaque mat\u00e9riau).<br \/>\n\uf06cMultiple mod\u00e8les d'analyse et d'identification s\u00e9lectionnables.<br \/>\n\uf06cIndependent mod\u00e8le de correction des effets de la matrice.<br \/>\n\uf06cMultivariable programme de r\u00e9cup\u00e9ration non lin\u00e9aire<br \/>\n\uf06cThe La r\u00e9p\u00e9tabilit\u00e9 des mesures multiples de l'\u00e9paisseur du rev\u00eatement peut atteindre 0,1%<br \/>\n\uf06cThe La stabilit\u00e9 \u00e0 long terme de la mesure de l'\u00e9paisseur du rev\u00eatement peut atteindre 0,1%<br \/>\n\uf06cThe La r\u00e9solution \u00e9nerg\u00e9tique est de 144 \u00b1 5 \u00e9lectronvolts.<br \/>\n\uf06cThe La plage d'adaptation de la temp\u00e9rature est comprise entre 15 \u2103 et 30 \u2103.<\/p>\n<p>XRF Fluorescence des rayons X 8000 Caract\u00e9ristiques du produit<br \/>\n\uf06cA produit sp\u00e9cialement con\u00e7u pour les directives environnementales telles que ROHS et EN71.<br \/>\n\uf06cBreaking Loin de la conception droite traditionnelle des instruments, cet instrument est \u00e0 la mode et \u00e9l\u00e9gant, gr\u00e2ce \u00e0 sa conception int\u00e9gr\u00e9e et rationalis\u00e9e.<br \/>\n\uf06cUsing Le d\u00e9tecteur am\u00e9ricain Amptek SDD, qui est refroidi \u00e9lectriquement au lieu d'\u00eatre refroidi \u00e0 l'azote liquide, pr\u00e9sente un petit volume, une analyse pr\u00e9cise des donn\u00e9es et un faible co\u00fbt d'entretien.<br \/>\n\uf06cAdopting un syst\u00e8me de traitement des signaux SES d\u00e9velopp\u00e9 par l'entreprise, am\u00e9liorant efficacement la sensibilit\u00e9 des mesures et les rendant plus pr\u00e9cises.<br \/>\n\uf06cOne test automatique par clic, plus simple \u00e0 utiliser, plus pratique et plus convivial.<br \/>\n\uf06cSeven types de syst\u00e8mes de correction du chemin optique et de collimation, commutation automatique en fonction des diff\u00e9rents \u00e9chantillons.<br \/>\n\uf06cMultiple Conception de pr\u00e9vention des fuites de rayonnements, avec un niveau de protection contre les rayonnements parmi les plus \u00e9lev\u00e9s des produits similaires.<br \/>\n\uf06cAdvanced La conception de la dissipation thermique int\u00e9gr\u00e9e am\u00e9liore consid\u00e9rablement les performances globales de la machine en mati\u00e8re de dissipation thermique, garantissant ainsi un fonctionnement s\u00fbr des principaux composants.<br \/>\n\uf06cThe La technologie unique de contr\u00f4le de la temp\u00e9rature du mouvement 1.7.9 garantit un fonctionnement s\u00fbr et fiable de la source de rayons X, prolonge efficacement sa dur\u00e9e de vie et r\u00e9duit les co\u00fbts d'utilisation.<br \/>\n\uf06cMultiple Syst\u00e8me de protection des accessoires de l'instrument, qui peut \u00eatre enti\u00e8rement contr\u00f4l\u00e9 par logiciel, ce qui rend le fonctionnement de l'instrument plus stable et plus s\u00fbr.<br \/>\n\uf06cROHS logiciel de test d\u00e9di\u00e9 avec une fen\u00eatre standard, une interface conviviale et une utilisation facile.<br \/>\n\uf06cThis La machine adopte l'interface USB2.0, ce qui garantit une transmission pr\u00e9cise, rapide et efficace des donn\u00e9es\u3002<\/p>\n<p>Avantages<br \/>\n1. Pr\u00e9cision : courbe de travail ouverte, avec une zone de travail sp\u00e9cifique pour tester les mat\u00e9riaux de contr\u00f4le des cl\u00e9s.<br \/>\n2. Rapidit\u00e9 : M\u00e9thode d'analyse rapide par comparaison de spectres d\u00e9velopp\u00e9e par l'entreprise elle-m\u00eame, fonction d'avertissement en temps utile des changements de mat\u00e9riaux des fournisseurs.<br \/>\n3. S\u00e9curit\u00e9 : Double protection contre les rayons X (logiciel, mat\u00e9riel, conception du labyrinthe), afin de garantir la s\u00e9curit\u00e9 personnelle des op\u00e9rateurs et les dommages caus\u00e9s par les radiations en cas d'utilisation accidentelle.<br \/>\n4. La conception de la grande salle d'\u00e9chantillonnage offre un espace plus grand que le mod\u00e8le traditionnel.<br \/>\n5. L'adoption d'une nouvelle conception du chemin optique permet de r\u00e9duire la limite de d\u00e9tection de l'\u00e9l\u00e9ment chlore (Cl).<br \/>\n6. Fournir une plate-forme ouverte d'\u00e9talonnage de la courbe de travail, qui peut \u00eatre personnalis\u00e9e en fonction du sch\u00e9ma de d\u00e9tection pour le contr\u00f4le des substances nocives pour les utilisateurs.<br \/>\n7. Le premier logiciel d'analyse XRF au monde int\u00e8gre des m\u00e9thodes d'analyse, notamment la m\u00e9thode du coefficient empirique et la m\u00e9thode des param\u00e8tres fondamentaux (m\u00e9thode FP).<br \/>\n8. Garantir pleinement l'exactitude des donn\u00e9es d'essai.<br \/>\n9. Le format de sortie du rapport d'essai (Excel, PDF, etc.) peut \u00eatre personnalis\u00e9 en fonction des exigences de l'utilisateur, ce qui permet de r\u00e9pondre aux diverses exigences de l'usine en mati\u00e8re de statistiques et de format.<br \/>\n10. L'interface logicielle est disponible en plusieurs langues.<\/p>","protected":false},"excerpt":{"rendered":"<p>XRF X-ray Fluorescence 8000 Applications It is mainly used for the detection of elements such as lead (Pb), mercury (Hg),&#8230;<\/p>","protected":false},"featured_media":22989,"comment_status":"closed","ping_status":"closed","template":"","meta":{"iawp_total_views":14},"etheme_brands":[{"term_id":181,"name":"XRF","slug":"xrf","term_group":0,"term_taxonomy_id":181,"taxonomy":"brand","description":"","parent":0,"count":3,"filter":"raw"}],"product_brand":[],"product_cat":[137],"product_tag":[],"class_list":{"0":"post-22986","1":"product","2":"type-product","3":"status-publish","4":"has-post-thumbnail","6":"brand-xrf","7":"product_cat-x-ray-inspection","9":"first","10":"instock","11":"shipping-taxable","12":"product-type-simple"},"_links":{"self":[{"href":"https:\/\/v2smt.com\/fr\/wp-json\/wp\/v2\/product\/22986","targetHints":{"allow":["GET"]}}],"collection":[{"href":"https:\/\/v2smt.com\/fr\/wp-json\/wp\/v2\/product"}],"about":[{"href":"https:\/\/v2smt.com\/fr\/wp-json\/wp\/v2\/types\/product"}],"replies":[{"embeddable":true,"href":"https:\/\/v2smt.com\/fr\/wp-json\/wp\/v2\/comments?post=22986"}],"version-history":[{"count":0,"href":"https:\/\/v2smt.com\/fr\/wp-json\/wp\/v2\/product\/22986\/revisions"}],"wp:featuredmedia":[{"embeddable":true,"href":"https:\/\/v2smt.com\/fr\/wp-json\/wp\/v2\/media\/22989"}],"wp:attachment":[{"href":"https:\/\/v2smt.com\/fr\/wp-json\/wp\/v2\/media?parent=22986"}],"wp:term":[{"taxonomy":"brand","embeddable":true,"href":"https:\/\/v2smt.com\/fr\/wp-json\/wp\/v2\/etheme_brands?post=22986"},{"taxonomy":"product_brand","embeddable":true,"href":"https:\/\/v2smt.com\/fr\/wp-json\/wp\/v2\/product_brand?post=22986"},{"taxonomy":"product_cat","embeddable":true,"href":"https:\/\/v2smt.com\/fr\/wp-json\/wp\/v2\/product_cat?post=22986"},{"taxonomy":"product_tag","embeddable":true,"href":"https:\/\/v2smt.com\/fr\/wp-json\/wp\/v2\/product_tag?post=22986"}],"curies":[{"name":"wp","href":"https:\/\/api.w.org\/{rel}","templated":true}]}}